{"id":18752,"date":"2026-02-27T00:41:23","date_gmt":"2026-02-27T00:41:23","guid":{"rendered":"https:\/\/nordicmart.andreevmaster.com\/product\/songmics-sminkbordspall-med-rosmonster\/"},"modified":"2026-02-27T08:29:37","modified_gmt":"2026-02-27T08:29:37","slug":"songmics-sminkbordspall-med-rosmonster","status":"publish","type":"product","link":"https:\/\/nordicmart.andreevmaster.com\/sv\/produkt\/songmics-sminkbordspall-med-rosmonster\/","title":{"rendered":"SONGMICS sminkbordspall med rosm\u00f6nster"},"content":{"rendered":"<p>Med f\u00f6rstklassigt MDF-material och tjockt vadderad sits \u00e4r Songmics pall av h\u00f6g kvalitet. F\u00f6rutom sin eleganta design \u00e4r sminkpallen extremt praktisk. Den vita lackeringen ger pallen ett modernt, elegant och rent utseende! Pallen \u00e4r v\u00e4l vadderad, vilket ger maximal sittkomfort. Den kan enkelt reng\u00f6ras med en fuktig trasa. Anvisningar: &#8211; F\u00f6r att undvika att pallen v\u00e4lter, sitt inte p\u00e5 stolskanten. Skaka inte p\u00e5 pallen och l\u00e5t dig inte bara falla ner p\u00e5 den. N\u00e4r du sitter ska hela sitsen anv\u00e4ndas och alla fyra benen ska alltid vara p\u00e5 golvet. &#8211; F\u00f6r att s\u00e4kerst\u00e4lla pallens stabilitet under l\u00e5ng tid, kontrollera regelbundet skruvf\u00e4stenas skick. Vid intensiv anv\u00e4ndning rekommenderas att skruvarna dras \u00e5t varannan vecka. &#8211; Anv\u00e4nd inte en akkskruvdragare f\u00f6r montering, utan den medf\u00f6ljande inbussnyckeln. &#8211; Undvik generellt all kontakt mellan ytan och vassa eller spetsiga f\u00f6rem\u00e5l f\u00f6r att undvika repor. &#8211; F\u00f6rs\u00f6k inte montera pallen med v\u00e5ld. Detta skadar produkten.Vid problem, v\u00e4nligen kontakta v\u00e5r kundtj\u00e4nst. F\u00f6r att de f\u00f6rborrade g\u00e4ngorna i benen inte ska skadas och skruvarna inte sitter snett, skruva f\u00f6rst in skruvarna vid montering av benen efter att alla borrh\u00e5l har anpassats till varandra. Produktdetaljer: &#8211; M\u00e5tt: 50 x 40 x 30 cm &#8211; Tjocklek p\u00e5 pallben: 3,9 cm &#8211; F\u00f6rpackningsm\u00e5tt: 48 x 32 x 22 cm Vikt: 3,3 kg &#8211; Material: Massivt tr\u00e4 + MDF (medeldensitetsfiberplatta) klass E1 Leveransomfattning: -1x stoppad pall -1 x beslagsp\u00e5se -1x monteringsanvisning (DE, FR, GB, ES, IT)<\/p>\n","protected":false},"excerpt":{"rendered":"<p>SONGMICS pall, stoppad pall, sittpall, sminkpall, tr\u00e4pall f\u00f6r sminkbord med rosm\u00f6nster, sovrum, sminkbordspall, pianopall, belastningskapacitet 130 kg RDS50W<\/p>\n","protected":false},"featured_media":45734,"comment_status":"open","ping_status":"closed","template":"","meta":[],"product_brand":[],"product_cat":[33],"product_tag":[],"class_list":{"0":"post-18752","1":"product","2":"type-product","3":"status-publish","4":"has-post-thumbnail","6":"product_cat-okategoriserad","8":"first","9":"instock","10":"shipping-taxable","11":"purchasable","12":"product-type-simple"},"_links":{"self":[{"href":"https:\/\/nordicmart.andreevmaster.com\/sv\/wp-json\/wp\/v2\/product\/18752","targetHints":{"allow":["GET"]}}],"collection":[{"href":"https:\/\/nordicmart.andreevmaster.com\/sv\/wp-json\/wp\/v2\/product"}],"about":[{"href":"https:\/\/nordicmart.andreevmaster.com\/sv\/wp-json\/wp\/v2\/types\/product"}],"replies":[{"embeddable":true,"href":"https:\/\/nordicmart.andreevmaster.com\/sv\/wp-json\/wp\/v2\/comments?post=18752"}],"wp:featuredmedia":[{"embeddable":true,"href":"https:\/\/nordicmart.andreevmaster.com\/sv\/wp-json\/wp\/v2\/media\/45734"}],"wp:attachment":[{"href":"https:\/\/nordicmart.andreevmaster.com\/sv\/wp-json\/wp\/v2\/media?parent=18752"}],"wp:term":[{"taxonomy":"product_brand","embeddable":true,"href":"https:\/\/nordicmart.andreevmaster.com\/sv\/wp-json\/wp\/v2\/product_brand?post=18752"},{"taxonomy":"product_cat","embeddable":true,"href":"https:\/\/nordicmart.andreevmaster.com\/sv\/wp-json\/wp\/v2\/product_cat?post=18752"},{"taxonomy":"product_tag","embeddable":true,"href":"https:\/\/nordicmart.andreevmaster.com\/sv\/wp-json\/wp\/v2\/product_tag?post=18752"}],"curies":[{"name":"wp","href":"https:\/\/api.w.org\/{rel}","templated":true}]}}