{"id":18751,"date":"2026-02-27T00:41:23","date_gmt":"2026-02-27T00:41:23","guid":{"rendered":"https:\/\/nordicmart.andreevmaster.com\/product\/songmics-sminkbordspall-med-rosdekoration\/"},"modified":"2026-02-27T08:29:37","modified_gmt":"2026-02-27T08:29:37","slug":"songmics-sminkbordspall-med-rosdekoration","status":"publish","type":"product","link":"https:\/\/nordicmart.andreevmaster.com\/sv\/produkt\/songmics-sminkbordspall-med-rosdekoration\/","title":{"rendered":"SONGMICS sminkbordspall med rosdekoration"},"content":{"rendered":"<p>G\u00f6r din sk\u00f6nhetsh\u00f6rna perfekt. G\u00f6r din sk\u00f6nhetsh\u00f6rna r\u00e4ttvisa och ers\u00e4tt den instabila campingstolen som st\u00e5tt alldeles f\u00f6r l\u00e4nge framf\u00f6r ditt sminkbord med denna charmiga stoppade pall. Dess elegant sv\u00e4ngda ben och vackra ros\u00f6nster \u00e4r den efterl\u00e4ngtade kompletteringen till ditt romantiska sminkbord. Liten men effektiv! Denna sminkpall ser visserligen liten och enkel ut. Men den har mycket att erbjuda: Tack vare de fyra benen i massivt tr\u00e4 och den stabila MDF-sitsen t\u00e5l pallen en belastning p\u00e5 upp till 130 kg. Den tjocka skumdynan ger dessutom h\u00f6g sittkomfort.Produktdetaljer: F\u00e4rg: Vit Material: Massivt tr\u00e4 + MDF (medeldensitetsfiberplatta) klass E1 Storlek: 45 x 37 x 28 cm Tjocklek p\u00e5 pallens ben: 3,9 cm Max. statisk belastningskapacitet: 130 kg Leveransomfattning: 1x stoppad pall 1x monteringsanvisning (DE, FR, GB, ES, IT)<\/p>\n","protected":false},"excerpt":{"rendered":"<p>SONGMICS sminkbordspall, stoppad pall, sittpall, sminkpall, pianopall, pall f\u00f6r sminkbord, med rosm\u00f6nster, sovrum, belastbarhet upp till 130 kg, vit RDS45W<\/p>\n","protected":false},"featured_media":45733,"comment_status":"open","ping_status":"closed","template":"","meta":[],"product_brand":[],"product_cat":[33],"product_tag":[],"class_list":{"0":"post-18751","1":"product","2":"type-product","3":"status-publish","4":"has-post-thumbnail","6":"product_cat-okategoriserad","8":"first","9":"instock","10":"shipping-taxable","11":"purchasable","12":"product-type-simple"},"_links":{"self":[{"href":"https:\/\/nordicmart.andreevmaster.com\/sv\/wp-json\/wp\/v2\/product\/18751","targetHints":{"allow":["GET"]}}],"collection":[{"href":"https:\/\/nordicmart.andreevmaster.com\/sv\/wp-json\/wp\/v2\/product"}],"about":[{"href":"https:\/\/nordicmart.andreevmaster.com\/sv\/wp-json\/wp\/v2\/types\/product"}],"replies":[{"embeddable":true,"href":"https:\/\/nordicmart.andreevmaster.com\/sv\/wp-json\/wp\/v2\/comments?post=18751"}],"wp:featuredmedia":[{"embeddable":true,"href":"https:\/\/nordicmart.andreevmaster.com\/sv\/wp-json\/wp\/v2\/media\/45733"}],"wp:attachment":[{"href":"https:\/\/nordicmart.andreevmaster.com\/sv\/wp-json\/wp\/v2\/media?parent=18751"}],"wp:term":[{"taxonomy":"product_brand","embeddable":true,"href":"https:\/\/nordicmart.andreevmaster.com\/sv\/wp-json\/wp\/v2\/product_brand?post=18751"},{"taxonomy":"product_cat","embeddable":true,"href":"https:\/\/nordicmart.andreevmaster.com\/sv\/wp-json\/wp\/v2\/product_cat?post=18751"},{"taxonomy":"product_tag","embeddable":true,"href":"https:\/\/nordicmart.andreevmaster.com\/sv\/wp-json\/wp\/v2\/product_tag?post=18751"}],"curies":[{"name":"wp","href":"https:\/\/api.w.org\/{rel}","templated":true}]}}