{"id":18750,"date":"2026-02-27T00:41:23","date_gmt":"2026-02-27T00:41:23","guid":{"rendered":"https:\/\/nordicmart.andreevmaster.com\/product\/songmics-sminkbordspall-rund-vit\/"},"modified":"2026-02-27T08:29:37","modified_gmt":"2026-02-27T08:29:37","slug":"songmics-sminkbordspall-rund-vit","status":"publish","type":"product","link":"https:\/\/nordicmart.andreevmaster.com\/sv\/produkt\/songmics-sminkbordspall-rund-vit\/","title":{"rendered":"SONGMICS sminkbordspall Rund Vit"},"content":{"rendered":"<p>G\u00f6r din sk\u00f6nhetsh\u00f6rna perfekt: G\u00f6r din sk\u00f6nhetsh\u00f6rna r\u00e4ttvisa och ers\u00e4tt den instabila campingstolen som st\u00e5tt framf\u00f6r ditt sminkbord alldeles f\u00f6r l\u00e4nge med denna charmiga stoppade pall. Dess elegant dekorerade ben och vita lackering \u00e4r det efterl\u00e4ngtade komplementet till ditt romantiska sminkbord. Extra stor sittyta: Denna sminkpall ser visserligen liten och enkel ut. Men den har mycket att erbjuda: Tack vare de fyra benen i massivt tr\u00e4 och den stabila MDF-sitsen t\u00e5l pallen en belastning p\u00e5 upp till 130 kg. Den tjocka skumdynan p\u00e5 den stora runda sitsen ger dessutom h\u00f6g sittkomfort. Produktdetaljer: F\u00e4rg: Vit Material: Kautschuktr\u00e4 (ben), MDF (medeldensitetsfiberplatta), skumplast, polyester Storlek: 42 x 45 cm (\u00d8 x H) Vikt: 7,5 kg Max. statisk belastningskapacitet: 130 kg Leveransomfattning: 1 x sminkbordspall 1 x monterings tillbeh\u00f6r 1 x instruktioner (DE, EN, ES, IT, FR) SONGMICS Anm\u00e4rkningar:Anv\u00e4nd produkten endast inomhus och placera den inte i en fuktig milj\u00f6 under l\u00e4ngre tid. S\u00e4tt dig inte p\u00e5 kanten av pallen och placera den p\u00e5 ett plant underlag f\u00f6r att undvika att den v\u00e4lter. Undvik all kontakt mellan ytan och vassa eller spetsiga f\u00f6rem\u00e5l samt aggressiva kemiska \u00e4mnen.<\/p>\n","protected":false},"excerpt":{"rendered":"<p>SONGMICS sminkbordspall rund, stoppad pall, sittpall med gummiben, pall f\u00f6r sminkbord, pianopall, sovrum, badrum, belastningskapacitet upp till 130 kg, vit RDS108WT<\/p>\n","protected":false},"featured_media":45732,"comment_status":"open","ping_status":"closed","template":"","meta":[],"product_brand":[],"product_cat":[33],"product_tag":[],"class_list":{"0":"post-18750","1":"product","2":"type-product","3":"status-publish","4":"has-post-thumbnail","6":"product_cat-okategoriserad","8":"first","9":"instock","10":"shipping-taxable","11":"purchasable","12":"product-type-simple"},"_links":{"self":[{"href":"https:\/\/nordicmart.andreevmaster.com\/sv\/wp-json\/wp\/v2\/product\/18750","targetHints":{"allow":["GET"]}}],"collection":[{"href":"https:\/\/nordicmart.andreevmaster.com\/sv\/wp-json\/wp\/v2\/product"}],"about":[{"href":"https:\/\/nordicmart.andreevmaster.com\/sv\/wp-json\/wp\/v2\/types\/product"}],"replies":[{"embeddable":true,"href":"https:\/\/nordicmart.andreevmaster.com\/sv\/wp-json\/wp\/v2\/comments?post=18750"}],"wp:featuredmedia":[{"embeddable":true,"href":"https:\/\/nordicmart.andreevmaster.com\/sv\/wp-json\/wp\/v2\/media\/45732"}],"wp:attachment":[{"href":"https:\/\/nordicmart.andreevmaster.com\/sv\/wp-json\/wp\/v2\/media?parent=18750"}],"wp:term":[{"taxonomy":"product_brand","embeddable":true,"href":"https:\/\/nordicmart.andreevmaster.com\/sv\/wp-json\/wp\/v2\/product_brand?post=18750"},{"taxonomy":"product_cat","embeddable":true,"href":"https:\/\/nordicmart.andreevmaster.com\/sv\/wp-json\/wp\/v2\/product_cat?post=18750"},{"taxonomy":"product_tag","embeddable":true,"href":"https:\/\/nordicmart.andreevmaster.com\/sv\/wp-json\/wp\/v2\/product_tag?post=18750"}],"curies":[{"name":"wp","href":"https:\/\/api.w.org\/{rel}","templated":true}]}}