{"id":18749,"date":"2026-02-27T00:41:22","date_gmt":"2026-02-27T00:41:22","guid":{"rendered":"https:\/\/nordicmart.andreevmaster.com\/product\/songmics-bedarande-sminkbordspall\/"},"modified":"2026-02-27T08:29:37","modified_gmt":"2026-02-27T08:29:37","slug":"songmics-bedarande-sminkbordspall","status":"publish","type":"product","link":"https:\/\/nordicmart.andreevmaster.com\/sv\/produkt\/songmics-bedarande-sminkbordspall\/","title":{"rendered":"SONGMICS Bed\u00e5rande sminkbordspall"},"content":{"rendered":"<p>Ett bra sminkbord f\u00f6rtj\u00e4nar en bra pall F\u00f6r att ge dig h\u00f6g komfort n\u00e4r du sminkar dig erbjuder SONGMICS denna nya pall. Den imponerar med sitt eleganta utseende och sin premiumkvalitet. Med denna m\u00f6bel i rent vitt f\u00e5r du ditt rum att verka ljust och samtidigt ger den ditt hem en modern touch. Blomdekorationen och benen med sv\u00e4ngda linjer g\u00f6r pallen till ett blickf\u00e5ng. H\u00e5ller i m\u00e5nga \u00e5r J\u00e4mf\u00f6rt med ben av furu \u00e4r ben av gummitr\u00e4 mer robusta och b\u00e4ttre fuktbest\u00e4ndiga, vilket ger god stabilitet. Kuddarna av sv\u00e5rant\u00e4ndligt skum och tygkl\u00e4dseln har klarat T\u00dcV Rheinlands test inom omr\u00e5det &#8221;ant\u00e4ndlighet&#8221; (testrapport nr: 0154237535a001, rapportinnehavare: leverant\u00f6r). Klicka p\u00e5 &#8221;L\u00e4gg i varukorgen&#8221; och berika din sminkh\u00f6rna med denna sminkpall fr\u00e5n SONGMICS.Produktdetaljer: &#8211; F\u00e4rg: vit &#8211; Material: gummitr\u00e4, MDF-skivor, linnetyg &#8211; M\u00e5tt: 40,5 x 46 x 30,5 cm (B x H x D) &#8211; Vikt: 4,3 kg &#8211; Max. belastbarhet: 130 kg Leveransomfattning: &#8211; 1 x stoppad pall &#8211; 1 x verktyg &#8211; 1 x tillbeh\u00f6rsp\u00e5se &#8211; 1 x bruksanvisning (DE, EN, FR, ES, IT) SONGMICS Anm\u00e4rkningar: &#8211; Produkten b\u00f6r inte uts\u00e4ttas f\u00f6r intensivt solljus. &#8211; H\u00e5ll produkten borta fr\u00e5n vassa f\u00f6rem\u00e5l f\u00f6r att undvika repor.<\/p>\n","protected":false},"excerpt":{"rendered":"<p>SONGMICS pall, sminkpall, bekv\u00e4m stoppad pall, pianopall, skopall, ben av gummitr\u00e4, med rosdekoration, vit RDS06WT<\/p>\n","protected":false},"featured_media":45731,"comment_status":"open","ping_status":"closed","template":"","meta":[],"product_brand":[],"product_cat":[33],"product_tag":[],"class_list":{"0":"post-18749","1":"product","2":"type-product","3":"status-publish","4":"has-post-thumbnail","6":"product_cat-okategoriserad","8":"first","9":"instock","10":"shipping-taxable","11":"purchasable","12":"product-type-simple"},"_links":{"self":[{"href":"https:\/\/nordicmart.andreevmaster.com\/sv\/wp-json\/wp\/v2\/product\/18749","targetHints":{"allow":["GET"]}}],"collection":[{"href":"https:\/\/nordicmart.andreevmaster.com\/sv\/wp-json\/wp\/v2\/product"}],"about":[{"href":"https:\/\/nordicmart.andreevmaster.com\/sv\/wp-json\/wp\/v2\/types\/product"}],"replies":[{"embeddable":true,"href":"https:\/\/nordicmart.andreevmaster.com\/sv\/wp-json\/wp\/v2\/comments?post=18749"}],"wp:featuredmedia":[{"embeddable":true,"href":"https:\/\/nordicmart.andreevmaster.com\/sv\/wp-json\/wp\/v2\/media\/45731"}],"wp:attachment":[{"href":"https:\/\/nordicmart.andreevmaster.com\/sv\/wp-json\/wp\/v2\/media?parent=18749"}],"wp:term":[{"taxonomy":"product_brand","embeddable":true,"href":"https:\/\/nordicmart.andreevmaster.com\/sv\/wp-json\/wp\/v2\/product_brand?post=18749"},{"taxonomy":"product_cat","embeddable":true,"href":"https:\/\/nordicmart.andreevmaster.com\/sv\/wp-json\/wp\/v2\/product_cat?post=18749"},{"taxonomy":"product_tag","embeddable":true,"href":"https:\/\/nordicmart.andreevmaster.com\/sv\/wp-json\/wp\/v2\/product_tag?post=18749"}],"curies":[{"name":"wp","href":"https:\/\/api.w.org\/{rel}","templated":true}]}}