{"id":18748,"date":"2026-02-27T00:41:22","date_gmt":"2026-02-27T00:41:22","guid":{"rendered":"https:\/\/nordicmart.andreevmaster.com\/product\/songmics-home-sminkpall-rund-boho-stil-kramvit-ekbeige\/"},"modified":"2026-02-27T08:29:36","modified_gmt":"2026-02-27T08:29:36","slug":"songmics-home-sminkpall-rund-boho-stil-kramvit-ekbeige","status":"publish","type":"product","link":"https:\/\/nordicmart.andreevmaster.com\/sv\/produkt\/songmics-home-sminkpall-rund-boho-stil-kramvit-ekbeige\/","title":{"rendered":"SONGMICS HOME sminkpall rund boho-stil kr\u00e4mvit-ekbeige"},"content":{"rendered":"<p>SONGMICS HOME BOHOVEN-kollektion \u2013 sminkpall, stoppad sminkbordspall, ben i massivt tr\u00e4, rund pall, fotpall, halkfria fotdynor, boho-stil, sovrum, kr\u00e4mvit-ekbeige<br \/>\nF\u00e4rg: kr\u00e4mvit-ekbeige<br \/>\nMaterial: Kautschuktr\u00e4, 28D h\u00f6gelastisk skumplast, boucl\u00e9-tyg, plywood<br \/>\nStorlek: 37 x 37 x 43 cm (D x B x H)<br \/>\nVikt: 3,8 kg<br \/>\nMax. total statisk belastningskapacitet: 120 kg<\/p>\n","protected":false},"excerpt":{"rendered":"<p>SONGMICS HOME BOHOVEN-kollektion \u2013 sminkpall, stoppad sminkbordspall, ben i massivt tr\u00e4, rund pall, fotpall, halkfria fotdynor, boho-stil, sovrum, kr\u00e4mvit-ekbeige<\/p>\n","protected":false},"featured_media":45730,"comment_status":"open","ping_status":"closed","template":"","meta":[],"product_brand":[],"product_cat":[33],"product_tag":[],"class_list":{"0":"post-18748","1":"product","2":"type-product","3":"status-publish","4":"has-post-thumbnail","6":"product_cat-okategoriserad","8":"first","9":"instock","10":"shipping-taxable","11":"purchasable","12":"product-type-simple"},"_links":{"self":[{"href":"https:\/\/nordicmart.andreevmaster.com\/sv\/wp-json\/wp\/v2\/product\/18748","targetHints":{"allow":["GET"]}}],"collection":[{"href":"https:\/\/nordicmart.andreevmaster.com\/sv\/wp-json\/wp\/v2\/product"}],"about":[{"href":"https:\/\/nordicmart.andreevmaster.com\/sv\/wp-json\/wp\/v2\/types\/product"}],"replies":[{"embeddable":true,"href":"https:\/\/nordicmart.andreevmaster.com\/sv\/wp-json\/wp\/v2\/comments?post=18748"}],"wp:featuredmedia":[{"embeddable":true,"href":"https:\/\/nordicmart.andreevmaster.com\/sv\/wp-json\/wp\/v2\/media\/45730"}],"wp:attachment":[{"href":"https:\/\/nordicmart.andreevmaster.com\/sv\/wp-json\/wp\/v2\/media?parent=18748"}],"wp:term":[{"taxonomy":"product_brand","embeddable":true,"href":"https:\/\/nordicmart.andreevmaster.com\/sv\/wp-json\/wp\/v2\/product_brand?post=18748"},{"taxonomy":"product_cat","embeddable":true,"href":"https:\/\/nordicmart.andreevmaster.com\/sv\/wp-json\/wp\/v2\/product_cat?post=18748"},{"taxonomy":"product_tag","embeddable":true,"href":"https:\/\/nordicmart.andreevmaster.com\/sv\/wp-json\/wp\/v2\/product_tag?post=18748"}],"curies":[{"name":"wp","href":"https:\/\/api.w.org\/{rel}","templated":true}]}}