{"id":18747,"date":"2026-02-27T00:41:22","date_gmt":"2026-02-27T00:41:22","guid":{"rendered":"https:\/\/nordicmart.andreevmaster.com\/product\/vasagle-pall-sminkbord-i-sammet-mattvit-pastellrosa\/"},"modified":"2026-02-27T08:29:36","modified_gmt":"2026-02-27T08:29:36","slug":"vasagle-pall-sminkbord-i-sammet-mattvit-pastellrosa","status":"publish","type":"product","link":"https:\/\/nordicmart.andreevmaster.com\/sv\/produkt\/vasagle-pall-sminkbord-i-sammet-mattvit-pastellrosa\/","title":{"rendered":"VASAGLE pall sminkbord i sammet mattvit-pastellrosa"},"content":{"rendered":"<p>VASAGLE pall sminkbord, stoppad pall, sminkpall i sammet, med halkfria fotdynor, f\u00f6r omkl\u00e4dningsrum, sovrum, entr\u00e9, mattvit-pastellrosa RDS001W01<br \/>\nF\u00e4rg: Mattvit-pastellrosa<br \/>\nMaterial: Sp\u00e5nskiva, h\u00f6gdensitetsfoam, sammet<br \/>\nStorlek: 28,6 x 45 x 45 cm<br \/>\nVikt: 6,9 kg<br \/>\nMax. statisk belastningskapacitet: 120 kg<\/p>\n","protected":false},"excerpt":{"rendered":"<p>VASAGLE pall sminkbord, stoppad pall, sminkpall i sammet, med halkfria fotdynor, f\u00f6r omkl\u00e4dningsrum, sovrum, entr\u00e9, mattvit-pastellrosa RDS001W01<\/p>\n","protected":false},"featured_media":45729,"comment_status":"open","ping_status":"closed","template":"","meta":[],"product_brand":[],"product_cat":[33],"product_tag":[],"class_list":{"0":"post-18747","1":"product","2":"type-product","3":"status-publish","4":"has-post-thumbnail","6":"product_cat-okategoriserad","8":"first","9":"instock","10":"shipping-taxable","11":"purchasable","12":"product-type-simple"},"_links":{"self":[{"href":"https:\/\/nordicmart.andreevmaster.com\/sv\/wp-json\/wp\/v2\/product\/18747","targetHints":{"allow":["GET"]}}],"collection":[{"href":"https:\/\/nordicmart.andreevmaster.com\/sv\/wp-json\/wp\/v2\/product"}],"about":[{"href":"https:\/\/nordicmart.andreevmaster.com\/sv\/wp-json\/wp\/v2\/types\/product"}],"replies":[{"embeddable":true,"href":"https:\/\/nordicmart.andreevmaster.com\/sv\/wp-json\/wp\/v2\/comments?post=18747"}],"wp:featuredmedia":[{"embeddable":true,"href":"https:\/\/nordicmart.andreevmaster.com\/sv\/wp-json\/wp\/v2\/media\/45729"}],"wp:attachment":[{"href":"https:\/\/nordicmart.andreevmaster.com\/sv\/wp-json\/wp\/v2\/media?parent=18747"}],"wp:term":[{"taxonomy":"product_brand","embeddable":true,"href":"https:\/\/nordicmart.andreevmaster.com\/sv\/wp-json\/wp\/v2\/product_brand?post=18747"},{"taxonomy":"product_cat","embeddable":true,"href":"https:\/\/nordicmart.andreevmaster.com\/sv\/wp-json\/wp\/v2\/product_cat?post=18747"},{"taxonomy":"product_tag","embeddable":true,"href":"https:\/\/nordicmart.andreevmaster.com\/sv\/wp-json\/wp\/v2\/product_tag?post=18747"}],"curies":[{"name":"wp","href":"https:\/\/api.w.org\/{rel}","templated":true}]}}