{"id":18746,"date":"2026-02-27T00:41:22","date_gmt":"2026-02-27T00:41:22","guid":{"rendered":"https:\/\/nordicmart.andreevmaster.com\/product\/songmics-kladstall-med-3-kladstanger\/"},"modified":"2026-02-27T08:29:36","modified_gmt":"2026-02-27T08:29:36","slug":"songmics-kladstall-med-3-kladstanger","status":"publish","type":"product","link":"https:\/\/nordicmart.andreevmaster.com\/sv\/produkt\/songmics-kladstall-med-3-kladstanger\/","title":{"rendered":"SONGMICS kl\u00e4dst\u00e4ll med 3 kl\u00e4dst\u00e4nger"},"content":{"rendered":"<p>En snabb l\u00f6sning f\u00f6r b\u00e4ttre organisation Sortera dina kl\u00e4der p\u00e5 de 3 kl\u00e4dst\u00e4ngerna. Den \u00f6vre f\u00f6r rockar och skjortor, den mellersta framtill f\u00f6r kjolar och byxor och den andra mellersta baktill f\u00f6r kl\u00e4der som anv\u00e4nds s\u00e4llan. Den nedre hyllan \u00e4r perfekt f\u00f6r skor. P\u00e5 s\u00e5 s\u00e4tt \u00e4r hela din garderob v\u00e4lorganiserad p\u00e5 ett st\u00e4lle och alltid inom r\u00e4ckh\u00e5ll. Tack vare sin design erbjuder denna kl\u00e4dst\u00e4llning mer f\u00f6rvaringsutrymme p\u00e5 mindre plats! Produktdetaljer: &#8211; F\u00e4rg: svart &#8211; Material: st\u00e5l, plast, non-woven &#8211; Storlek: 95 x 45 x 201 cm (L x B x H) &#8211; Vikt: 2,8 kg &#8211; Max. statisk totalbelastning: 60 kg Leveransomfattning: &#8211; 1 x kl\u00e4dh\u00e4ngare &#8211; 1 x bruksanvisning<\/p>\n","protected":false},"excerpt":{"rendered":"<p>SONGMICS kl\u00e4dst\u00e4ll, kl\u00e4dst\u00e5ng f\u00f6r sovrum med 3 h\u00e4ngare och tyghylla med metallram, 95 x 45 x 202 cm, svart RDR103B01<\/p>\n","protected":false},"featured_media":45728,"comment_status":"open","ping_status":"closed","template":"","meta":[],"product_brand":[],"product_cat":[33],"product_tag":[],"class_list":{"0":"post-18746","1":"product","2":"type-product","3":"status-publish","4":"has-post-thumbnail","6":"product_cat-okategoriserad","8":"first","9":"instock","10":"shipping-taxable","11":"purchasable","12":"product-type-simple"},"_links":{"self":[{"href":"https:\/\/nordicmart.andreevmaster.com\/sv\/wp-json\/wp\/v2\/product\/18746","targetHints":{"allow":["GET"]}}],"collection":[{"href":"https:\/\/nordicmart.andreevmaster.com\/sv\/wp-json\/wp\/v2\/product"}],"about":[{"href":"https:\/\/nordicmart.andreevmaster.com\/sv\/wp-json\/wp\/v2\/types\/product"}],"replies":[{"embeddable":true,"href":"https:\/\/nordicmart.andreevmaster.com\/sv\/wp-json\/wp\/v2\/comments?post=18746"}],"wp:featuredmedia":[{"embeddable":true,"href":"https:\/\/nordicmart.andreevmaster.com\/sv\/wp-json\/wp\/v2\/media\/45728"}],"wp:attachment":[{"href":"https:\/\/nordicmart.andreevmaster.com\/sv\/wp-json\/wp\/v2\/media?parent=18746"}],"wp:term":[{"taxonomy":"product_brand","embeddable":true,"href":"https:\/\/nordicmart.andreevmaster.com\/sv\/wp-json\/wp\/v2\/product_brand?post=18746"},{"taxonomy":"product_cat","embeddable":true,"href":"https:\/\/nordicmart.andreevmaster.com\/sv\/wp-json\/wp\/v2\/product_cat?post=18746"},{"taxonomy":"product_tag","embeddable":true,"href":"https:\/\/nordicmart.andreevmaster.com\/sv\/wp-json\/wp\/v2\/product_tag?post=18746"}],"curies":[{"name":"wp","href":"https:\/\/api.w.org\/{rel}","templated":true}]}}