{"id":18739,"date":"2026-02-27T00:41:20","date_gmt":"2026-02-27T00:41:20","guid":{"rendered":"https:\/\/nordicmart.andreevmaster.com\/product\/songmics-garderobstallning-i-metall-gra\/"},"modified":"2026-02-27T08:29:34","modified_gmt":"2026-02-27T08:29:34","slug":"songmics-garderobstallning-i-metall-gra","status":"publish","type":"product","link":"https:\/\/nordicmart.andreevmaster.com\/sv\/produkt\/songmics-garderobstallning-i-metall-gra\/","title":{"rendered":"SONGMICS Garderobst\u00e4llning i metall Gr\u00e5"},"content":{"rendered":"<p>En morgon utan stress Fr\u00e5n att du stiger upp till att du l\u00e4mnar huset \u2013 \u00e4r din morgon alltid superstressig? Har du sv\u00e5rt att s\u00e4tta ihop dina outfits och m\u00e5ste d\u00e4rf\u00f6r l\u00e4gga mycket tid p\u00e5 det varje morgon? Denna kl\u00e4dh\u00e4ngare med 2 st\u00e4nger kommer till din unds\u00e4ttning! Nu beh\u00f6ver dina rockar och v\u00e4skor inte ligga och skr\u00e4pa p\u00e5 soffan. H\u00e4ng hela kl\u00e4dselar p\u00e5 kl\u00e4dst\u00e4ngerna och st\u00e4ll v\u00e4skor och skor p\u00e5 hyllan i nedre delen \u2013 allt p\u00e5 ett st\u00e4lle! Produktdetaljer: \u2013 F\u00e4rg: Gr\u00e5 \u2013 Material: Metallr\u00f6r, non-woven-tyg, plastkopplingar \u2013 Storlek: 83 x 45 x 157 cm (L x B x H) &#8211; Vikt: 2,8 kg &#8211; Max. statisk belastningskapacitet f\u00f6r hyllan: 15 kg &#8211; Max. statisk belastningskapacitet per kl\u00e4dst\u00e5ng: 20 kg &#8211; Max. statisk belastningskapacitet totalt: 55 kg Leveransomfattning:- 1 x kl\u00e4dst\u00e4llning &#8211; 1 x bruksanvisning (DE, EN, FR, ES, IT ) SONGMICS Anm\u00e4rkningar: &#8211; Barn f\u00e5r inte h\u00e4nga p\u00e5 produkten eller kl\u00e4ttra p\u00e5 kl\u00e4dst\u00e4llningen.<\/p>\n","protected":false},"excerpt":{"rendered":"<p>SONGMICS kl\u00e4dst\u00e4ll, garderobst\u00e4llning i metall, med 2 kl\u00e4dst\u00e4nger, 1 hylla, belastningskapacitet upp till 55 kg, enkel montering, gr\u00e5 RDR001G02<\/p>\n","protected":false},"featured_media":45721,"comment_status":"open","ping_status":"closed","template":"","meta":[],"product_brand":[],"product_cat":[33],"product_tag":[],"class_list":{"0":"post-18739","1":"product","2":"type-product","3":"status-publish","4":"has-post-thumbnail","6":"product_cat-okategoriserad","8":"first","9":"instock","10":"shipping-taxable","11":"purchasable","12":"product-type-simple"},"_links":{"self":[{"href":"https:\/\/nordicmart.andreevmaster.com\/sv\/wp-json\/wp\/v2\/product\/18739","targetHints":{"allow":["GET"]}}],"collection":[{"href":"https:\/\/nordicmart.andreevmaster.com\/sv\/wp-json\/wp\/v2\/product"}],"about":[{"href":"https:\/\/nordicmart.andreevmaster.com\/sv\/wp-json\/wp\/v2\/types\/product"}],"replies":[{"embeddable":true,"href":"https:\/\/nordicmart.andreevmaster.com\/sv\/wp-json\/wp\/v2\/comments?post=18739"}],"wp:featuredmedia":[{"embeddable":true,"href":"https:\/\/nordicmart.andreevmaster.com\/sv\/wp-json\/wp\/v2\/media\/45721"}],"wp:attachment":[{"href":"https:\/\/nordicmart.andreevmaster.com\/sv\/wp-json\/wp\/v2\/media?parent=18739"}],"wp:term":[{"taxonomy":"product_brand","embeddable":true,"href":"https:\/\/nordicmart.andreevmaster.com\/sv\/wp-json\/wp\/v2\/product_brand?post=18739"},{"taxonomy":"product_cat","embeddable":true,"href":"https:\/\/nordicmart.andreevmaster.com\/sv\/wp-json\/wp\/v2\/product_cat?post=18739"},{"taxonomy":"product_tag","embeddable":true,"href":"https:\/\/nordicmart.andreevmaster.com\/sv\/wp-json\/wp\/v2\/product_tag?post=18739"}],"curies":[{"name":"wp","href":"https:\/\/api.w.org\/{rel}","templated":true}]}}