{"id":18738,"date":"2026-02-27T00:41:19","date_gmt":"2026-02-27T00:41:19","guid":{"rendered":"https:\/\/nordicmart.andreevmaster.com\/product\/songmics-kladstall-i-metall-enkel-montering-vit\/"},"modified":"2026-02-27T08:29:34","modified_gmt":"2026-02-27T08:29:34","slug":"songmics-kladstall-i-metall-enkel-montering-vit","status":"publish","type":"product","link":"https:\/\/nordicmart.andreevmaster.com\/sv\/produkt\/songmics-kladstall-i-metall-enkel-montering-vit\/","title":{"rendered":"SONGMICS kl\u00e4dst\u00e4ll i metall, enkel montering, vit"},"content":{"rendered":"<p>SONGMICS kl\u00e4dst\u00e4ll, garderobst\u00e4llning i metall, med 2 kl\u00e4dst\u00e4nger, 1 hylla, belastningskapacitet upp till 55 kg, enkel montering, gr\u00e5 RDR001G02<br \/>\nF\u00e4rg: svart<br \/>\nMaterial: st\u00e5l, non-woven-tyg, plastkopplingar<br \/>\nStorlek: 83 x 45 x 157 cm (L x B x H)<br \/>\nVikt: 2,1 kg<br \/>\nMax. statisk belastningskapacitet f\u00f6r hyllan: 15 kg<br \/>\nMax. statisk belastningskapacitet per kl\u00e4dst\u00e5ng: 20 kg<br \/>\nMax. statisk belastningskapacitet totalt: 55 kg<\/p>\n","protected":false},"excerpt":{"rendered":"<p>SONGMICS kl\u00e4dst\u00e4ll, garderobst\u00e4llning i metall, med 2 kl\u00e4dst\u00e4nger, 1 hylla, belastningskapacitet upp till 55 kg, enkel montering, gr\u00e5 RDR001G02<\/p>\n","protected":false},"featured_media":45720,"comment_status":"open","ping_status":"closed","template":"","meta":[],"product_brand":[],"product_cat":[33],"product_tag":[],"class_list":{"0":"post-18738","1":"product","2":"type-product","3":"status-publish","4":"has-post-thumbnail","6":"product_cat-okategoriserad","8":"first","9":"instock","10":"shipping-taxable","11":"purchasable","12":"product-type-simple"},"_links":{"self":[{"href":"https:\/\/nordicmart.andreevmaster.com\/sv\/wp-json\/wp\/v2\/product\/18738","targetHints":{"allow":["GET"]}}],"collection":[{"href":"https:\/\/nordicmart.andreevmaster.com\/sv\/wp-json\/wp\/v2\/product"}],"about":[{"href":"https:\/\/nordicmart.andreevmaster.com\/sv\/wp-json\/wp\/v2\/types\/product"}],"replies":[{"embeddable":true,"href":"https:\/\/nordicmart.andreevmaster.com\/sv\/wp-json\/wp\/v2\/comments?post=18738"}],"wp:featuredmedia":[{"embeddable":true,"href":"https:\/\/nordicmart.andreevmaster.com\/sv\/wp-json\/wp\/v2\/media\/45720"}],"wp:attachment":[{"href":"https:\/\/nordicmart.andreevmaster.com\/sv\/wp-json\/wp\/v2\/media?parent=18738"}],"wp:term":[{"taxonomy":"product_brand","embeddable":true,"href":"https:\/\/nordicmart.andreevmaster.com\/sv\/wp-json\/wp\/v2\/product_brand?post=18738"},{"taxonomy":"product_cat","embeddable":true,"href":"https:\/\/nordicmart.andreevmaster.com\/sv\/wp-json\/wp\/v2\/product_cat?post=18738"},{"taxonomy":"product_tag","embeddable":true,"href":"https:\/\/nordicmart.andreevmaster.com\/sv\/wp-json\/wp\/v2\/product_tag?post=18738"}],"curies":[{"name":"wp","href":"https:\/\/api.w.org\/{rel}","templated":true}]}}