{"id":18737,"date":"2026-02-27T00:41:19","date_gmt":"2026-02-27T00:41:19","guid":{"rendered":"https:\/\/nordicmart.andreevmaster.com\/product\/songmics-nattduksbord-med-2-lador-vitt\/"},"modified":"2026-02-27T08:29:34","modified_gmt":"2026-02-27T08:29:34","slug":"songmics-nattduksbord-med-2-lador-vitt","status":"publish","type":"product","link":"https:\/\/nordicmart.andreevmaster.com\/sv\/produkt\/songmics-nattduksbord-med-2-lador-vitt\/","title":{"rendered":"SONGMICS nattduksbord med 2 l\u00e5dor, vitt"},"content":{"rendered":"<p>Elegant estetik och god kvalitet i ett Skaffa detta enkla sidobord i vitt\/brunt och ge ditt hem en fr\u00e4sch touch. H\u00e4r m\u00f6ter tr\u00e4fiberplattor metallelement, vilket skapar en unik effekt. Tack vare den sl\u00e4ta ytan och den milj\u00f6v\u00e4nliga UV-h\u00e4rdade lacken, som inte avger n\u00e5gra st\u00f6rande lukter, kan du anv\u00e4nda m\u00f6beln med gott samvete. Dessutom garanterar de robusta MDF-skivorna en l\u00e5ng livsl\u00e4ngd. Alltid allt inom r\u00e4ckh\u00e5ll Vill du st\u00e4lla bordet i vardagsrummet? Inga problem! D\u00e5 kan du st\u00e4lla dekorationsartiklar p\u00e5 bordsskivan och f\u00f6rvara fj\u00e4rrkontrollen, tidningar etc. i l\u00e5dorna. Eller vill du placera bordet bredvid s\u00e4ngen? Det \u00e4r helt upp till dig! Allt du beh\u00f6ver p\u00e5 natten f\u00e5r sin egen plats i detta sk\u00e5p. Nattduksbordet har dessutom ett tyst skensystem. S\u00e5 kan du \u00f6ppna och st\u00e4nga l\u00e5dorna utan att g\u00f6ra n\u00e5got ljud, och din partner kan sova vidare i lugn och ro. Med detta nattduksbord har du alltid alla viktiga saker till hands. Du beh\u00f6ver inte st\u00e4ndigt stiga upp f\u00f6r att h\u00e4mta saker du beh\u00f6ver n\u00e4r du ligger bekv\u00e4mt i s\u00e4ngen eller sitter i soffan. Produktdetaljer: &#8211; F\u00e4rg: vit &#8211; Material: MDF-skivor med sprutlackering &#8211; M\u00e5tt per nattduksbord: 48 x 56 x 40 cm (B x H x D) &#8211; Vikt: 13,8 kg &#8211; Max. belastningsf\u00f6rm\u00e5ga: 60 kg Leveransomfattning: &#8211; 1 x nattduksbord &#8211; 1 x tillbeh\u00f6rsp\u00e5se &#8211; 1 x bruksanvisning  SONGMICS Anm\u00e4rkningar: &#8211; Hantera produkten f\u00f6rsiktigt f\u00f6r att undvika att den v\u00e4lter eller repas. &#8211; Anv\u00e4nd inte produkten i fuktiga milj\u00f6er.<\/p>\n","protected":false},"excerpt":{"rendered":"<p>SONGMICS nattduksbord med 2 l\u00e5dor, sidobord, soffbord, f\u00f6rvaring f\u00f6r sovrummet, f\u00f6rvaring f\u00f6r vardagsrummet, modernt, 48 x 56 x 40 cm (B x H x D), vitt RDN08WT<\/p>\n","protected":false},"featured_media":45719,"comment_status":"open","ping_status":"closed","template":"","meta":[],"product_brand":[],"product_cat":[33],"product_tag":[],"class_list":{"0":"post-18737","1":"product","2":"type-product","3":"status-publish","4":"has-post-thumbnail","6":"product_cat-okategoriserad","8":"first","9":"instock","10":"shipping-taxable","11":"purchasable","12":"product-type-simple"},"_links":{"self":[{"href":"https:\/\/nordicmart.andreevmaster.com\/sv\/wp-json\/wp\/v2\/product\/18737","targetHints":{"allow":["GET"]}}],"collection":[{"href":"https:\/\/nordicmart.andreevmaster.com\/sv\/wp-json\/wp\/v2\/product"}],"about":[{"href":"https:\/\/nordicmart.andreevmaster.com\/sv\/wp-json\/wp\/v2\/types\/product"}],"replies":[{"embeddable":true,"href":"https:\/\/nordicmart.andreevmaster.com\/sv\/wp-json\/wp\/v2\/comments?post=18737"}],"wp:featuredmedia":[{"embeddable":true,"href":"https:\/\/nordicmart.andreevmaster.com\/sv\/wp-json\/wp\/v2\/media\/45719"}],"wp:attachment":[{"href":"https:\/\/nordicmart.andreevmaster.com\/sv\/wp-json\/wp\/v2\/media?parent=18737"}],"wp:term":[{"taxonomy":"product_brand","embeddable":true,"href":"https:\/\/nordicmart.andreevmaster.com\/sv\/wp-json\/wp\/v2\/product_brand?post=18737"},{"taxonomy":"product_cat","embeddable":true,"href":"https:\/\/nordicmart.andreevmaster.com\/sv\/wp-json\/wp\/v2\/product_cat?post=18737"},{"taxonomy":"product_tag","embeddable":true,"href":"https:\/\/nordicmart.andreevmaster.com\/sv\/wp-json\/wp\/v2\/product_tag?post=18737"}],"curies":[{"name":"wp","href":"https:\/\/api.w.org\/{rel}","templated":true}]}}