{"id":18736,"date":"2026-02-27T00:41:19","date_gmt":"2026-02-27T00:41:19","guid":{"rendered":"https:\/\/nordicmart.andreevmaster.com\/product\/songmics-nattduksbord-2-st-svarta\/"},"modified":"2026-02-27T08:29:34","modified_gmt":"2026-02-27T08:29:34","slug":"songmics-nattduksbord-2-st-svarta","status":"publish","type":"product","link":"https:\/\/nordicmart.andreevmaster.com\/sv\/produkt\/songmics-nattduksbord-2-st-svarta\/","title":{"rendered":"SONGMICS nattduksbord 2 st svarta"},"content":{"rendered":"<p>N\u00e4r du kommer hem stressad fr\u00e5n jobbet eller skolan vill du s\u00e4kert bara l\u00e4gga dig i s\u00e4ngen f\u00f6r att \u00e5terh\u00e4mta dig fr\u00e5n stressen i omv\u00e4rlden, eller hur? Denna stilfulla nattduksbordsset fr\u00e5n SONGMICS st\u00e5r alltid till din tj\u00e4nst, precis som en tyst betj\u00e4nt. H\u00e4r kan du f\u00f6rvara dina b\u00f6cker, din mobiltelefon etc. s\u00e5 att du alltid har dem till hands. Produktdetaljer:F\u00e4rg: Svart Material: MDF (medeldensitetsfiberplatta), furu Storlek per bord: 38,5 x 30,5 x 52,5 cm (L x B x H) Vikt: 20 kg Max. statisk belastningskapacitet: 20 kg Leveransomfattning: 2 x nattduksbord 1 x bruksanvisning (DE, EN, FR, ES, IT)<\/p>\n","protected":false},"excerpt":{"rendered":"<p>SONGMICS nattduksbord med 2 l\u00e5dor, vitt, nattduksbord, byr\u00e5, f\u00f6rvaringsbord RDN012, tr\u00e4, 2 x 38,5 x 52,5 x 30,5 cm (B x H x D)<\/p>\n","protected":false},"featured_media":45718,"comment_status":"open","ping_status":"closed","template":"","meta":[],"product_brand":[],"product_cat":[33],"product_tag":[],"class_list":{"0":"post-18736","1":"product","2":"type-product","3":"status-publish","4":"has-post-thumbnail","6":"product_cat-okategoriserad","8":"first","9":"instock","10":"shipping-taxable","11":"purchasable","12":"product-type-simple"},"_links":{"self":[{"href":"https:\/\/nordicmart.andreevmaster.com\/sv\/wp-json\/wp\/v2\/product\/18736","targetHints":{"allow":["GET"]}}],"collection":[{"href":"https:\/\/nordicmart.andreevmaster.com\/sv\/wp-json\/wp\/v2\/product"}],"about":[{"href":"https:\/\/nordicmart.andreevmaster.com\/sv\/wp-json\/wp\/v2\/types\/product"}],"replies":[{"embeddable":true,"href":"https:\/\/nordicmart.andreevmaster.com\/sv\/wp-json\/wp\/v2\/comments?post=18736"}],"wp:featuredmedia":[{"embeddable":true,"href":"https:\/\/nordicmart.andreevmaster.com\/sv\/wp-json\/wp\/v2\/media\/45718"}],"wp:attachment":[{"href":"https:\/\/nordicmart.andreevmaster.com\/sv\/wp-json\/wp\/v2\/media?parent=18736"}],"wp:term":[{"taxonomy":"product_brand","embeddable":true,"href":"https:\/\/nordicmart.andreevmaster.com\/sv\/wp-json\/wp\/v2\/product_brand?post=18736"},{"taxonomy":"product_cat","embeddable":true,"href":"https:\/\/nordicmart.andreevmaster.com\/sv\/wp-json\/wp\/v2\/product_cat?post=18736"},{"taxonomy":"product_tag","embeddable":true,"href":"https:\/\/nordicmart.andreevmaster.com\/sv\/wp-json\/wp\/v2\/product_tag?post=18736"}],"curies":[{"name":"wp","href":"https:\/\/api.w.org\/{rel}","templated":true}]}}