{"id":18735,"date":"2026-02-27T00:41:19","date_gmt":"2026-02-27T00:41:19","guid":{"rendered":"https:\/\/nordicmart.andreevmaster.com\/product\/songmics-romantiska-nattduksbord-2-pack\/"},"modified":"2026-02-27T08:29:34","modified_gmt":"2026-02-27T08:29:34","slug":"songmics-romantiska-nattduksbord-2-pack","status":"publish","type":"product","link":"https:\/\/nordicmart.andreevmaster.com\/sv\/produkt\/songmics-romantiska-nattduksbord-2-pack\/","title":{"rendered":"SONGMICS Romantiska nattduksbord, 2-pack"},"content":{"rendered":"<p>Songmics nattduksbord \u00e4r tillverkat av f\u00f6rstklassiga MDF-skivor och massivt tr\u00e4 med god finish. Det vackra utseendet och den smakfulla vita f\u00e4rgen skapar en romantisk atmosf\u00e4r i ditt hem.  Det \u00e4r dessutom mycket praktiskt, eftersom det \u00e4ven kan anv\u00e4ndas som avst\u00e4llningsbord eller byr\u00e5.  Oavsett om det \u00e4r i sovrummet eller i hallen, passar det bra \u00f6verallt. Det \u00e4r ocks\u00e5 enkelt att montera och reng\u00f6ra.  En mjuk trasa r\u00e4cker f\u00f6r den dagliga sk\u00f6tseln. Ett nattduksbord, ocks\u00e5 ett perfekt dekorativt tillbeh\u00f6r f\u00f6r din l\u00e4genhet!  Anvisningar:  &#8211; S\u00e4tt dig inte p\u00e5 nattduksbordet f\u00f6r att undvika skador. &#8211; F\u00f6rs\u00f6k inte montera nattduksbordet med v\u00e5ld. Detta skadar produkten.  Vid problem, v\u00e4nligen kontakta v\u00e5r kundtj\u00e4nst. &#8211; F\u00f6r att de f\u00f6rborrade g\u00e4ngorna i benen inte ska skadas och skruvarna inte sitter snett,  skruva f\u00f6rst in skruvarna vid montering av benen efter att alla borrh\u00e5l har anpassats till varandra. Produktdetaljer:  &#8211; M\u00e5tt: 38,5 x 52,5 x 30,5 cm (B x H x D) &#8211; Innerm\u00e5tt p\u00e5 l\u00e5dan: 25 x 12 x 23 cm (B x H x D) &#8211; Material: MDF-skiva + tr\u00e4 Leveransomfattning:  &#8211; 2 x nattduksbord &#8211; 1 x monteringsanvisning<\/p>\n","protected":false},"excerpt":{"rendered":"<p>SONGMICS nattduksbord med 2 l\u00e5dor, vitt, nattduksbord, byr\u00e5, f\u00f6rvaringsbord RDN012, tr\u00e4, 2 x 38,5 x 52,5 x 30,5 cm (B x H x D)<\/p>\n","protected":false},"featured_media":45717,"comment_status":"open","ping_status":"closed","template":"","meta":[],"product_brand":[],"product_cat":[33],"product_tag":[],"class_list":{"0":"post-18735","1":"product","2":"type-product","3":"status-publish","4":"has-post-thumbnail","6":"product_cat-okategoriserad","8":"first","9":"instock","10":"shipping-taxable","11":"purchasable","12":"product-type-simple"},"_links":{"self":[{"href":"https:\/\/nordicmart.andreevmaster.com\/sv\/wp-json\/wp\/v2\/product\/18735","targetHints":{"allow":["GET"]}}],"collection":[{"href":"https:\/\/nordicmart.andreevmaster.com\/sv\/wp-json\/wp\/v2\/product"}],"about":[{"href":"https:\/\/nordicmart.andreevmaster.com\/sv\/wp-json\/wp\/v2\/types\/product"}],"replies":[{"embeddable":true,"href":"https:\/\/nordicmart.andreevmaster.com\/sv\/wp-json\/wp\/v2\/comments?post=18735"}],"wp:featuredmedia":[{"embeddable":true,"href":"https:\/\/nordicmart.andreevmaster.com\/sv\/wp-json\/wp\/v2\/media\/45717"}],"wp:attachment":[{"href":"https:\/\/nordicmart.andreevmaster.com\/sv\/wp-json\/wp\/v2\/media?parent=18735"}],"wp:term":[{"taxonomy":"product_brand","embeddable":true,"href":"https:\/\/nordicmart.andreevmaster.com\/sv\/wp-json\/wp\/v2\/product_brand?post=18735"},{"taxonomy":"product_cat","embeddable":true,"href":"https:\/\/nordicmart.andreevmaster.com\/sv\/wp-json\/wp\/v2\/product_cat?post=18735"},{"taxonomy":"product_tag","embeddable":true,"href":"https:\/\/nordicmart.andreevmaster.com\/sv\/wp-json\/wp\/v2\/product_tag?post=18735"}],"curies":[{"name":"wp","href":"https:\/\/api.w.org\/{rel}","templated":true}]}}