{"id":18734,"date":"2026-02-27T00:41:18","date_gmt":"2026-02-27T00:41:18","guid":{"rendered":"https:\/\/nordicmart.andreevmaster.com\/product\/songmics-hangande-forvaringssystem-med-4-fickor\/"},"modified":"2026-02-27T08:29:33","modified_gmt":"2026-02-27T08:29:33","slug":"songmics-hangande-forvaringssystem-med-4-fickor","status":"publish","type":"product","link":"https:\/\/nordicmart.andreevmaster.com\/sv\/produkt\/songmics-hangande-forvaringssystem-med-4-fickor\/","title":{"rendered":"SONGMICS H\u00e4ngande f\u00f6rvaringssystem med 4 fickor"},"content":{"rendered":"<p>Om viktiga f\u00f6rem\u00e5l ofta \u00e4r om\u00f6jliga att hitta i n\u00e5gon l\u00e5da eller i ett h\u00f6rn av din garderob, h\u00e4ng upp dem! Med detta 33,5 x 12 x 100 cm (L x B x H) stora f\u00f6rvaringssystem fr\u00e5n SONGMICS hittar du enkelt tillbaka allt. Formstabil h\u00e4ngande f\u00f6rvaring De h\u00e4ngande f\u00f6rvaringsp\u00e5sarna \u00e4r tillverkade av h\u00f6gkvalitativ 80 g\/m\u00b2 fleece och \u00e4r dessutom f\u00f6rsedda med h\u00e5rd kartong p\u00e5 insidan. Anv\u00e4nd dem till exempel f\u00f6r att f\u00f6rvara underkl\u00e4der i sovrummet eller babyartiklar i barnrummet. Kan det bli mer praktiskt? Din vardag ska inte vara komplicerad, eller hur? Av den anledningen \u00e4r avst\u00e5ndet mellan p\u00e5sarna i denna h\u00e4ngande f\u00f6rvaringsl\u00f6sning 7 cm, s\u00e5 att du enkelt kommer \u00e5t alla f\u00f6rem\u00e5l. Dessutom kan denna l\u00e4tta f\u00f6rvaringsl\u00f6sning snabbt h\u00e4ngas upp med de medf\u00f6ljande metallkrokarna och vikas ihop n\u00e4r du inte vill anv\u00e4nda den. Enkelt praktiskt och utrymmesbesparande. Produktdetaljer: &#8211; F\u00e4rg: Gr\u00e5 &#8211; Material: 80 g\/m\u00b2 fleece, innerstruktur av 2 mm tjock kartong, bakv\u00e4ggar av 3 mm tjock kartong, metallkrokar &#8211; Total storlek: 33,5 x 12 x 100 cm (L x B x H) &#8211; Storlek p\u00e5 fickorna:- L\u00e4ngd: 32 cm &#8211; H\u00f6jd: 17 cm &#8211; Djup: 10 cm (nedre delen), 11 cm (\u00f6vre delen) &#8211; Vikt: 900 g &#8211; Max. statisk belastningskapacitet totalt: 5 kg Leveransomfattning: &#8211; 1 x h\u00e4ngande f\u00f6rvaringssystem &#8211; 4 x inl\u00e4ggsbotten f\u00f6r fickorna &#8211; 2 x krokar SONGMICS Anm\u00e4rkningar:- \u00d6verskrid inte produktens maximala belastningskapacitet. &#8211; H\u00e5ll inte produkten under vatten. Reng\u00f6r den endast med en fuktig trasa. &#8211; N\u00e4r du packar upp produkten, kan du<\/p>\n","protected":false},"excerpt":{"rendered":"<p>SONGMICS H\u00e4ngande f\u00f6rvaringssystem med 4 fickor, h\u00e4ngande f\u00f6rvaring f\u00f6r d\u00f6rren, f\u00f6r sovrum, kontor, barnrum, 33,5 x 12 x 100 cm, gr\u00e5 RDH04G<\/p>\n","protected":false},"featured_media":45716,"comment_status":"open","ping_status":"closed","template":"","meta":[],"product_brand":[],"product_cat":[33],"product_tag":[],"class_list":{"0":"post-18734","1":"product","2":"type-product","3":"status-publish","4":"has-post-thumbnail","6":"product_cat-okategoriserad","8":"first","9":"instock","10":"shipping-taxable","11":"purchasable","12":"product-type-simple"},"_links":{"self":[{"href":"https:\/\/nordicmart.andreevmaster.com\/sv\/wp-json\/wp\/v2\/product\/18734","targetHints":{"allow":["GET"]}}],"collection":[{"href":"https:\/\/nordicmart.andreevmaster.com\/sv\/wp-json\/wp\/v2\/product"}],"about":[{"href":"https:\/\/nordicmart.andreevmaster.com\/sv\/wp-json\/wp\/v2\/types\/product"}],"replies":[{"embeddable":true,"href":"https:\/\/nordicmart.andreevmaster.com\/sv\/wp-json\/wp\/v2\/comments?post=18734"}],"wp:featuredmedia":[{"embeddable":true,"href":"https:\/\/nordicmart.andreevmaster.com\/sv\/wp-json\/wp\/v2\/media\/45716"}],"wp:attachment":[{"href":"https:\/\/nordicmart.andreevmaster.com\/sv\/wp-json\/wp\/v2\/media?parent=18734"}],"wp:term":[{"taxonomy":"product_brand","embeddable":true,"href":"https:\/\/nordicmart.andreevmaster.com\/sv\/wp-json\/wp\/v2\/product_brand?post=18734"},{"taxonomy":"product_cat","embeddable":true,"href":"https:\/\/nordicmart.andreevmaster.com\/sv\/wp-json\/wp\/v2\/product_cat?post=18734"},{"taxonomy":"product_tag","embeddable":true,"href":"https:\/\/nordicmart.andreevmaster.com\/sv\/wp-json\/wp\/v2\/product_tag?post=18734"}],"curies":[{"name":"wp","href":"https:\/\/api.w.org\/{rel}","templated":true}]}}