{"id":18728,"date":"2026-02-27T00:41:16","date_gmt":"2026-02-27T00:41:16","guid":{"rendered":"https:\/\/nordicmart.andreevmaster.com\/product\/songmics-garderobsorganiserare-2-pack-black-svart\/"},"modified":"2026-02-27T08:29:32","modified_gmt":"2026-02-27T08:29:32","slug":"songmics-garderobsorganiserare-2-pack-black-svart","status":"publish","type":"product","link":"https:\/\/nordicmart.andreevmaster.com\/sv\/produkt\/songmics-garderobsorganiserare-2-pack-black-svart\/","title":{"rendered":"SONGMICS Garderobsorganiserare, 2-pack, bl\u00e4ck svart"},"content":{"rendered":"<p>SONGMICS H\u00e4ngande f\u00f6rvaringssystem med 4 fickor, h\u00e4ngande f\u00f6rvaring f\u00f6r d\u00f6rren, f\u00f6r sovrum, kontor, barnrum, 33,5 x 12 x 100 cm, svart RDH004B01<br \/>\nF\u00e4rg: bl\u00e4ck svart<br \/>\nMaterial: 80 g\/m\u00b2 non-woven-tyg, innerstruktur av 2 mm tjock kartong, bakv\u00e4ggar av 3 mm tjock kartong, metallkrokar<br \/>\nStorlek per h\u00e4ngande f\u00f6rvaringssystem: 12 x 33,5 x 100 cm (D x B x H)<br \/>\nStorlek p\u00e5 fickorna:<br \/>\nDjup: 10 cm (nedre delen), 11 cm (\u00f6vre delen)<br \/>\nBredd: 32 cm<br \/>\nH\u00f6jd: 17 cm<br \/>\nVikt per h\u00e4ngande f\u00f6rvaringssystem: 0,9 kg<br \/>\nMax. statisk belastningskapacitet per h\u00e4ngande f\u00f6rvaringssystem: 5 kg<\/p>\n","protected":false},"excerpt":{"rendered":"<p>SONGMICS H\u00e4ngande f\u00f6rvaringssystem med 4 fickor, h\u00e4ngande f\u00f6rvaring f\u00f6r d\u00f6rren, f\u00f6r sovrum, kontor, barnrum, 33,5 x 12 x 100 cm, svart RDH004B01<\/p>\n","protected":false},"featured_media":45710,"comment_status":"open","ping_status":"closed","template":"","meta":[],"product_brand":[],"product_cat":[33],"product_tag":[],"class_list":{"0":"post-18728","1":"product","2":"type-product","3":"status-publish","4":"has-post-thumbnail","6":"product_cat-okategoriserad","8":"first","9":"instock","10":"shipping-taxable","11":"purchasable","12":"product-type-simple"},"_links":{"self":[{"href":"https:\/\/nordicmart.andreevmaster.com\/sv\/wp-json\/wp\/v2\/product\/18728","targetHints":{"allow":["GET"]}}],"collection":[{"href":"https:\/\/nordicmart.andreevmaster.com\/sv\/wp-json\/wp\/v2\/product"}],"about":[{"href":"https:\/\/nordicmart.andreevmaster.com\/sv\/wp-json\/wp\/v2\/types\/product"}],"replies":[{"embeddable":true,"href":"https:\/\/nordicmart.andreevmaster.com\/sv\/wp-json\/wp\/v2\/comments?post=18728"}],"wp:featuredmedia":[{"embeddable":true,"href":"https:\/\/nordicmart.andreevmaster.com\/sv\/wp-json\/wp\/v2\/media\/45710"}],"wp:attachment":[{"href":"https:\/\/nordicmart.andreevmaster.com\/sv\/wp-json\/wp\/v2\/media?parent=18728"}],"wp:term":[{"taxonomy":"product_brand","embeddable":true,"href":"https:\/\/nordicmart.andreevmaster.com\/sv\/wp-json\/wp\/v2\/product_brand?post=18728"},{"taxonomy":"product_cat","embeddable":true,"href":"https:\/\/nordicmart.andreevmaster.com\/sv\/wp-json\/wp\/v2\/product_cat?post=18728"},{"taxonomy":"product_tag","embeddable":true,"href":"https:\/\/nordicmart.andreevmaster.com\/sv\/wp-json\/wp\/v2\/product_tag?post=18728"}],"curies":[{"name":"wp","href":"https:\/\/api.w.org\/{rel}","templated":true}]}}