{"id":18723,"date":"2026-02-27T00:41:15","date_gmt":"2026-02-27T00:41:15","guid":{"rendered":"https:\/\/nordicmart.andreevmaster.com\/product\/songmics-garderob-kladhangare-i-metall-med-12-krokar-kladhangare\/"},"modified":"2026-02-27T08:29:31","modified_gmt":"2026-02-27T08:29:31","slug":"songmics-garderob-kladhangare-i-metall-med-12-krokar-kladhangare","status":"publish","type":"product","link":"https:\/\/nordicmart.andreevmaster.com\/sv\/produkt\/songmics-garderob-kladhangare-i-metall-med-12-krokar-kladhangare\/","title":{"rendered":"SONGMICS garderob, kl\u00e4dh\u00e4ngare i metall med 12 krokar, kl\u00e4dh\u00e4ngare"},"content":{"rendered":"<p>Produktdetaljer: F\u00e4rg: Vit Material: St\u00e5l Storlek: 55 x 55 x 180 cm (B x H x D) Vikt: 2,8 kg Max. statisk belastningskapacitet per krok: 5 kg Leveransomfattning: 1 x garderob 1 x tillbeh\u00f6rspaket 1 x bruksanvisning SONGMICS Anm\u00e4rkningar:Av s\u00e4kerhetssk\u00e4l \u00e4r det f\u00f6rbjudet f\u00f6r barn att kl\u00e4ttra p\u00e5 kl\u00e4dh\u00e4ngaren eller leka med den.<\/p>\n","protected":false},"excerpt":{"rendered":"<p>SONGMICS kl\u00e4dh\u00e4ngare, kl\u00e4dh\u00e4ngare i metall med 12 krokar, garderob, 4 ben, jackh\u00e4ngare f\u00f6r rockar, hattar, v\u00e4skor, f\u00f6r hallen, sovrummet, kontoret, svart RCR031B01<\/p>\n","protected":false},"featured_media":45705,"comment_status":"open","ping_status":"closed","template":"","meta":[],"product_brand":[],"product_cat":[33],"product_tag":[],"class_list":{"0":"post-18723","1":"product","2":"type-product","3":"status-publish","4":"has-post-thumbnail","6":"product_cat-okategoriserad","8":"first","9":"instock","10":"shipping-taxable","11":"purchasable","12":"product-type-simple"},"_links":{"self":[{"href":"https:\/\/nordicmart.andreevmaster.com\/sv\/wp-json\/wp\/v2\/product\/18723","targetHints":{"allow":["GET"]}}],"collection":[{"href":"https:\/\/nordicmart.andreevmaster.com\/sv\/wp-json\/wp\/v2\/product"}],"about":[{"href":"https:\/\/nordicmart.andreevmaster.com\/sv\/wp-json\/wp\/v2\/types\/product"}],"replies":[{"embeddable":true,"href":"https:\/\/nordicmart.andreevmaster.com\/sv\/wp-json\/wp\/v2\/comments?post=18723"}],"wp:featuredmedia":[{"embeddable":true,"href":"https:\/\/nordicmart.andreevmaster.com\/sv\/wp-json\/wp\/v2\/media\/45705"}],"wp:attachment":[{"href":"https:\/\/nordicmart.andreevmaster.com\/sv\/wp-json\/wp\/v2\/media?parent=18723"}],"wp:term":[{"taxonomy":"product_brand","embeddable":true,"href":"https:\/\/nordicmart.andreevmaster.com\/sv\/wp-json\/wp\/v2\/product_brand?post=18723"},{"taxonomy":"product_cat","embeddable":true,"href":"https:\/\/nordicmart.andreevmaster.com\/sv\/wp-json\/wp\/v2\/product_cat?post=18723"},{"taxonomy":"product_tag","embeddable":true,"href":"https:\/\/nordicmart.andreevmaster.com\/sv\/wp-json\/wp\/v2\/product_tag?post=18723"}],"curies":[{"name":"wp","href":"https:\/\/api.w.org\/{rel}","templated":true}]}}