{"id":18720,"date":"2026-02-27T00:41:14","date_gmt":"2026-02-27T00:41:14","guid":{"rendered":"https:\/\/nordicmart.andreevmaster.com\/product\/songmics-fristaende-kladstall-garderob-med-paraplystall-12-krokar\/"},"modified":"2026-02-27T08:29:30","modified_gmt":"2026-02-27T08:29:30","slug":"songmics-fristaende-kladstall-garderob-med-paraplystall-12-krokar","status":"publish","type":"product","link":"https:\/\/nordicmart.andreevmaster.com\/sv\/produkt\/songmics-fristaende-kladstall-garderob-med-paraplystall-12-krokar\/","title":{"rendered":"SONGMICS frist\u00e5ende kl\u00e4dst\u00e4ll, garderob med paraplyst\u00e4ll, 12 krokar"},"content":{"rendered":"<p>SONGMICS frist\u00e5ende kl\u00e4dst\u00e4ll, garderob med paraplyst\u00e4ll, 12 krokar, metall, 175 cm h\u00f6g, f\u00f6r hall, korridor, vardagsrum, sovrum<br \/>\nSpecifikationer:<br \/>\n&#8211; M\u00e5tt: 40 x 40 x 175 cm (D x B x H)<br \/>\n&#8211; Vikt: 3,7 kg<br \/>\n&#8211; Max. statisk b\u00e4rf\u00f6rm\u00e5ga per krok: 3 kg<br \/>\n&#8211; Max. statisk b\u00e4rf\u00f6rm\u00e5ga totalt: 15 kg<br \/>\n&#8211; F\u00e4rg: Svart<br \/>\n&#8211; Material: metall<\/p>\n","protected":false},"excerpt":{"rendered":"<p>SONGMICS frist\u00e5ende kl\u00e4dst\u00e4ll, garderob med paraplyst\u00e4ll, 12 krokar, metall, 175 cm h\u00f6g, f\u00f6r hall, korridor, vardagsrum, sovrum<\/p>\n","protected":false},"featured_media":45703,"comment_status":"open","ping_status":"closed","template":"","meta":[],"product_brand":[],"product_cat":[33],"product_tag":[],"class_list":{"0":"post-18720","1":"product","2":"type-product","3":"status-publish","4":"has-post-thumbnail","6":"product_cat-okategoriserad","8":"first","9":"instock","10":"shipping-taxable","11":"purchasable","12":"product-type-simple"},"_links":{"self":[{"href":"https:\/\/nordicmart.andreevmaster.com\/sv\/wp-json\/wp\/v2\/product\/18720","targetHints":{"allow":["GET"]}}],"collection":[{"href":"https:\/\/nordicmart.andreevmaster.com\/sv\/wp-json\/wp\/v2\/product"}],"about":[{"href":"https:\/\/nordicmart.andreevmaster.com\/sv\/wp-json\/wp\/v2\/types\/product"}],"replies":[{"embeddable":true,"href":"https:\/\/nordicmart.andreevmaster.com\/sv\/wp-json\/wp\/v2\/comments?post=18720"}],"wp:featuredmedia":[{"embeddable":true,"href":"https:\/\/nordicmart.andreevmaster.com\/sv\/wp-json\/wp\/v2\/media\/45703"}],"wp:attachment":[{"href":"https:\/\/nordicmart.andreevmaster.com\/sv\/wp-json\/wp\/v2\/media?parent=18720"}],"wp:term":[{"taxonomy":"product_brand","embeddable":true,"href":"https:\/\/nordicmart.andreevmaster.com\/sv\/wp-json\/wp\/v2\/product_brand?post=18720"},{"taxonomy":"product_cat","embeddable":true,"href":"https:\/\/nordicmart.andreevmaster.com\/sv\/wp-json\/wp\/v2\/product_cat?post=18720"},{"taxonomy":"product_tag","embeddable":true,"href":"https:\/\/nordicmart.andreevmaster.com\/sv\/wp-json\/wp\/v2\/product_tag?post=18720"}],"curies":[{"name":"wp","href":"https:\/\/api.w.org\/{rel}","templated":true}]}}