{"id":18717,"date":"2026-02-27T00:41:13","date_gmt":"2026-02-27T00:41:13","guid":{"rendered":"https:\/\/nordicmart.andreevmaster.com\/product\/vasagle-garderob-kladstallning-i-massivt-tra-jackstallning-i-tradform\/"},"modified":"2026-02-27T08:29:30","modified_gmt":"2026-02-27T08:29:30","slug":"vasagle-garderob-kladstallning-i-massivt-tra-jackstallning-i-tradform","status":"publish","type":"product","link":"https:\/\/nordicmart.andreevmaster.com\/sv\/produkt\/vasagle-garderob-kladstallning-i-massivt-tra-jackstallning-i-tradform\/","title":{"rendered":"VASAGLE Garderob, kl\u00e4dst\u00e4llning i massivt tr\u00e4, jackst\u00e4llning i tr\u00e4dform"},"content":{"rendered":"<p>Garderob, kl\u00e4dst\u00e4ll i massivt tr\u00e4, jackst\u00e4ll i tr\u00e4dform, 8 krokar f\u00f6r jackor, hattar, f\u00f6r hallen, bl\u00e4ck svart<br \/>\nProduktdetaljer:<br \/>\n&#8211; F\u00e4rg: bl\u00e4ck svart<br \/>\n&#8211; Material: Kautschuktr\u00e4 (st\u00e5ng och krokar), MDF (medeldensitetsfiberplatta) (sockel)<br \/>\n&#8211; Storlek: 30 x 30 x 175 cm (D x B x H)<br \/>\n&#8211; Vikt: 3,9 kg<br \/>\n&#8211; Max. total statisk belastningskapacitet: 24 kg<\/p>\n<p>Leveransomfattning:<br \/>\n&#8211; 1 x garderob<br \/>\n&#8211; 1 x tillbeh\u00f6rspaket<br \/>\n&#8211; 1 x bruksanvisning<\/p>\n<p>Anvisningar:<br \/>\n&#8211; Uts\u00e4tt inte garderoben f\u00f6r direkt solljus under l\u00e4ngre tid.<br \/>\n&#8211; H\u00e4ng upp dina f\u00f6rem\u00e5l s\u00e5 att vikten f\u00f6rdelas j\u00e4mnt f\u00f6r att undvika att hallgarderoben v\u00e4lter.<\/p>\n","protected":false},"excerpt":{"rendered":"<p>Garderob, kl\u00e4dst\u00e4ll i massivt tr\u00e4, jackst\u00e4ll i tr\u00e4dform, 8 krokar f\u00f6r jackor, hattar, f\u00f6r hallen, bl\u00e4ck svart<\/p>\n","protected":false},"featured_media":45700,"comment_status":"open","ping_status":"closed","template":"","meta":[],"product_brand":[],"product_cat":[33],"product_tag":[],"class_list":{"0":"post-18717","1":"product","2":"type-product","3":"status-publish","4":"has-post-thumbnail","6":"product_cat-okategoriserad","8":"first","9":"instock","10":"shipping-taxable","11":"purchasable","12":"product-type-simple"},"_links":{"self":[{"href":"https:\/\/nordicmart.andreevmaster.com\/sv\/wp-json\/wp\/v2\/product\/18717","targetHints":{"allow":["GET"]}}],"collection":[{"href":"https:\/\/nordicmart.andreevmaster.com\/sv\/wp-json\/wp\/v2\/product"}],"about":[{"href":"https:\/\/nordicmart.andreevmaster.com\/sv\/wp-json\/wp\/v2\/types\/product"}],"replies":[{"embeddable":true,"href":"https:\/\/nordicmart.andreevmaster.com\/sv\/wp-json\/wp\/v2\/comments?post=18717"}],"wp:featuredmedia":[{"embeddable":true,"href":"https:\/\/nordicmart.andreevmaster.com\/sv\/wp-json\/wp\/v2\/media\/45700"}],"wp:attachment":[{"href":"https:\/\/nordicmart.andreevmaster.com\/sv\/wp-json\/wp\/v2\/media?parent=18717"}],"wp:term":[{"taxonomy":"product_brand","embeddable":true,"href":"https:\/\/nordicmart.andreevmaster.com\/sv\/wp-json\/wp\/v2\/product_brand?post=18717"},{"taxonomy":"product_cat","embeddable":true,"href":"https:\/\/nordicmart.andreevmaster.com\/sv\/wp-json\/wp\/v2\/product_cat?post=18717"},{"taxonomy":"product_tag","embeddable":true,"href":"https:\/\/nordicmart.andreevmaster.com\/sv\/wp-json\/wp\/v2\/product_tag?post=18717"}],"curies":[{"name":"wp","href":"https:\/\/api.w.org\/{rel}","templated":true}]}}