{"id":18714,"date":"2026-02-27T00:41:12","date_gmt":"2026-02-27T00:41:12","guid":{"rendered":"https:\/\/nordicmart.andreevmaster.com\/product\/vasagle-garderob-kladstallning-i-massivt-tra-8-krokar\/"},"modified":"2026-02-27T08:29:29","modified_gmt":"2026-02-27T08:29:29","slug":"vasagle-garderob-kladstallning-i-massivt-tra-8-krokar","status":"publish","type":"product","link":"https:\/\/nordicmart.andreevmaster.com\/sv\/produkt\/vasagle-garderob-kladstallning-i-massivt-tra-8-krokar\/","title":{"rendered":"VASAGLE Garderob, kl\u00e4dst\u00e4llning i massivt tr\u00e4, 8 krokar"},"content":{"rendered":"<p>VASAGLE garderob, kl\u00e4dst\u00e4llning i massivt tr\u00e4, frist\u00e5ende garderob i tr\u00e4dform, med 8 krokar, f\u00f6r jackor, hattar, v\u00e4skor, entr\u00e9, hall, gummitr\u00e4<br \/>\nSpecifikationer:<br \/>\n&#8211; M\u00e5tt: 51,1 x 44,3 x 177 cm (D x B x H)<br \/>\n&#8211; L\u00e4ngd p\u00e5 varje krok: 12,5 cm<br \/>\n&#8211; Vikt: 2,5 kg<br \/>\n&#8211; Max. statisk b\u00e4rf\u00f6rm\u00e5ga per krok: 3 kg<br \/>\n&#8211; Max. statisk b\u00e4rf\u00f6rm\u00e5ga totalt: 24 kg<br \/>\n&#8211; F\u00e4rg: Svart<br \/>\n&#8211; Material: Kautschuktr\u00e4<\/p>\n","protected":false},"excerpt":{"rendered":"<p>VASAGLE garderob, kl\u00e4dst\u00e4llning i massivt tr\u00e4, frist\u00e5ende garderob i tr\u00e4dform, med 8 krokar, f\u00f6r jackor, hattar, v\u00e4skor, entr\u00e9, hall, gummitr\u00e4<\/p>\n","protected":false},"featured_media":45697,"comment_status":"open","ping_status":"closed","template":"","meta":[],"product_brand":[],"product_cat":[33],"product_tag":[],"class_list":{"0":"post-18714","1":"product","2":"type-product","3":"status-publish","4":"has-post-thumbnail","6":"product_cat-okategoriserad","8":"first","9":"instock","10":"shipping-taxable","11":"purchasable","12":"product-type-simple"},"_links":{"self":[{"href":"https:\/\/nordicmart.andreevmaster.com\/sv\/wp-json\/wp\/v2\/product\/18714","targetHints":{"allow":["GET"]}}],"collection":[{"href":"https:\/\/nordicmart.andreevmaster.com\/sv\/wp-json\/wp\/v2\/product"}],"about":[{"href":"https:\/\/nordicmart.andreevmaster.com\/sv\/wp-json\/wp\/v2\/types\/product"}],"replies":[{"embeddable":true,"href":"https:\/\/nordicmart.andreevmaster.com\/sv\/wp-json\/wp\/v2\/comments?post=18714"}],"wp:featuredmedia":[{"embeddable":true,"href":"https:\/\/nordicmart.andreevmaster.com\/sv\/wp-json\/wp\/v2\/media\/45697"}],"wp:attachment":[{"href":"https:\/\/nordicmart.andreevmaster.com\/sv\/wp-json\/wp\/v2\/media?parent=18714"}],"wp:term":[{"taxonomy":"product_brand","embeddable":true,"href":"https:\/\/nordicmart.andreevmaster.com\/sv\/wp-json\/wp\/v2\/product_brand?post=18714"},{"taxonomy":"product_cat","embeddable":true,"href":"https:\/\/nordicmart.andreevmaster.com\/sv\/wp-json\/wp\/v2\/product_cat?post=18714"},{"taxonomy":"product_tag","embeddable":true,"href":"https:\/\/nordicmart.andreevmaster.com\/sv\/wp-json\/wp\/v2\/product_tag?post=18714"}],"curies":[{"name":"wp","href":"https:\/\/api.w.org\/{rel}","templated":true}]}}