{"id":18713,"date":"2026-02-27T00:41:12","date_gmt":"2026-02-27T00:41:12","guid":{"rendered":"https:\/\/nordicmart.andreevmaster.com\/product\/vasagle-sned-kladhangare-svartbrun\/"},"modified":"2026-02-27T08:29:29","modified_gmt":"2026-02-27T08:29:29","slug":"vasagle-sned-kladhangare-svartbrun","status":"publish","type":"product","link":"https:\/\/nordicmart.andreevmaster.com\/sv\/produkt\/vasagle-sned-kladhangare-svartbrun\/","title":{"rendered":"VASAGLE Sned kl\u00e4dh\u00e4ngare Svartbrun"},"content":{"rendered":"<p>F\u00f6rsta intrycket \u00e4r viktigt: M\u00f6bler i industriell design ser eleganta och unika ut \u2013 precis som denna garderob. Vattenr\u00f6rselement, krokar inspirerade av bultar och hyllor av syntetiska plastlister \u2013 denna hallh\u00e4ngare \u00e4r ett riktigt blickf\u00e5ng och drar till sig allas uppm\u00e4rksamhet varje g\u00e5ng dina v\u00e4nner kommer hem till dig. \u00d6versikt \u00f6ver h\u00f6jdpunkterna hos denna kl\u00e4dh\u00e4ngare: Luta denna sneda hallh\u00e4ngare mot v\u00e4ggen s\u00e5 st\u00e5r den stabilt som genom ett trollslag. Den \u00e4r dessutom robust och h\u00e5llbar. De 5 krokarna kan anv\u00e4ndas f\u00f6r att h\u00e4nga upp kl\u00e4der, v\u00e4skor eller hattar. De 3 hyllorna \u00e4r perfekta f\u00f6r att placera skor, v\u00e4skor och l\u00e5dor p\u00e5. Det \u00e4r enkelt att montera denna hallh\u00e4ngare. Produktdetaljer: F\u00e4rg: Svart Material: J\u00e4rnr\u00f6r, plastlist Storlek: 73 x 29,5 x 177 cm (L x B x H) Vikt: 6,4 kg Max. statisk belastningskapacitet per krok: 3 kg Max. statisk belastningskapacitet per hylla: 15 kg Leveransomfattning: 1 x garderob 1 x beh\u00e5llare med tillbeh\u00f6r 1 x instruktioner (DE, EN, FR, ES, IT) VASAGLE Anm\u00e4rkningar: De tv\u00e5 bakre benen p\u00e5 skost\u00e4llet \u00e4r f\u00f6rsedda med justerbara f\u00f6tter f\u00f6r att kompensera f\u00f6r mindre oj\u00e4mnheter i golvet.<\/p>\n","protected":false},"excerpt":{"rendered":"<p>VASAGLE Garderob i industriell design, kl\u00e4dst\u00e4ll, sned, vattenr\u00f6rselement, hall, skost\u00e4ll, lutande mot v\u00e4ggen, med krokar och hyllor, stabil metallram, svart RCR75BX<\/p>\n","protected":false},"featured_media":45696,"comment_status":"open","ping_status":"closed","template":"","meta":[],"product_brand":[],"product_cat":[33],"product_tag":[],"class_list":{"0":"post-18713","1":"product","2":"type-product","3":"status-publish","4":"has-post-thumbnail","6":"product_cat-okategoriserad","8":"first","9":"instock","10":"shipping-taxable","11":"purchasable","12":"product-type-simple"},"_links":{"self":[{"href":"https:\/\/nordicmart.andreevmaster.com\/sv\/wp-json\/wp\/v2\/product\/18713","targetHints":{"allow":["GET"]}}],"collection":[{"href":"https:\/\/nordicmart.andreevmaster.com\/sv\/wp-json\/wp\/v2\/product"}],"about":[{"href":"https:\/\/nordicmart.andreevmaster.com\/sv\/wp-json\/wp\/v2\/types\/product"}],"replies":[{"embeddable":true,"href":"https:\/\/nordicmart.andreevmaster.com\/sv\/wp-json\/wp\/v2\/comments?post=18713"}],"wp:featuredmedia":[{"embeddable":true,"href":"https:\/\/nordicmart.andreevmaster.com\/sv\/wp-json\/wp\/v2\/media\/45696"}],"wp:attachment":[{"href":"https:\/\/nordicmart.andreevmaster.com\/sv\/wp-json\/wp\/v2\/media?parent=18713"}],"wp:term":[{"taxonomy":"product_brand","embeddable":true,"href":"https:\/\/nordicmart.andreevmaster.com\/sv\/wp-json\/wp\/v2\/product_brand?post=18713"},{"taxonomy":"product_cat","embeddable":true,"href":"https:\/\/nordicmart.andreevmaster.com\/sv\/wp-json\/wp\/v2\/product_cat?post=18713"},{"taxonomy":"product_tag","embeddable":true,"href":"https:\/\/nordicmart.andreevmaster.com\/sv\/wp-json\/wp\/v2\/product_tag?post=18713"}],"curies":[{"name":"wp","href":"https:\/\/api.w.org\/{rel}","templated":true}]}}