{"id":18712,"date":"2026-02-27T00:41:11","date_gmt":"2026-02-27T00:41:11","guid":{"rendered":"https:\/\/nordicmart.andreevmaster.com\/product\/songmics-sned-kladhangare-svart\/"},"modified":"2026-02-27T08:29:28","modified_gmt":"2026-02-27T08:29:28","slug":"songmics-sned-kladhangare-svart","status":"publish","type":"product","link":"https:\/\/nordicmart.andreevmaster.com\/sv\/produkt\/songmics-sned-kladhangare-svart\/","title":{"rendered":"SONGMICS Sned kl\u00e4dh\u00e4ngare Svart"},"content":{"rendered":"<p>En modern touch: SONGMICS har beslutat att utveckla denna raka och raffinerade kl\u00e4dh\u00e4ngare f\u00f6r att ge ditt hem en modern touch. Modernisera din hall, ditt vardagsrum eller ditt kontor med denna kl\u00e4dh\u00e4ngare som skapar en atmosf\u00e4r av lugn och ro. \u00d6versikt \u00f6ver kl\u00e4dh\u00e4ngarens h\u00f6jdpunkter: Luta denna sneda kl\u00e4dh\u00e4ngare mot v\u00e4ggen s\u00e5 st\u00e5r den stabilt som genom ett trollslag. Dessutom \u00e4r den robust och h\u00e5llbar. De 5 justerbara krokarna kan anv\u00e4ndas f\u00f6r att h\u00e4nga upp kl\u00e4der, v\u00e4skor eller hattar.De 3 gallerhyllorna \u00e4r perfekta f\u00f6r att placera dina skor, v\u00e4skor och l\u00e5dor p\u00e5. Det \u00e4r enkelt att montera denna hallh\u00e4ngare. Produktdetaljer: F\u00e4rg: Svart Material: J\u00e4rn Storlek: 72,5 x 34 x 170 cm (L x B x H) Vikt: 7 kg Max. statisk belastningskapacitet per krok: 5 kg Max. statisk belastningskapacitet per hylla: 10 kg Leveransomfattning: 1 x garderob 1 x beh\u00e5llare med tillbeh\u00f6r 1 x instruktioner (DE, EN, FR, ES, IT) SONGMICS Anm\u00e4rkningar:De tv\u00e5 bakre benen p\u00e5 skost\u00e4llet \u00e4r f\u00f6rsedda med justerbara f\u00f6tter f\u00f6r att kompensera f\u00f6r mindre oj\u00e4mnheter i golvet.<\/p>\n","protected":false},"excerpt":{"rendered":"<p>SONGMICS Garderob, modern kl\u00e4dh\u00e4ngare, sned, hall, entr\u00e9, skohylla, lutar mot v\u00e4ggen, justerbara krokar, med gallerhyllor, stabil metallram, svart RCR70BK<\/p>\n","protected":false},"featured_media":0,"comment_status":"open","ping_status":"closed","template":"","meta":[],"product_brand":[],"product_cat":[33],"product_tag":[],"class_list":{"0":"post-18712","1":"product","2":"type-product","3":"status-publish","5":"product_cat-okategoriserad","7":"first","8":"instock","9":"shipping-taxable","10":"purchasable","11":"product-type-simple"},"_links":{"self":[{"href":"https:\/\/nordicmart.andreevmaster.com\/sv\/wp-json\/wp\/v2\/product\/18712","targetHints":{"allow":["GET"]}}],"collection":[{"href":"https:\/\/nordicmart.andreevmaster.com\/sv\/wp-json\/wp\/v2\/product"}],"about":[{"href":"https:\/\/nordicmart.andreevmaster.com\/sv\/wp-json\/wp\/v2\/types\/product"}],"replies":[{"embeddable":true,"href":"https:\/\/nordicmart.andreevmaster.com\/sv\/wp-json\/wp\/v2\/comments?post=18712"}],"wp:attachment":[{"href":"https:\/\/nordicmart.andreevmaster.com\/sv\/wp-json\/wp\/v2\/media?parent=18712"}],"wp:term":[{"taxonomy":"product_brand","embeddable":true,"href":"https:\/\/nordicmart.andreevmaster.com\/sv\/wp-json\/wp\/v2\/product_brand?post=18712"},{"taxonomy":"product_cat","embeddable":true,"href":"https:\/\/nordicmart.andreevmaster.com\/sv\/wp-json\/wp\/v2\/product_cat?post=18712"},{"taxonomy":"product_tag","embeddable":true,"href":"https:\/\/nordicmart.andreevmaster.com\/sv\/wp-json\/wp\/v2\/product_tag?post=18712"}],"curies":[{"name":"wp","href":"https:\/\/api.w.org\/{rel}","templated":true}]}}