{"id":18710,"date":"2026-02-27T00:41:11","date_gmt":"2026-02-27T00:41:11","guid":{"rendered":"https:\/\/nordicmart.andreevmaster.com\/product\/songmics-kladhangare-av-bambu\/"},"modified":"2026-02-27T08:29:28","modified_gmt":"2026-02-27T08:29:28","slug":"songmics-kladhangare-av-bambu","status":"publish","type":"product","link":"https:\/\/nordicmart.andreevmaster.com\/sv\/produkt\/songmics-kladhangare-av-bambu\/","title":{"rendered":"SONGMICS kl\u00e4dh\u00e4ngare av bambu"},"content":{"rendered":"<p>Varf\u00f6r du b\u00f6r v\u00e4lja SONGMICS 100 % bambu \u2013 Naturlig och f\u00f6rnybar bambu kan v\u00e4xa upp till 76 cm per dag och producerar dubbelt s\u00e5 mycket syre som ett tr\u00e4d. Efter 4\u20136 \u00e5rs tillv\u00e4xt sk\u00f6rdas den bambu som anv\u00e4nds av SONGMICS. V\u00e4lj denna SONGMICS v\u00e4ggh\u00e4ngare av utvald bambu! K\u00e4rlek till detaljer V\u00e5r kl\u00e4dh\u00e4ngare med sl\u00e4ta ytor \u00e4r skonsam mot dina k\u00e4nsliga kl\u00e4der, s\u00e5 du beh\u00f6ver inte oroa dig f\u00f6r att de ska fastna eller dra tr\u00e5dar. \u00d6verl\u00e4gsna egenskaper Kombinationen av hylla och kl\u00e4dh\u00e4ngare ger plats f\u00f6r dina dagliga accessoarer och favoritdekorationer p\u00e5 ett och samma st\u00e4lle. De t\u00e5liga krokarna klarar upp till 3 kg och hela hyllan klarar upp till imponerande 20 kg, s\u00e5 att alla dina f\u00f6rem\u00e5l \u00e4r v\u00e4l skyddade. Enkel montering N\u00f6dv\u00e4ndiga skruvar medf\u00f6ljer, instruktionerna \u00e4r tydliga och monteringen tar bara n\u00e5gra minuter utan hj\u00e4lp. Produktdetaljer:  &#8211; F\u00e4rg: tr\u00e4f\u00e4rgad RCR105N; brun RCR105BR; vit RCR105WT &#8211; Material: 100 % bambu &#8211; M\u00e5tt: 74 x 20 x 12 cm (B x H x D) &#8211; Vikt: 3,3 kg &#8211; Belastningskapacitet: 20 kg (3 kg per krok) Leveransomfattning:  &#8211; 1 x krokkappa &#8211; 1 x tillbeh\u00f6rsp\u00e5se &#8211; 1 x instruktioner (DE, EN, ES, FR, IT)<\/p>\n","protected":false},"excerpt":{"rendered":"<p>SONGMICS Garderob med hjul, kl\u00e4dst\u00e4llning i bambu, med kl\u00e4dst\u00e5ng, 2 hyllor och 4 krokar, f\u00f6r skor, hattar och halsdukar, i hallen, vardagsrummet och g\u00e4strummet RCR52N<\/p>\n","protected":false},"featured_media":45694,"comment_status":"open","ping_status":"closed","template":"","meta":[],"product_brand":[],"product_cat":[33],"product_tag":[],"class_list":{"0":"post-18710","1":"product","2":"type-product","3":"status-publish","4":"has-post-thumbnail","6":"product_cat-okategoriserad","8":"first","9":"instock","10":"shipping-taxable","11":"purchasable","12":"product-type-simple"},"_links":{"self":[{"href":"https:\/\/nordicmart.andreevmaster.com\/sv\/wp-json\/wp\/v2\/product\/18710","targetHints":{"allow":["GET"]}}],"collection":[{"href":"https:\/\/nordicmart.andreevmaster.com\/sv\/wp-json\/wp\/v2\/product"}],"about":[{"href":"https:\/\/nordicmart.andreevmaster.com\/sv\/wp-json\/wp\/v2\/types\/product"}],"replies":[{"embeddable":true,"href":"https:\/\/nordicmart.andreevmaster.com\/sv\/wp-json\/wp\/v2\/comments?post=18710"}],"wp:featuredmedia":[{"embeddable":true,"href":"https:\/\/nordicmart.andreevmaster.com\/sv\/wp-json\/wp\/v2\/media\/45694"}],"wp:attachment":[{"href":"https:\/\/nordicmart.andreevmaster.com\/sv\/wp-json\/wp\/v2\/media?parent=18710"}],"wp:term":[{"taxonomy":"product_brand","embeddable":true,"href":"https:\/\/nordicmart.andreevmaster.com\/sv\/wp-json\/wp\/v2\/product_brand?post=18710"},{"taxonomy":"product_cat","embeddable":true,"href":"https:\/\/nordicmart.andreevmaster.com\/sv\/wp-json\/wp\/v2\/product_cat?post=18710"},{"taxonomy":"product_tag","embeddable":true,"href":"https:\/\/nordicmart.andreevmaster.com\/sv\/wp-json\/wp\/v2\/product_tag?post=18710"}],"curies":[{"name":"wp","href":"https:\/\/api.w.org\/{rel}","templated":true}]}}