{"id":18708,"date":"2026-02-27T00:41:10","date_gmt":"2026-02-27T00:41:10","guid":{"rendered":"https:\/\/nordicmart.andreevmaster.com\/product\/songmics-kladstallning-5-blad-svart\/"},"modified":"2026-02-27T08:29:27","modified_gmt":"2026-02-27T08:29:27","slug":"songmics-kladstallning-5-blad-svart","status":"publish","type":"product","link":"https:\/\/nordicmart.andreevmaster.com\/sv\/produkt\/songmics-kladstallning-5-blad-svart\/","title":{"rendered":"SONGMICS kl\u00e4dst\u00e4llning 5 blad svart"},"content":{"rendered":"<p>Allt h\u00e4nger snyggt upp: Denna kl\u00e4dh\u00e4ngare har 5 krokar, s\u00e5 att du inte l\u00e4ngre beh\u00f6ver sl\u00e4nga dina kl\u00e4der och accessoarer p\u00e5 n\u00e4rmaste soffa s\u00e5 fort du kommer hem. S\u00e5 f\u00e5r ditt hem ett rent och fr\u00e4scht utseende. En touch av naturen i ditt hem: Denna kl\u00e4dh\u00e4ngare \u00e4r inspirerad av tr\u00e4d och ger din hall, sovrum eller vardagsrum en touch av naturlighet. Linda n\u00e5gra ljusslingor runt stativet f\u00f6r att ge din l\u00e4genhet en varm glans.Produktdetaljer: F\u00e4rg: Matt svart Material: J\u00e4rn Storlek: 32 x 32 x 175 cm (L x B x H) Vikt: 7,4 kg Max. statisk belastningskapacitet per krok: 5 kg Leveransomfattning: 1 x garderob 1 x tillbeh\u00f6rsp\u00e5se 1 x instruktioner (DE, EN, ES, FR, IT) SONGMICS Anm\u00e4rkningar:F\u00f6rdela vikten j\u00e4mnt p\u00e5 produkten f\u00f6r att undvika att den v\u00e4lter. Alla uppgifter om belastningskapacitet avser maximal statisk belastningskapacitet p\u00e5 ett plant underlag.<\/p>\n","protected":false},"excerpt":{"rendered":"<p>SONGMICS garderob, kl\u00e4dst\u00e4llning med 5 bladformade krokar, inspirerad av tr\u00e4d, hattst\u00e4ll f\u00f6r entr\u00e9n, hallen, f\u00f6r rockar, hattar, v\u00e4skor, matt svart RCR27B<\/p>\n","protected":false},"featured_media":45692,"comment_status":"open","ping_status":"closed","template":"","meta":[],"product_brand":[],"product_cat":[33],"product_tag":[],"class_list":{"0":"post-18708","1":"product","2":"type-product","3":"status-publish","4":"has-post-thumbnail","6":"product_cat-okategoriserad","8":"first","9":"instock","10":"shipping-taxable","11":"purchasable","12":"product-type-simple"},"_links":{"self":[{"href":"https:\/\/nordicmart.andreevmaster.com\/sv\/wp-json\/wp\/v2\/product\/18708","targetHints":{"allow":["GET"]}}],"collection":[{"href":"https:\/\/nordicmart.andreevmaster.com\/sv\/wp-json\/wp\/v2\/product"}],"about":[{"href":"https:\/\/nordicmart.andreevmaster.com\/sv\/wp-json\/wp\/v2\/types\/product"}],"replies":[{"embeddable":true,"href":"https:\/\/nordicmart.andreevmaster.com\/sv\/wp-json\/wp\/v2\/comments?post=18708"}],"wp:featuredmedia":[{"embeddable":true,"href":"https:\/\/nordicmart.andreevmaster.com\/sv\/wp-json\/wp\/v2\/media\/45692"}],"wp:attachment":[{"href":"https:\/\/nordicmart.andreevmaster.com\/sv\/wp-json\/wp\/v2\/media?parent=18708"}],"wp:term":[{"taxonomy":"product_brand","embeddable":true,"href":"https:\/\/nordicmart.andreevmaster.com\/sv\/wp-json\/wp\/v2\/product_brand?post=18708"},{"taxonomy":"product_cat","embeddable":true,"href":"https:\/\/nordicmart.andreevmaster.com\/sv\/wp-json\/wp\/v2\/product_cat?post=18708"},{"taxonomy":"product_tag","embeddable":true,"href":"https:\/\/nordicmart.andreevmaster.com\/sv\/wp-json\/wp\/v2\/product_tag?post=18708"}],"curies":[{"name":"wp","href":"https:\/\/api.w.org\/{rel}","templated":true}]}}