{"id":18707,"date":"2026-02-27T00:41:10","date_gmt":"2026-02-27T00:41:10","guid":{"rendered":"https:\/\/nordicmart.andreevmaster.com\/product\/songmics-hattstall-i-industriell-design\/"},"modified":"2026-02-27T08:29:27","modified_gmt":"2026-02-27T08:29:27","slug":"songmics-hattstall-i-industriell-design","status":"publish","type":"product","link":"https:\/\/nordicmart.andreevmaster.com\/sv\/produkt\/songmics-hattstall-i-industriell-design\/","title":{"rendered":"SONGMICS hattst\u00e4ll i industriell design"},"content":{"rendered":"<p>Ordning och lugn: V\u00e5rt hem \u00e4r den plats d\u00e4r vi k\u00e4nner oss mest bekv\u00e4ma och kan koppla av ost\u00f6rt. Men ofta st\u00f6rs v\u00e5r ro av saker och kl\u00e4der som ligger och skr\u00e4par. L\u00f6s detta problem med denna kl\u00e4dh\u00e4ngare! Den har 6 krokar och en hylla och erbjuder gott om plats f\u00f6r kl\u00e4der, hattar, v\u00e4skor eller paraplyer.Dekoration med fabriksk\u00e4nsla: SONGMICS har beslutat att kombinera en rad urbana element p\u00e5 ett elegant och harmoniskt s\u00e4tt f\u00f6r att ge ditt hem en urban k\u00e4nsla. Strukturen med vattenr\u00f6rsst\u00e4nger och hyllplan i betonglook f\u00e5r din l\u00e4genhet att lysa i ett helt nytt ljus. Produktdetaljer: F\u00e4rg: Matt svart Material: J\u00e4rn, MDF (medeldensitetsfiberplatta) Storlek: 57 x 57 x 181,5 cm (L x B x H) Vikt: 3,5 kg Max. statisk belastningskapacitet per krok: 5 kg Leveransomfattning: 1 x garderob 1 x tillbeh\u00f6rsp\u00e5se 1 x instruktioner (DE, EN, ES, FR, IT) SONGMICS Anm\u00e4rkningar:F\u00f6rdela vikten j\u00e4mnt p\u00e5 produkten f\u00f6r att undvika att den v\u00e4lter. Alla uppgifter om belastningskapacitet avser maximal statisk belastningskapacitet p\u00e5 ett plant underlag.<\/p>\n","protected":false},"excerpt":{"rendered":"<p>SONGMICS Garderob, kl\u00e4dh\u00e4ngare med 6 krokar och hylla, urban industriell stil, hattst\u00e4ll f\u00f6r entr\u00e9n, hallen, f\u00f6r rockar, hattar, v\u00e4skor, svart RCR26BC<\/p>\n","protected":false},"featured_media":45691,"comment_status":"open","ping_status":"closed","template":"","meta":[],"product_brand":[],"product_cat":[33],"product_tag":[],"class_list":{"0":"post-18707","1":"product","2":"type-product","3":"status-publish","4":"has-post-thumbnail","6":"product_cat-okategoriserad","8":"first","9":"instock","10":"shipping-taxable","11":"purchasable","12":"product-type-simple"},"_links":{"self":[{"href":"https:\/\/nordicmart.andreevmaster.com\/sv\/wp-json\/wp\/v2\/product\/18707","targetHints":{"allow":["GET"]}}],"collection":[{"href":"https:\/\/nordicmart.andreevmaster.com\/sv\/wp-json\/wp\/v2\/product"}],"about":[{"href":"https:\/\/nordicmart.andreevmaster.com\/sv\/wp-json\/wp\/v2\/types\/product"}],"replies":[{"embeddable":true,"href":"https:\/\/nordicmart.andreevmaster.com\/sv\/wp-json\/wp\/v2\/comments?post=18707"}],"wp:featuredmedia":[{"embeddable":true,"href":"https:\/\/nordicmart.andreevmaster.com\/sv\/wp-json\/wp\/v2\/media\/45691"}],"wp:attachment":[{"href":"https:\/\/nordicmart.andreevmaster.com\/sv\/wp-json\/wp\/v2\/media?parent=18707"}],"wp:term":[{"taxonomy":"product_brand","embeddable":true,"href":"https:\/\/nordicmart.andreevmaster.com\/sv\/wp-json\/wp\/v2\/product_brand?post=18707"},{"taxonomy":"product_cat","embeddable":true,"href":"https:\/\/nordicmart.andreevmaster.com\/sv\/wp-json\/wp\/v2\/product_cat?post=18707"},{"taxonomy":"product_tag","embeddable":true,"href":"https:\/\/nordicmart.andreevmaster.com\/sv\/wp-json\/wp\/v2\/product_tag?post=18707"}],"curies":[{"name":"wp","href":"https:\/\/api.w.org\/{rel}","templated":true}]}}