{"id":18706,"date":"2026-02-27T00:41:10","date_gmt":"2026-02-27T00:41:10","guid":{"rendered":"https:\/\/nordicmart.andreevmaster.com\/product\/songmics-hattstall-med-hylla-svart\/"},"modified":"2026-02-27T08:29:27","modified_gmt":"2026-02-27T08:29:27","slug":"songmics-hattstall-med-hylla-svart","status":"publish","type":"product","link":"https:\/\/nordicmart.andreevmaster.com\/sv\/produkt\/songmics-hattstall-med-hylla-svart\/","title":{"rendered":"SONGMICS hattst\u00e4ll med hylla Svart"},"content":{"rendered":"<p>C-formade dubbla krokar H\u00e4ng upp tv\u00e5 kl\u00e4desplagg p\u00e5 en C-krok. Metallhylla i nedre delen F\u00f6rvara din v\u00e4ska, skor eller andra f\u00f6rem\u00e5l h\u00e4r. Fotk\u00e5por av plast Detta skyddar ditt golv fr\u00e5n repor. Produktdetaljer: F\u00e4rg: Matt svart Material: St\u00e5l, MDF (medeldensitetsfiberplatta) Storlek: 41 x 41 x 167,5 cm (L x B x H) Vikt: 3,6 kg Max. statisk belastningskapacitet per krok: 3 kg Leveransomfattning: 1 x garderob 1 x tillbeh\u00f6rsp\u00e5se 1 x bruksanvisning (DE, EN, ES, FR, IT) SONGMICS Anm\u00e4rkningar:F\u00f6rdela vikten j\u00e4mnt p\u00e5 produkten f\u00f6r att undvika att den v\u00e4lter. Alla uppgifter om belastningskapacitet avser maximal statisk belastningskapacitet p\u00e5 ett plant underlag.<\/p>\n","protected":false},"excerpt":{"rendered":"<p>SONGMICS Garderob, kl\u00e4dst\u00e4llning med 3 dubbla krokar, 3 L-krokar och hylla, modern, hattst\u00e4ll f\u00f6r entr\u00e9n, hallen, kontoret, f\u00f6r rockar, hattar, v\u00e4skor, svart RCR25B<\/p>\n","protected":false},"featured_media":45690,"comment_status":"open","ping_status":"closed","template":"","meta":[],"product_brand":[],"product_cat":[33],"product_tag":[],"class_list":{"0":"post-18706","1":"product","2":"type-product","3":"status-publish","4":"has-post-thumbnail","6":"product_cat-okategoriserad","8":"first","9":"instock","10":"shipping-taxable","11":"purchasable","12":"product-type-simple"},"_links":{"self":[{"href":"https:\/\/nordicmart.andreevmaster.com\/sv\/wp-json\/wp\/v2\/product\/18706","targetHints":{"allow":["GET"]}}],"collection":[{"href":"https:\/\/nordicmart.andreevmaster.com\/sv\/wp-json\/wp\/v2\/product"}],"about":[{"href":"https:\/\/nordicmart.andreevmaster.com\/sv\/wp-json\/wp\/v2\/types\/product"}],"replies":[{"embeddable":true,"href":"https:\/\/nordicmart.andreevmaster.com\/sv\/wp-json\/wp\/v2\/comments?post=18706"}],"wp:featuredmedia":[{"embeddable":true,"href":"https:\/\/nordicmart.andreevmaster.com\/sv\/wp-json\/wp\/v2\/media\/45690"}],"wp:attachment":[{"href":"https:\/\/nordicmart.andreevmaster.com\/sv\/wp-json\/wp\/v2\/media?parent=18706"}],"wp:term":[{"taxonomy":"product_brand","embeddable":true,"href":"https:\/\/nordicmart.andreevmaster.com\/sv\/wp-json\/wp\/v2\/product_brand?post=18706"},{"taxonomy":"product_cat","embeddable":true,"href":"https:\/\/nordicmart.andreevmaster.com\/sv\/wp-json\/wp\/v2\/product_cat?post=18706"},{"taxonomy":"product_tag","embeddable":true,"href":"https:\/\/nordicmart.andreevmaster.com\/sv\/wp-json\/wp\/v2\/product_tag?post=18706"}],"curies":[{"name":"wp","href":"https:\/\/api.w.org\/{rel}","templated":true}]}}