{"id":18705,"date":"2026-02-27T00:41:09","date_gmt":"2026-02-27T00:41:09","guid":{"rendered":"https:\/\/nordicmart.andreevmaster.com\/product\/songmics-hattstall-i-metall-vitt\/"},"modified":"2026-02-27T08:29:26","modified_gmt":"2026-02-27T08:29:26","slug":"songmics-hattstall-i-metall-vitt","status":"publish","type":"product","link":"https:\/\/nordicmart.andreevmaster.com\/sv\/produkt\/songmics-hattstall-i-metall-vitt\/","title":{"rendered":"SONGMICS hattst\u00e4ll i metall, vitt"},"content":{"rendered":"<p>L\u00e4gger du alltid dina jackor och rockar p\u00e5 stolen? Letar du alltid l\u00e4nge efter din handv\u00e4ska eftersom du inte kommer ih\u00e5g var du h\u00e4ngde den? Blir din befintliga garderob alltid \u00f6verfull vid f\u00f6delsedagar och familjefester?  D\u00e5 beh\u00f6ver du en Songmics garderob i hallen! Tack vare sina 12 garderobskrokar erbjuder den gott om plats f\u00f6r att h\u00e4nga upp kl\u00e4der och accessoarer. Krokarna \u00e4r f\u00f6rsedda med kulhuvuden som skyddar dina kl\u00e4der och halsdukar fr\u00e5n repor. De f\u00f6rst\u00e4rkta f\u00f6tterna g\u00f6r den ocks\u00e5 mycket stabil. Songmics garderob \u00e4r enkel att montera tack vare de f\u00f6rberedda skruvh\u00e5len och den medf\u00f6ljande monteringsanvisningen, som \u00e4r enkel och l\u00e4ttf\u00f6rst\u00e5elig, och tar dessutom lite plats (\u00d8 44 cm; h\u00f6jd: 182 cm). Den \u00e4r l\u00e4tt att flytta och kan placeras var som helst.  Med Songmics garderob kommer du att ha gl\u00e4dje av ditt k\u00f6p i m\u00e5nga \u00e5r. Produktdetaljer: &#8211; M\u00e5tt: 182 x 44 cm (H x \u00d8)  &#8211; Material: j\u00e4rnr\u00f6r &#8211; F\u00e4rg: vit &#8211; F\u00f6rpackningsm\u00e5tt: 73 x 28 x 5,5 cm &#8211; Nettovikt: 2,6 kg &#8211; Bruttovikt: 2,9 kg Leveransomfattning: &#8211; 1 x garderob &#8211; 1 x monteringsanvisning (DE, EN, FR, IT, ES)<\/p>\n","protected":false},"excerpt":{"rendered":"<p>SONGMICS H\u00f6jd 182 cm Garderobst\u00e4llning stabil metallkl\u00e4dst\u00e4llning Garderob vit RCR19W<\/p>\n","protected":false},"featured_media":45689,"comment_status":"open","ping_status":"closed","template":"","meta":[],"product_brand":[],"product_cat":[33],"product_tag":[],"class_list":{"0":"post-18705","1":"product","2":"type-product","3":"status-publish","4":"has-post-thumbnail","6":"product_cat-okategoriserad","8":"first","9":"instock","10":"shipping-taxable","11":"purchasable","12":"product-type-simple"},"_links":{"self":[{"href":"https:\/\/nordicmart.andreevmaster.com\/sv\/wp-json\/wp\/v2\/product\/18705","targetHints":{"allow":["GET"]}}],"collection":[{"href":"https:\/\/nordicmart.andreevmaster.com\/sv\/wp-json\/wp\/v2\/product"}],"about":[{"href":"https:\/\/nordicmart.andreevmaster.com\/sv\/wp-json\/wp\/v2\/types\/product"}],"replies":[{"embeddable":true,"href":"https:\/\/nordicmart.andreevmaster.com\/sv\/wp-json\/wp\/v2\/comments?post=18705"}],"wp:featuredmedia":[{"embeddable":true,"href":"https:\/\/nordicmart.andreevmaster.com\/sv\/wp-json\/wp\/v2\/media\/45689"}],"wp:attachment":[{"href":"https:\/\/nordicmart.andreevmaster.com\/sv\/wp-json\/wp\/v2\/media?parent=18705"}],"wp:term":[{"taxonomy":"product_brand","embeddable":true,"href":"https:\/\/nordicmart.andreevmaster.com\/sv\/wp-json\/wp\/v2\/product_brand?post=18705"},{"taxonomy":"product_cat","embeddable":true,"href":"https:\/\/nordicmart.andreevmaster.com\/sv\/wp-json\/wp\/v2\/product_cat?post=18705"},{"taxonomy":"product_tag","embeddable":true,"href":"https:\/\/nordicmart.andreevmaster.com\/sv\/wp-json\/wp\/v2\/product_tag?post=18705"}],"curies":[{"name":"wp","href":"https:\/\/api.w.org\/{rel}","templated":true}]}}