{"id":18703,"date":"2026-02-27T00:41:09","date_gmt":"2026-02-27T00:41:09","guid":{"rendered":"https:\/\/nordicmart.andreevmaster.com\/product\/songmics-hattstall-i-metall-svart\/"},"modified":"2026-02-27T08:29:26","modified_gmt":"2026-02-27T08:29:26","slug":"songmics-hattstall-i-metall-svart","status":"publish","type":"product","link":"https:\/\/nordicmart.andreevmaster.com\/sv\/produkt\/songmics-hattstall-i-metall-svart\/","title":{"rendered":"SONGMICS hattst\u00e4ll i metall, svart"},"content":{"rendered":"<p>Letar du efter en kl\u00e4dh\u00e4ngare som uppfyller m\u00e5nga olika krav? M\u00e5ste den vara l\u00e4tt att montera, platsbesparande och stabil? Denna kl\u00e4dh\u00e4ngare fr\u00e5n Songmics uppfyller alla dessa krav! Denna vackra och enkla kl\u00e4dh\u00e4ngare passar perfekt i alla entr\u00e9er och hallar. Med 8 krokar erbjuder den tillr\u00e4ckligt med plats f\u00f6r dina jackor, rockar, v\u00e4skor etc. och h\u00e5ller dem alltid dekorativt till hands. Den har gummik\u00e5por p\u00e5 varje krok f\u00f6r att skydda dina kl\u00e4der fr\u00e5n skador. Trebenet ger stabilitet och robusta j\u00e4rnr\u00f6r garanterar h\u00e5llbarhet.  Med Songmics kl\u00e4dst\u00e4llning kommer du att ha gl\u00e4dje av ditt k\u00f6p i m\u00e5nga \u00e5r. Observera:  Vid ensidig tung belastning tenderar stativet att tippa l\u00e4tt. Vi rekommenderar att du h\u00e4nger upp dina f\u00f6rem\u00e5l med j\u00e4mn viktf\u00f6rdelning p\u00e5 stativet. Produktdetaljer: &#8211; M\u00e5tt: H\u00f6jd: 176 cm, avst\u00e5nd mellan 2 f\u00f6tter: 49 cm  &#8211; Material: J\u00e4rnr\u00f6r  &#8211; F\u00e4rg: svart &#8211; F\u00f6rpackningsm\u00e5tt: 80 x 27,5 x 6 cm  &#8211; Nettovikt: 2,1 kg &#8211; Bruttovikt: 2,53 kg  Leveransomfattning:  &#8211; 1 x kl\u00e4dst\u00e4llning &#8211; 1 x bruksanvisning (DE, FR, IT, EN, ES)<\/p>\n","protected":false},"excerpt":{"rendered":"<p>SONGMICS stabil metallkl\u00e4dst\u00e4llning, garderob, h\u00f6jd ca 176 cm, svart RCR17B<\/p>\n","protected":false},"featured_media":45687,"comment_status":"open","ping_status":"closed","template":"","meta":[],"product_brand":[],"product_cat":[33],"product_tag":[],"class_list":{"0":"post-18703","1":"product","2":"type-product","3":"status-publish","4":"has-post-thumbnail","6":"product_cat-okategoriserad","8":"first","9":"instock","10":"shipping-taxable","11":"purchasable","12":"product-type-simple"},"_links":{"self":[{"href":"https:\/\/nordicmart.andreevmaster.com\/sv\/wp-json\/wp\/v2\/product\/18703","targetHints":{"allow":["GET"]}}],"collection":[{"href":"https:\/\/nordicmart.andreevmaster.com\/sv\/wp-json\/wp\/v2\/product"}],"about":[{"href":"https:\/\/nordicmart.andreevmaster.com\/sv\/wp-json\/wp\/v2\/types\/product"}],"replies":[{"embeddable":true,"href":"https:\/\/nordicmart.andreevmaster.com\/sv\/wp-json\/wp\/v2\/comments?post=18703"}],"wp:featuredmedia":[{"embeddable":true,"href":"https:\/\/nordicmart.andreevmaster.com\/sv\/wp-json\/wp\/v2\/media\/45687"}],"wp:attachment":[{"href":"https:\/\/nordicmart.andreevmaster.com\/sv\/wp-json\/wp\/v2\/media?parent=18703"}],"wp:term":[{"taxonomy":"product_brand","embeddable":true,"href":"https:\/\/nordicmart.andreevmaster.com\/sv\/wp-json\/wp\/v2\/product_brand?post=18703"},{"taxonomy":"product_cat","embeddable":true,"href":"https:\/\/nordicmart.andreevmaster.com\/sv\/wp-json\/wp\/v2\/product_cat?post=18703"},{"taxonomy":"product_tag","embeddable":true,"href":"https:\/\/nordicmart.andreevmaster.com\/sv\/wp-json\/wp\/v2\/product_tag?post=18703"}],"curies":[{"name":"wp","href":"https:\/\/api.w.org\/{rel}","templated":true}]}}