{"id":18702,"date":"2026-02-27T00:41:08","date_gmt":"2026-02-27T00:41:08","guid":{"rendered":"https:\/\/nordicmart.andreevmaster.com\/product\/vasagle-filigran-kladstallning-i-marmorlook\/"},"modified":"2026-02-27T08:29:26","modified_gmt":"2026-02-27T08:29:26","slug":"vasagle-filigran-kladstallning-i-marmorlook","status":"publish","type":"product","link":"https:\/\/nordicmart.andreevmaster.com\/sv\/produkt\/vasagle-filigran-kladstallning-i-marmorlook\/","title":{"rendered":"VASAGLE Filigran kl\u00e4dst\u00e4llning i marmorlook"},"content":{"rendered":"<p>En h\u00f6jdpunkt i rummet: Kombinationen av rena linjer och enkla f\u00e4rger g\u00f6r garderoben till en h\u00f6jdpunkt i ditt hem. Dessutom ger kombinationen av j\u00e4rnram och hyllor i marmorlook en fr\u00e4sch k\u00e4nsla. Mer \u00e4n bara ett dekorativt element: F\u00f6rutom sitt eleganta utseende \u00e4r garderoben ocks\u00e5 praktisk, s\u00e5 att alla dina vardagsf\u00f6rem\u00e5l kan h\u00e4ngas upp snyggt. P\u00e5 6 krokar och 2 hyllor hittar dina jackor, v\u00e4skor etc. en l\u00e4mplig plats. Denna garderob skapar ordning i din hall, s\u00e5 att en k\u00e4nsla av mysighet uppst\u00e5r s\u00e5 fort du kommer in i ditt hem. Produktdetaljer: F\u00e4rg: vit, marmorlook Material: j\u00e4rnram, MDF-skivor M\u00e5tt: 49 x 49 x 179 cm (L x B x H) Vikt: 4,46 kg Max. belastning per krok: 5 kg Max. belastning per hylla: 10 kg Leveransomfattning: 1 x garderob 1 x instruktioner (DE, EN, FR, ES, IT)<\/p>\n","protected":false},"excerpt":{"rendered":"<p>VASAGLE kl\u00e4dst\u00e4llning i tr\u00e4dform, kl\u00e4dst\u00e4llning, frist\u00e5ende garderob, med 2 hyllor, f\u00f6r kl\u00e4der, hattar, v\u00e4skor, industridesign, vintagebrun-svart RCR16BX<\/p>\n","protected":false},"featured_media":45686,"comment_status":"open","ping_status":"closed","template":"","meta":[],"product_brand":[],"product_cat":[33],"product_tag":[],"class_list":{"0":"post-18702","1":"product","2":"type-product","3":"status-publish","4":"has-post-thumbnail","6":"product_cat-okategoriserad","8":"first","9":"instock","10":"shipping-taxable","11":"purchasable","12":"product-type-simple"},"_links":{"self":[{"href":"https:\/\/nordicmart.andreevmaster.com\/sv\/wp-json\/wp\/v2\/product\/18702","targetHints":{"allow":["GET"]}}],"collection":[{"href":"https:\/\/nordicmart.andreevmaster.com\/sv\/wp-json\/wp\/v2\/product"}],"about":[{"href":"https:\/\/nordicmart.andreevmaster.com\/sv\/wp-json\/wp\/v2\/types\/product"}],"replies":[{"embeddable":true,"href":"https:\/\/nordicmart.andreevmaster.com\/sv\/wp-json\/wp\/v2\/comments?post=18702"}],"wp:featuredmedia":[{"embeddable":true,"href":"https:\/\/nordicmart.andreevmaster.com\/sv\/wp-json\/wp\/v2\/media\/45686"}],"wp:attachment":[{"href":"https:\/\/nordicmart.andreevmaster.com\/sv\/wp-json\/wp\/v2\/media?parent=18702"}],"wp:term":[{"taxonomy":"product_brand","embeddable":true,"href":"https:\/\/nordicmart.andreevmaster.com\/sv\/wp-json\/wp\/v2\/product_brand?post=18702"},{"taxonomy":"product_cat","embeddable":true,"href":"https:\/\/nordicmart.andreevmaster.com\/sv\/wp-json\/wp\/v2\/product_cat?post=18702"},{"taxonomy":"product_tag","embeddable":true,"href":"https:\/\/nordicmart.andreevmaster.com\/sv\/wp-json\/wp\/v2\/product_tag?post=18702"}],"curies":[{"name":"wp","href":"https:\/\/api.w.org\/{rel}","templated":true}]}}