{"id":18701,"date":"2026-02-27T00:41:08","date_gmt":"2026-02-27T00:41:08","guid":{"rendered":"https:\/\/nordicmart.andreevmaster.com\/product\/vasagle-garderob-i-industriell-design\/"},"modified":"2026-02-27T08:29:25","modified_gmt":"2026-02-27T08:29:25","slug":"vasagle-garderob-i-industriell-design","status":"publish","type":"product","link":"https:\/\/nordicmart.andreevmaster.com\/sv\/produkt\/vasagle-garderob-i-industriell-design\/","title":{"rendered":"VASAGLE garderob i industriell design"},"content":{"rendered":"<p>Ditt hem ska vara en fristad d\u00e4r du kan koppla av fr\u00e5n stressen i omv\u00e4rlden. Men \u00e4r det alltid kaos inomhus och kl\u00e4der, v\u00e4skor och annat som ligger och flyter omkring och f\u00f6rst\u00f6r den mysiga st\u00e4mningen? Hur kan du f\u00e5 ordning p\u00e5 r\u00f6ran? K\u00f6p SONGMICS kl\u00e4dh\u00e4ngare och ta det f\u00f6rsta steget mot att f\u00e5 bukt med kaoset. En h\u00f6jdpunkt i rummet Kombinationen av svart st\u00e5l och vintagehyllor g\u00f6r den enkla garderoben till en h\u00f6jdpunkt i ditt hem. Mer \u00e4n bara ett dekorativt element F\u00f6rutom det tilltalande utseendet \u00e4r garderoben ocks\u00e5 mycket praktisk, s\u00e5 att alla dina vardagsf\u00f6rem\u00e5l snart kan h\u00e4ngas upp snyggt. P\u00e5 6 krokar och 2 extra hyllor finns plats f\u00f6r dina jackor, v\u00e4skor etc. Denna garderob skapar ordning i din hall, s\u00e5 att du k\u00e4nner dig v\u00e4lkommen s\u00e5 fort du kommer hem. Produktdetaljer: &#8211; F\u00e4rg: Vintagebrun-svart &#8211; Material: St\u00e5l, MDF-skivor &#8211; M\u00e5tt: 49 x 179 x 49 cm (B x H x D) &#8211; Vikt: 4,46 kg &#8211; Max. belastning per krok: 5 kg &#8211; Max. belastning per hylla: 10 kg Leveransomfattning: &#8211; 1 x garderob &#8211; 1 x instruktioner (DE, EN, FR, ES, IT)<\/p>\n","protected":false},"excerpt":{"rendered":"<p>VASAGLE kl\u00e4dst\u00e4llning i tr\u00e4dform, kl\u00e4dst\u00e4llning, frist\u00e5ende garderob, med 2 hyllor, f\u00f6r kl\u00e4der, hattar, v\u00e4skor, industridesign, vintagebrun-svart RCR16BX<\/p>\n","protected":false},"featured_media":45685,"comment_status":"open","ping_status":"closed","template":"","meta":[],"product_brand":[],"product_cat":[33],"product_tag":[],"class_list":{"0":"post-18701","1":"product","2":"type-product","3":"status-publish","4":"has-post-thumbnail","6":"product_cat-okategoriserad","8":"first","9":"instock","10":"shipping-taxable","11":"purchasable","12":"product-type-simple"},"_links":{"self":[{"href":"https:\/\/nordicmart.andreevmaster.com\/sv\/wp-json\/wp\/v2\/product\/18701","targetHints":{"allow":["GET"]}}],"collection":[{"href":"https:\/\/nordicmart.andreevmaster.com\/sv\/wp-json\/wp\/v2\/product"}],"about":[{"href":"https:\/\/nordicmart.andreevmaster.com\/sv\/wp-json\/wp\/v2\/types\/product"}],"replies":[{"embeddable":true,"href":"https:\/\/nordicmart.andreevmaster.com\/sv\/wp-json\/wp\/v2\/comments?post=18701"}],"wp:featuredmedia":[{"embeddable":true,"href":"https:\/\/nordicmart.andreevmaster.com\/sv\/wp-json\/wp\/v2\/media\/45685"}],"wp:attachment":[{"href":"https:\/\/nordicmart.andreevmaster.com\/sv\/wp-json\/wp\/v2\/media?parent=18701"}],"wp:term":[{"taxonomy":"product_brand","embeddable":true,"href":"https:\/\/nordicmart.andreevmaster.com\/sv\/wp-json\/wp\/v2\/product_brand?post=18701"},{"taxonomy":"product_cat","embeddable":true,"href":"https:\/\/nordicmart.andreevmaster.com\/sv\/wp-json\/wp\/v2\/product_cat?post=18701"},{"taxonomy":"product_tag","embeddable":true,"href":"https:\/\/nordicmart.andreevmaster.com\/sv\/wp-json\/wp\/v2\/product_tag?post=18701"}],"curies":[{"name":"wp","href":"https:\/\/api.w.org\/{rel}","templated":true}]}}