{"id":18700,"date":"2026-02-27T00:41:08","date_gmt":"2026-02-27T00:41:08","guid":{"rendered":"https:\/\/nordicmart.andreevmaster.com\/product\/fristaende-kladhangare-kladhangare-hallmobel-med-2-hyllor-for-klader-hattar-vaskor-industriell-stil-rustik-brun-och-svart-rcr16bx\/"},"modified":"2026-02-27T08:29:25","modified_gmt":"2026-02-27T08:29:25","slug":"fristaende-kladhangare-kladhangare-hallmobel-med-2-hyllor-for-klader-hattar-vaskor-industriell-stil-rustik-brun-och-svart-rcr16bx","status":"publish","type":"product","link":"https:\/\/nordicmart.andreevmaster.com\/sv\/produkt\/fristaende-kladhangare-kladhangare-hallmobel-med-2-hyllor-for-klader-hattar-vaskor-industriell-stil-rustik-brun-och-svart-rcr16bx\/","title":{"rendered":"Frist\u00e5ende kl\u00e4dh\u00e4ngare, kl\u00e4dh\u00e4ngare, hallm\u00f6bel med 2 hyllor, f\u00f6r kl\u00e4der, hattar, v\u00e4skor, industriell stil, rustik brun och svart RCR16BX"},"content":{"rendered":"<p>Du kommer att \u00e4lska den! Har du ingenstans att organisera dina kl\u00e4der som ligger p\u00e5 soffan? Denna hallm\u00f6bel hj\u00e4lper dig att komma ur r\u00f6ran! Stativet har en enkel triangul\u00e4r silhuett och kan skryta med 6 eleganta krokar och tv\u00e5 robusta hyllor \u2013 h\u00e5ll ordning p\u00e5 dina saker.Stabilitet f\u00f6rst: Krokhyllan \u00e4r tillverkad av en st\u00e5lram och en tjock sp\u00e5nskiva och har \u00f6verl\u00e4gsen h\u00e5llbarhet och stabilitet; den triangul\u00e4ra basen ger extra stabilitet; varje krok kan b\u00e4ra upp till 11 lb, varje hylla 22 lb. Design f\u00f6r extra f\u00f6rvaring: Tv\u00e5 triangul\u00e4ra hyllor med en i\u00f6gonfallande rustik brun yta \u00e4r pricken \u00f6ver i p\u00e5 stativet och ger extra f\u00f6rvaringsutrymme; du kan l\u00e4gga till en krukv\u00e4xt f\u00f6r att ge det hela liv.Minimalistisk stil: Denna minimalistiska kl\u00e4dh\u00e4ngare skapar ett lugnt och organiserat rum med utrymme att andas i ditt hem; \u00f6ppna d\u00f6rren och ta av dig den tunga kappan, koppla av och slappna av i slutet av dagen.Vad du f\u00e5r: En kl\u00e4dh\u00e4ngare i industriell stil med 6 sl\u00e4ta krokar och tv\u00e5 triangul\u00e4ra f\u00f6rvaringshyllor, en tillbeh\u00f6rsp\u00e5se och en l\u00e4ttf\u00f6rst\u00e5elig bruksanvisning \u2013 ge ditt hem ett organiserat och stilfullt utseende. Ditt hem ska vara en fristad d\u00e4r du kan koppla av fr\u00e5n omv\u00e4rldens stress. Men \u00e4r ditt hem alltid st\u00f6kigt, med kl\u00e4der, v\u00e4skor och annat som flyger omkring och f\u00f6rst\u00f6r din mysiga st\u00e4mning? Hur kan du bli av med r\u00f6ran? K\u00f6p SONGMICS kl\u00e4dh\u00e4ngare och ta det f\u00f6rsta steget mot att eliminera kaoset. En h\u00f6jdpunkt i h\u00f6rnet av ditt rum Kombinationen av svart st\u00e5l och vintagehyllor g\u00f6r denna enkla kl\u00e4dh\u00e4ngare till en h\u00f6jdpunkt i ditt hem. Mer \u00e4n bara ett dekorativt element F\u00f6rutom sitt attraktiva utseende \u00e4r kl\u00e4dh\u00e4ngaren ocks\u00e5 mycket praktisk, s\u00e5 att du kan h\u00e4nga upp alla dina vardagsprylar snyggt. Det finns 6 krokar och 2 extra hyllor f\u00f6r dina jackor, v\u00e4skor osv. Denna kl\u00e4dh\u00e4ngare skapar \u00f6versk\u00e5dlighet i din hall, s\u00e5 att det uppst\u00e5r en k\u00e4nsla av mysighet s\u00e5 snart du kliver in i ditt hem. Produktdetaljer: &#8211; F\u00e4rg: Vintage brun-svart &#8211; Material: St\u00e5l, MDF-skivor &#8211; M\u00e5tt: 49 x 179 x 49 cm (B x H x D) &#8211; Vikt: 4,46 kg &#8211; Max. belastningskapacitet per krok: 5 kg &#8211; Max. belastningskapacitet per hylla: 10 kg Leveransomfattning: &#8211; 1 x kl\u00e4dh\u00e4ngare &#8211; 1 x bruksanvisning (DE, EN, FR, ES, IT)<\/p>\n","protected":false},"excerpt":{"rendered":"<p>Du kommer att \u00e4lska den! Har du ingenstans att organisera dina kl\u00e4der som ligger p\u00e5 soffan? Denna hallm\u00f6bel hj\u00e4lper dig att komma ur r\u00f6ran! Stativet har en enkel triangul\u00e4r silhuett och kan skryta med 6 eleganta krokar och tv\u00e5 robusta hyllor \u2013 h\u00e5ll ordning p\u00e5 dina saker.Stabilitet f\u00f6rst: Krokhyllan \u00e4r tillverkad av en st\u00e5lram och [&hellip;]<\/p>\n","protected":false},"featured_media":0,"comment_status":"open","ping_status":"closed","template":"","meta":[],"product_brand":[],"product_cat":[33],"product_tag":[],"class_list":{"0":"post-18700","1":"product","2":"type-product","3":"status-publish","5":"product_cat-okategoriserad","7":"first","8":"instock","9":"shipping-taxable","10":"product-type-simple"},"_links":{"self":[{"href":"https:\/\/nordicmart.andreevmaster.com\/sv\/wp-json\/wp\/v2\/product\/18700","targetHints":{"allow":["GET"]}}],"collection":[{"href":"https:\/\/nordicmart.andreevmaster.com\/sv\/wp-json\/wp\/v2\/product"}],"about":[{"href":"https:\/\/nordicmart.andreevmaster.com\/sv\/wp-json\/wp\/v2\/types\/product"}],"replies":[{"embeddable":true,"href":"https:\/\/nordicmart.andreevmaster.com\/sv\/wp-json\/wp\/v2\/comments?post=18700"}],"wp:attachment":[{"href":"https:\/\/nordicmart.andreevmaster.com\/sv\/wp-json\/wp\/v2\/media?parent=18700"}],"wp:term":[{"taxonomy":"product_brand","embeddable":true,"href":"https:\/\/nordicmart.andreevmaster.com\/sv\/wp-json\/wp\/v2\/product_brand?post=18700"},{"taxonomy":"product_cat","embeddable":true,"href":"https:\/\/nordicmart.andreevmaster.com\/sv\/wp-json\/wp\/v2\/product_cat?post=18700"},{"taxonomy":"product_tag","embeddable":true,"href":"https:\/\/nordicmart.andreevmaster.com\/sv\/wp-json\/wp\/v2\/product_tag?post=18700"}],"curies":[{"name":"wp","href":"https:\/\/api.w.org\/{rel}","templated":true}]}}