{"id":18699,"date":"2026-02-27T00:41:08","date_gmt":"2026-02-27T00:41:08","guid":{"rendered":"https:\/\/nordicmart.andreevmaster.com\/product\/songmics-garderob-i-tradform-vit\/"},"modified":"2026-02-27T08:29:25","modified_gmt":"2026-02-27T08:29:25","slug":"songmics-garderob-i-tradform-vit","status":"publish","type":"product","link":"https:\/\/nordicmart.andreevmaster.com\/sv\/produkt\/songmics-garderob-i-tradform-vit\/","title":{"rendered":"SONGMICS garderob i tr\u00e4dform, vit"},"content":{"rendered":"<p>Ditt hem ska vara en fristad d\u00e4r du kan koppla av fr\u00e5n stressen i omv\u00e4rlden. Men \u00e4r det alltid kaos inomhus och kl\u00e4der, v\u00e4skor och annat som ligger och flyter omkring och f\u00f6rst\u00f6r den mysiga st\u00e4mningen? Hur kan du f\u00e5 ordning p\u00e5 r\u00f6ran?  K\u00f6p SONGMICS kl\u00e4dh\u00e4ngare och ta det f\u00f6rsta steget mot att f\u00e5 bort kaoset. En h\u00f6jdpunkt i rummet Samspelet mellan rena linjer och enkla f\u00e4rger g\u00f6r garderoben till en h\u00f6jdpunkt i ditt hem. Dessutom ger kombinationen av j\u00e4rnram och boktr\u00e4 en fr\u00e4sch k\u00e4nsla. Mer \u00e4n bara ett dekorativt element F\u00f6rutom det tilltalande utseendet \u00e4r garderoben ocks\u00e5 mycket praktisk, s\u00e5 att alla dina vardagsf\u00f6rem\u00e5l snart kan h\u00e4ngas upp snyggt. P\u00e5 9 krokar hittar dina jackor, v\u00e4skor etc. en l\u00e4mplig plats. Denna garderob skapar ordning i din hall, s\u00e5 att en k\u00e4nsla av mysighet uppst\u00e5r s\u00e5 fort du kommer in i ditt hem. Produktdetaljer: &#8211; F\u00e4rg: vit, naturf\u00e4rgad &#8211; Material: j\u00e4rnram, boktr\u00e4 &#8211; M\u00e5tt: 49 x 172 x 49 cm (B x H x D) &#8211; Vikt: 3 kg &#8211; Max. belastning per krok: 5 kg Leveransomfattning: &#8211; 1 x garderob &#8211; 1 x bruksanvisning (DE, EN, FR, ES, IT) SONGMICS Anm\u00e4rkningar: &#8211; Om du vill ta ner dina kl\u00e4der, dra inte i dem med ryck f\u00f6r att undvika att garderoben v\u00e4lter.<\/p>\n","protected":false},"excerpt":{"rendered":"<p>SONGMICS kl\u00e4dh\u00e4ngare i tr\u00e4dform, kl\u00e4dst\u00e4ll, frist\u00e5ende garderob, med 9 krokar i boktr\u00e4, f\u00f6r kl\u00e4der, hattar, v\u00e4skor, vit naturf\u00e4rg RCR15WY<\/p>\n","protected":false},"featured_media":45684,"comment_status":"open","ping_status":"closed","template":"","meta":[],"product_brand":[],"product_cat":[33],"product_tag":[],"class_list":{"0":"post-18699","1":"product","2":"type-product","3":"status-publish","4":"has-post-thumbnail","6":"product_cat-okategoriserad","8":"first","9":"instock","10":"shipping-taxable","11":"purchasable","12":"product-type-simple"},"_links":{"self":[{"href":"https:\/\/nordicmart.andreevmaster.com\/sv\/wp-json\/wp\/v2\/product\/18699","targetHints":{"allow":["GET"]}}],"collection":[{"href":"https:\/\/nordicmart.andreevmaster.com\/sv\/wp-json\/wp\/v2\/product"}],"about":[{"href":"https:\/\/nordicmart.andreevmaster.com\/sv\/wp-json\/wp\/v2\/types\/product"}],"replies":[{"embeddable":true,"href":"https:\/\/nordicmart.andreevmaster.com\/sv\/wp-json\/wp\/v2\/comments?post=18699"}],"wp:featuredmedia":[{"embeddable":true,"href":"https:\/\/nordicmart.andreevmaster.com\/sv\/wp-json\/wp\/v2\/media\/45684"}],"wp:attachment":[{"href":"https:\/\/nordicmart.andreevmaster.com\/sv\/wp-json\/wp\/v2\/media?parent=18699"}],"wp:term":[{"taxonomy":"product_brand","embeddable":true,"href":"https:\/\/nordicmart.andreevmaster.com\/sv\/wp-json\/wp\/v2\/product_brand?post=18699"},{"taxonomy":"product_cat","embeddable":true,"href":"https:\/\/nordicmart.andreevmaster.com\/sv\/wp-json\/wp\/v2\/product_cat?post=18699"},{"taxonomy":"product_tag","embeddable":true,"href":"https:\/\/nordicmart.andreevmaster.com\/sv\/wp-json\/wp\/v2\/product_tag?post=18699"}],"curies":[{"name":"wp","href":"https:\/\/api.w.org\/{rel}","templated":true}]}}