{"id":18697,"date":"2026-02-27T00:41:07","date_gmt":"2026-02-27T00:41:07","guid":{"rendered":"https:\/\/nordicmart.andreevmaster.com\/product\/songmics-garderobstallning-vit\/"},"modified":"2026-02-27T08:29:24","modified_gmt":"2026-02-27T08:29:24","slug":"songmics-garderobstallning-vit","status":"publish","type":"product","link":"https:\/\/nordicmart.andreevmaster.com\/sv\/produkt\/songmics-garderobstallning-vit\/","title":{"rendered":"SONGMICS Garderobst\u00e4llning Vit"},"content":{"rendered":"<p>Denna frist\u00e5ende kl\u00e4dh\u00e4ngare \u00e4r precis vad du beh\u00f6ver f\u00f6r att bli lycklig. Ett snyggt hem g\u00f6r helt enkelt lycklig. K\u00f6p denna kl\u00e4dh\u00e4ngare fr\u00e5n VASAGLE och ta det f\u00f6rsta steget mot ett lyckligare hem. Rensa bort kl\u00e4dh\u00f6garna fr\u00e5n soffan och f\u00f6rvandla din l\u00e4genhet till en plats d\u00e4r du trivs igen. H\u00f6jdpunkterna med denna kl\u00e4dh\u00e4ngare i korthet: &#8211; Tack vare en rund bas med stor diameter \u00e4r denna garderob stabil och v\u00e4lter inte n\u00e4r du h\u00e4nger din jacka p\u00e5 en krok. Dessutom \u00e4r den extremt robust och h\u00e5llbar. &#8211; 7 krokar med rundade \u00e4ndar d\u00e4r du kan h\u00e4nga kl\u00e4der, v\u00e4skor och andra f\u00f6rem\u00e5l s\u00e5 att de \u00e4r l\u00e4ttillg\u00e4ngliga och v\u00e4lv\u00e5rdade. &#8211; Monteringen kommer inte att ge dig n\u00e5gra huvudbry: det \u00e4r barnsligt enkelt att montera denna garderob! Produktdetaljer: &#8211; F\u00e4rg: Vit &#8211; Material: Kautschuktr\u00e4 (st\u00e5ng och krokar), MDF (medeldensitetsfiberplatta) (rund bas) &#8211; Storlek: 38 x 175 cm (\u00d8 x H) &#8211; Tjocklek p\u00e5 kl\u00e4dst\u00e5ng: 4 cm &#8211; L\u00e4ngd per krok: 12,5 cm &#8211; Vikt: 3,3 kg &#8211; Max. statisk belastningskapacitet per krok (vid j\u00e4mn viktf\u00f6rdelning): 5 kg &#8211; Max. statisk belastningskapacitet totalt (vid j\u00e4mn viktf\u00f6rdelning): 20 kg Leveransomfattning:- 1 x garderobstativ &#8211; 1 x tillbeh\u00f6rsp\u00e5se &#8211; 1 x bruksanvisning (DE, EN, FR, ES, IT) VASAGLE Anm\u00e4rkningar: &#8211; Uts\u00e4tt inte produkten f\u00f6r direkt solljus under l\u00e4ngre tid. &#8211; Produkten f\u00e5r inte komma i kontakt med vassa f\u00f6rem\u00e5l f\u00f6r att undvika skador.<\/p>\n","protected":false},"excerpt":{"rendered":"<p>SONGMICS Garderob, kl\u00e4dh\u00e4ngare, 7 krokar med rundade \u00e4ndar, frist\u00e5ende garderob i tr\u00e4dform, tr\u00e4, f\u00f6r kl\u00e4der, hattar, v\u00e4skor, hall, vardagsrum, vit RCR07WT<\/p>\n","protected":false},"featured_media":45682,"comment_status":"open","ping_status":"closed","template":"","meta":[],"product_brand":[],"product_cat":[33],"product_tag":[],"class_list":{"0":"post-18697","1":"product","2":"type-product","3":"status-publish","4":"has-post-thumbnail","6":"product_cat-okategoriserad","8":"first","9":"instock","10":"shipping-taxable","11":"purchasable","12":"product-type-simple"},"_links":{"self":[{"href":"https:\/\/nordicmart.andreevmaster.com\/sv\/wp-json\/wp\/v2\/product\/18697","targetHints":{"allow":["GET"]}}],"collection":[{"href":"https:\/\/nordicmart.andreevmaster.com\/sv\/wp-json\/wp\/v2\/product"}],"about":[{"href":"https:\/\/nordicmart.andreevmaster.com\/sv\/wp-json\/wp\/v2\/types\/product"}],"replies":[{"embeddable":true,"href":"https:\/\/nordicmart.andreevmaster.com\/sv\/wp-json\/wp\/v2\/comments?post=18697"}],"wp:featuredmedia":[{"embeddable":true,"href":"https:\/\/nordicmart.andreevmaster.com\/sv\/wp-json\/wp\/v2\/media\/45682"}],"wp:attachment":[{"href":"https:\/\/nordicmart.andreevmaster.com\/sv\/wp-json\/wp\/v2\/media?parent=18697"}],"wp:term":[{"taxonomy":"product_brand","embeddable":true,"href":"https:\/\/nordicmart.andreevmaster.com\/sv\/wp-json\/wp\/v2\/product_brand?post=18697"},{"taxonomy":"product_cat","embeddable":true,"href":"https:\/\/nordicmart.andreevmaster.com\/sv\/wp-json\/wp\/v2\/product_cat?post=18697"},{"taxonomy":"product_tag","embeddable":true,"href":"https:\/\/nordicmart.andreevmaster.com\/sv\/wp-json\/wp\/v2\/product_tag?post=18697"}],"curies":[{"name":"wp","href":"https:\/\/api.w.org\/{rel}","templated":true}]}}