{"id":18696,"date":"2026-02-27T00:41:07","date_gmt":"2026-02-27T00:41:07","guid":{"rendered":"https:\/\/nordicmart.andreevmaster.com\/product\/vasagle-fristaende-kladstall\/"},"modified":"2026-02-27T08:29:24","modified_gmt":"2026-02-27T08:29:24","slug":"vasagle-fristaende-kladstall","status":"publish","type":"product","link":"https:\/\/nordicmart.andreevmaster.com\/sv\/produkt\/vasagle-fristaende-kladstall\/","title":{"rendered":"VASAGLE Frist\u00e5ende kl\u00e4dst\u00e4ll"},"content":{"rendered":"<p>Denna frist\u00e5ende kl\u00e4dst\u00e4llning \u00e4r precis vad du beh\u00f6ver f\u00f6r att bli lycklig<br \/>\nEtt snyggt hem g\u00f6r helt enkelt lycklig. K\u00f6p denna kl\u00e4dh\u00e4ngare fr\u00e5n VASAGLE och ta det f\u00f6rsta steget mot ett lyckligare hem. Rensa bort kl\u00e4dh\u00f6garna fr\u00e5n soffan och f\u00f6rvandla din l\u00e4genhet till en plats d\u00e4r du trivs igen.<\/p>\n<p>\u00d6versikt \u00f6ver h\u00f6jdpunkterna i denna kl\u00e4dh\u00e4ngare:<br \/>\n&#8211; Tack vare ett trebent stativ \u00e4r denna kl\u00e4dh\u00e4ngare stabil och v\u00e4lter inte n\u00e4r du h\u00e4nger din jacka p\u00e5 en krok. Dessutom \u00e4r den extremt robust och h\u00e5llbar.<br \/>\n&#8211; 8 krokar med rundade \u00e4ndar d\u00e4r du kan h\u00e4nga kl\u00e4der, v\u00e4skor och andra f\u00f6rem\u00e5l s\u00e5 att de \u00e4r l\u00e4ttillg\u00e4ngliga och v\u00e4lv\u00e5rdade.<br \/>\n&#8211; Monteringen kommer inte att ge dig huvudbry: Det \u00e4r barnsligt enkelt att montera denna garderob! Produktdetaljer:<br \/>\n&#8211; F\u00e4rg: Vit<br \/>\n&#8211; Material: Kautschuktr\u00e4<br \/>\n&#8211; Storlek: 47 x 47 x 175 cm (L x B x H)<br \/>\n&#8211; L\u00e4ngd per krok: 12,3 cm<br \/>\n&#8211; Vikt: 2,2 kg<br \/>\n&#8211; Max. statisk belastningskapacitet per krok: 5 kg<br \/>\n&#8211; Max. statisk belastningskapacitet totalt: 15 kg<\/p>\n<p>Leveransomfattning:<br \/>\n&#8211; 1 x garderob<br \/>\n&#8211; 1 x bruksanvisning (DE, EN, FR, ES, IT)<\/p>\n<p>VASAGLE Anm\u00e4rkningar:<br \/>\n&#8211; Uts\u00e4tt inte produkten f\u00f6r direkt solljus under l\u00e4ngre tid.<\/p>\n","protected":false},"excerpt":{"rendered":"<p>VASAGLE kl\u00e4dst\u00e4llning, frist\u00e5ende kl\u00e4dst\u00e4llning, garderob i massivt tr\u00e4, i tr\u00e4dform, med 8 krokar, f\u00f6r kl\u00e4der, hattar, v\u00e4skor, hall, entr\u00e9, vit RCR04WT<\/p>\n","protected":false},"featured_media":45681,"comment_status":"open","ping_status":"closed","template":"","meta":[],"product_brand":[],"product_cat":[33],"product_tag":[],"class_list":{"0":"post-18696","1":"product","2":"type-product","3":"status-publish","4":"has-post-thumbnail","6":"product_cat-okategoriserad","8":"first","9":"instock","10":"shipping-taxable","11":"purchasable","12":"product-type-simple"},"_links":{"self":[{"href":"https:\/\/nordicmart.andreevmaster.com\/sv\/wp-json\/wp\/v2\/product\/18696","targetHints":{"allow":["GET"]}}],"collection":[{"href":"https:\/\/nordicmart.andreevmaster.com\/sv\/wp-json\/wp\/v2\/product"}],"about":[{"href":"https:\/\/nordicmart.andreevmaster.com\/sv\/wp-json\/wp\/v2\/types\/product"}],"replies":[{"embeddable":true,"href":"https:\/\/nordicmart.andreevmaster.com\/sv\/wp-json\/wp\/v2\/comments?post=18696"}],"wp:featuredmedia":[{"embeddable":true,"href":"https:\/\/nordicmart.andreevmaster.com\/sv\/wp-json\/wp\/v2\/media\/45681"}],"wp:attachment":[{"href":"https:\/\/nordicmart.andreevmaster.com\/sv\/wp-json\/wp\/v2\/media?parent=18696"}],"wp:term":[{"taxonomy":"product_brand","embeddable":true,"href":"https:\/\/nordicmart.andreevmaster.com\/sv\/wp-json\/wp\/v2\/product_brand?post=18696"},{"taxonomy":"product_cat","embeddable":true,"href":"https:\/\/nordicmart.andreevmaster.com\/sv\/wp-json\/wp\/v2\/product_cat?post=18696"},{"taxonomy":"product_tag","embeddable":true,"href":"https:\/\/nordicmart.andreevmaster.com\/sv\/wp-json\/wp\/v2\/product_tag?post=18696"}],"curies":[{"name":"wp","href":"https:\/\/api.w.org\/{rel}","templated":true}]}}