{"id":18694,"date":"2026-02-27T00:41:06","date_gmt":"2026-02-27T00:41:06","guid":{"rendered":"https:\/\/nordicmart.andreevmaster.com\/product\/songmics-garderob-i-kaktusform-molnvit\/"},"modified":"2026-02-27T08:29:24","modified_gmt":"2026-02-27T08:29:24","slug":"songmics-garderob-i-kaktusform-molnvit","status":"publish","type":"product","link":"https:\/\/nordicmart.andreevmaster.com\/sv\/produkt\/songmics-garderob-i-kaktusform-molnvit\/","title":{"rendered":"SONGMICS garderob i kaktusform molnvit"},"content":{"rendered":"<p>SONGMICS HOME Garderob i tr\u00e4dform, kl\u00e4dst\u00e4llning, frist\u00e5ende garderob, 8 krokar med rundade \u00e4ndar, 175,3 cm h\u00f6g, f\u00f6r kl\u00e4der, hattar, v\u00e4skor, bl\u00e4ck svart RCR037B01<br \/>\nF\u00e4rg: Molnvit<br \/>\nMaterial: st\u00e5l, MDF (medeldensitetsfiberplatta)<br \/>\nStorlek: 40 x 40 x 175,3 cm (D x B x H)<br \/>\nVikt: 4,8 kg<br \/>\nMax. statisk belastningskapacitet per krok: 5 kg<br \/>\nMax. statisk belastningskapacitet totalt: 40 kg<\/p>\n","protected":false},"excerpt":{"rendered":"<p>SONGMICS HOME Garderob i tr\u00e4dform, kl\u00e4dst\u00e4llning, frist\u00e5ende garderob, 8 krokar med rundade \u00e4ndar, 175,3 cm h\u00f6g, f\u00f6r kl\u00e4der, hattar, v\u00e4skor, bl\u00e4ck svart RCR037B01<\/p>\n","protected":false},"featured_media":45679,"comment_status":"open","ping_status":"closed","template":"","meta":[],"product_brand":[],"product_cat":[33],"product_tag":[],"class_list":{"0":"post-18694","1":"product","2":"type-product","3":"status-publish","4":"has-post-thumbnail","6":"product_cat-okategoriserad","8":"first","9":"instock","10":"shipping-taxable","11":"purchasable","12":"product-type-simple"},"_links":{"self":[{"href":"https:\/\/nordicmart.andreevmaster.com\/sv\/wp-json\/wp\/v2\/product\/18694","targetHints":{"allow":["GET"]}}],"collection":[{"href":"https:\/\/nordicmart.andreevmaster.com\/sv\/wp-json\/wp\/v2\/product"}],"about":[{"href":"https:\/\/nordicmart.andreevmaster.com\/sv\/wp-json\/wp\/v2\/types\/product"}],"replies":[{"embeddable":true,"href":"https:\/\/nordicmart.andreevmaster.com\/sv\/wp-json\/wp\/v2\/comments?post=18694"}],"wp:featuredmedia":[{"embeddable":true,"href":"https:\/\/nordicmart.andreevmaster.com\/sv\/wp-json\/wp\/v2\/media\/45679"}],"wp:attachment":[{"href":"https:\/\/nordicmart.andreevmaster.com\/sv\/wp-json\/wp\/v2\/media?parent=18694"}],"wp:term":[{"taxonomy":"product_brand","embeddable":true,"href":"https:\/\/nordicmart.andreevmaster.com\/sv\/wp-json\/wp\/v2\/product_brand?post=18694"},{"taxonomy":"product_cat","embeddable":true,"href":"https:\/\/nordicmart.andreevmaster.com\/sv\/wp-json\/wp\/v2\/product_cat?post=18694"},{"taxonomy":"product_tag","embeddable":true,"href":"https:\/\/nordicmart.andreevmaster.com\/sv\/wp-json\/wp\/v2\/product_tag?post=18694"}],"curies":[{"name":"wp","href":"https:\/\/api.w.org\/{rel}","templated":true}]}}