{"id":18690,"date":"2026-02-27T00:41:05","date_gmt":"2026-02-27T00:41:05","guid":{"rendered":"https:\/\/nordicmart.andreevmaster.com\/product\/songmics-vagghangd-kladhangare-i-tradform-med-7-krokar-parlvit\/"},"modified":"2026-02-27T08:29:23","modified_gmt":"2026-02-27T08:29:23","slug":"songmics-vagghangd-kladhangare-i-tradform-med-7-krokar-parlvit","status":"publish","type":"product","link":"https:\/\/nordicmart.andreevmaster.com\/sv\/produkt\/songmics-vagghangd-kladhangare-i-tradform-med-7-krokar-parlvit\/","title":{"rendered":"SONGMICS V\u00e4ggh\u00e4ngd kl\u00e4dh\u00e4ngare i tr\u00e4dform med 7 krokar p\u00e4rlvit"},"content":{"rendered":"<p>SONGMICS HOME V\u00e4ggh\u00e4ngare, kl\u00e4dh\u00e4ngare i tr\u00e4dform, 4 stora kl\u00e4dkrokar, 3 runda krokar, kulknoppar, f\u00f6r kl\u00e4der, hattar, v\u00e4skor, bl\u00e4ck svart RCR035B01<br \/>\nF\u00e4rg: p\u00e4rlvit<br \/>\nMaterial: St\u00e5l<br \/>\nStorlek: 13 x 19 x 41 cm (D x B x H)<br \/>\nVikt: 0,8 kg<br \/>\nMax. statisk belastningskapacitet per krok: 3 kg<br \/>\nMax. statisk belastningskapacitet totalt: 21 kg<\/p>\n","protected":false},"excerpt":{"rendered":"<p>SONGMICS HOME V\u00e4ggh\u00e4ngare, kl\u00e4dh\u00e4ngare i tr\u00e4dform, 4 stora kl\u00e4dkrokar, 3 runda krokar, kulknoppar, f\u00f6r kl\u00e4der, hattar, v\u00e4skor, bl\u00e4ck svart RCR035B01<\/p>\n","protected":false},"featured_media":45675,"comment_status":"open","ping_status":"closed","template":"","meta":[],"product_brand":[],"product_cat":[33],"product_tag":[],"class_list":{"0":"post-18690","1":"product","2":"type-product","3":"status-publish","4":"has-post-thumbnail","6":"product_cat-okategoriserad","8":"first","9":"instock","10":"shipping-taxable","11":"purchasable","12":"product-type-simple"},"_links":{"self":[{"href":"https:\/\/nordicmart.andreevmaster.com\/sv\/wp-json\/wp\/v2\/product\/18690","targetHints":{"allow":["GET"]}}],"collection":[{"href":"https:\/\/nordicmart.andreevmaster.com\/sv\/wp-json\/wp\/v2\/product"}],"about":[{"href":"https:\/\/nordicmart.andreevmaster.com\/sv\/wp-json\/wp\/v2\/types\/product"}],"replies":[{"embeddable":true,"href":"https:\/\/nordicmart.andreevmaster.com\/sv\/wp-json\/wp\/v2\/comments?post=18690"}],"wp:featuredmedia":[{"embeddable":true,"href":"https:\/\/nordicmart.andreevmaster.com\/sv\/wp-json\/wp\/v2\/media\/45675"}],"wp:attachment":[{"href":"https:\/\/nordicmart.andreevmaster.com\/sv\/wp-json\/wp\/v2\/media?parent=18690"}],"wp:term":[{"taxonomy":"product_brand","embeddable":true,"href":"https:\/\/nordicmart.andreevmaster.com\/sv\/wp-json\/wp\/v2\/product_brand?post=18690"},{"taxonomy":"product_cat","embeddable":true,"href":"https:\/\/nordicmart.andreevmaster.com\/sv\/wp-json\/wp\/v2\/product_cat?post=18690"},{"taxonomy":"product_tag","embeddable":true,"href":"https:\/\/nordicmart.andreevmaster.com\/sv\/wp-json\/wp\/v2\/product_tag?post=18690"}],"curies":[{"name":"wp","href":"https:\/\/api.w.org\/{rel}","templated":true}]}}