{"id":18687,"date":"2026-02-27T00:41:04","date_gmt":"2026-02-27T00:41:04","guid":{"rendered":"https:\/\/nordicmart.andreevmaster.com\/product\/vasagle-kladstallning-med-8-krokar-och-avstallningsyta-naturbeige\/"},"modified":"2026-02-27T08:29:22","modified_gmt":"2026-02-27T08:29:22","slug":"vasagle-kladstallning-med-8-krokar-och-avstallningsyta-naturbeige","status":"publish","type":"product","link":"https:\/\/nordicmart.andreevmaster.com\/sv\/produkt\/vasagle-kladstallning-med-8-krokar-och-avstallningsyta-naturbeige\/","title":{"rendered":"VASAGLE kl\u00e4dst\u00e4llning med 8 krokar och avst\u00e4llningsyta naturbeige"},"content":{"rendered":"<p>VASAGLE garderob, kl\u00e4dh\u00e4ngare, med 8 krokar och avst\u00e4llningsyta, 170,5 cm h\u00f6g f\u00f6r rockar, hattar, v\u00e4skor, entr\u00e9, hall, sovrum, bl\u00e4ck svart RCR033B01<br \/>\nF\u00e4rg: Naturbeige<br \/>\nMaterial: Kautschuktr\u00e4, MDF (medeldensitetsfiberplatta)<br \/>\nStorlek: 34,7 x 34,7 x 170,5 cm (D x B x H)<br \/>\nVikt: 3,8 kg<br \/>\nMax. statisk belastningskapacitet per krok: 4 kg<br \/>\nMax. statisk belastningskapacitet f\u00f6r hyllplanet: 10 kg<br \/>\nMax. statisk belastningskapacitet totalt: 40 kg<\/p>\n","protected":false},"excerpt":{"rendered":"<p>VASAGLE garderob, kl\u00e4dh\u00e4ngare, med 8 krokar och avst\u00e4llningsyta, 170,5 cm h\u00f6g f\u00f6r rockar, hattar, v\u00e4skor, entr\u00e9, hall, sovrum, bl\u00e4ck svart RCR033B01<\/p>\n","protected":false},"featured_media":0,"comment_status":"open","ping_status":"closed","template":"","meta":[],"product_brand":[],"product_cat":[33],"product_tag":[],"class_list":{"0":"post-18687","1":"product","2":"type-product","3":"status-publish","5":"product_cat-okategoriserad","7":"first","8":"instock","9":"shipping-taxable","10":"purchasable","11":"product-type-simple"},"_links":{"self":[{"href":"https:\/\/nordicmart.andreevmaster.com\/sv\/wp-json\/wp\/v2\/product\/18687","targetHints":{"allow":["GET"]}}],"collection":[{"href":"https:\/\/nordicmart.andreevmaster.com\/sv\/wp-json\/wp\/v2\/product"}],"about":[{"href":"https:\/\/nordicmart.andreevmaster.com\/sv\/wp-json\/wp\/v2\/types\/product"}],"replies":[{"embeddable":true,"href":"https:\/\/nordicmart.andreevmaster.com\/sv\/wp-json\/wp\/v2\/comments?post=18687"}],"wp:attachment":[{"href":"https:\/\/nordicmart.andreevmaster.com\/sv\/wp-json\/wp\/v2\/media?parent=18687"}],"wp:term":[{"taxonomy":"product_brand","embeddable":true,"href":"https:\/\/nordicmart.andreevmaster.com\/sv\/wp-json\/wp\/v2\/product_brand?post=18687"},{"taxonomy":"product_cat","embeddable":true,"href":"https:\/\/nordicmart.andreevmaster.com\/sv\/wp-json\/wp\/v2\/product_cat?post=18687"},{"taxonomy":"product_tag","embeddable":true,"href":"https:\/\/nordicmart.andreevmaster.com\/sv\/wp-json\/wp\/v2\/product_tag?post=18687"}],"curies":[{"name":"wp","href":"https:\/\/api.w.org\/{rel}","templated":true}]}}