{"id":18683,"date":"2026-02-27T00:41:03","date_gmt":"2026-02-27T00:41:03","guid":{"rendered":"https:\/\/nordicmart.andreevmaster.com\/product\/songmics-garderobstallning-i-metall-svart\/"},"modified":"2026-02-27T08:29:21","modified_gmt":"2026-02-27T08:29:21","slug":"songmics-garderobstallning-i-metall-svart","status":"publish","type":"product","link":"https:\/\/nordicmart.andreevmaster.com\/sv\/produkt\/songmics-garderobstallning-i-metall-svart\/","title":{"rendered":"SONGMICS Garderobst\u00e4llning i metall Svart"},"content":{"rendered":"<p>Produktdetaljer: F\u00e4rg: Vit Material: St\u00e5l Storlek: 55 x 55 x 180 cm (B x H x D) Vikt: 2,8 kg Max. statisk belastningskapacitet per krok: 5 kg Leveransomfattning: 1 x kl\u00e4dst\u00e4llning 1 x tillbeh\u00f6rspaket 1 x bruksanvisning SONGMICS Anm\u00e4rkningar:Av s\u00e4kerhetssk\u00e4l \u00e4r det f\u00f6rbjudet f\u00f6r barn att kl\u00e4ttra p\u00e5 kl\u00e4dh\u00e4ngaren eller leka med den.<\/p>\n","protected":false},"excerpt":{"rendered":"<p>SONGMICS kl\u00e4dh\u00e4ngare, kl\u00e4dh\u00e4ngare i metall med 12 krokar, garderob, 4 ben, jackh\u00e4ngare f\u00f6r rockar, hattar, v\u00e4skor, f\u00f6r hall, sovrum, kontor, svart RCR031B01<\/p>\n","protected":false},"featured_media":45669,"comment_status":"open","ping_status":"closed","template":"","meta":[],"product_brand":[],"product_cat":[33],"product_tag":[],"class_list":{"0":"post-18683","1":"product","2":"type-product","3":"status-publish","4":"has-post-thumbnail","6":"product_cat-okategoriserad","8":"first","9":"instock","10":"shipping-taxable","11":"purchasable","12":"product-type-simple"},"_links":{"self":[{"href":"https:\/\/nordicmart.andreevmaster.com\/sv\/wp-json\/wp\/v2\/product\/18683","targetHints":{"allow":["GET"]}}],"collection":[{"href":"https:\/\/nordicmart.andreevmaster.com\/sv\/wp-json\/wp\/v2\/product"}],"about":[{"href":"https:\/\/nordicmart.andreevmaster.com\/sv\/wp-json\/wp\/v2\/types\/product"}],"replies":[{"embeddable":true,"href":"https:\/\/nordicmart.andreevmaster.com\/sv\/wp-json\/wp\/v2\/comments?post=18683"}],"wp:featuredmedia":[{"embeddable":true,"href":"https:\/\/nordicmart.andreevmaster.com\/sv\/wp-json\/wp\/v2\/media\/45669"}],"wp:attachment":[{"href":"https:\/\/nordicmart.andreevmaster.com\/sv\/wp-json\/wp\/v2\/media?parent=18683"}],"wp:term":[{"taxonomy":"product_brand","embeddable":true,"href":"https:\/\/nordicmart.andreevmaster.com\/sv\/wp-json\/wp\/v2\/product_brand?post=18683"},{"taxonomy":"product_cat","embeddable":true,"href":"https:\/\/nordicmart.andreevmaster.com\/sv\/wp-json\/wp\/v2\/product_cat?post=18683"},{"taxonomy":"product_tag","embeddable":true,"href":"https:\/\/nordicmart.andreevmaster.com\/sv\/wp-json\/wp\/v2\/product_tag?post=18683"}],"curies":[{"name":"wp","href":"https:\/\/api.w.org\/{rel}","templated":true}]}}