{"id":18682,"date":"2026-02-27T00:41:03","date_gmt":"2026-02-27T00:41:03","guid":{"rendered":"https:\/\/nordicmart.andreevmaster.com\/product\/vasagle-hattstall-i-massivt-tra-ekfargat\/"},"modified":"2026-02-27T08:29:21","modified_gmt":"2026-02-27T08:29:21","slug":"vasagle-hattstall-i-massivt-tra-ekfargat","status":"publish","type":"product","link":"https:\/\/nordicmart.andreevmaster.com\/sv\/produkt\/vasagle-hattstall-i-massivt-tra-ekfargat\/","title":{"rendered":"VASAGLE hattst\u00e4ll i massivt tr\u00e4, ekf\u00e4rgat"},"content":{"rendered":"<p>Denna frist\u00e5ende kl\u00e4dh\u00e4ngare \u00e4r precis vad du beh\u00f6ver f\u00f6r att bli lycklig. Ett snyggt hem g\u00f6r helt enkelt lycklig. K\u00f6p denna kl\u00e4dh\u00e4ngare fr\u00e5n VASAGLE och ta det f\u00f6rsta steget mot ett lyckligare hem. Rensa bort kl\u00e4dh\u00f6garna fr\u00e5n soffan och f\u00f6rvandla din l\u00e4genhet till en plats d\u00e4r du m\u00e5r bra igen. \u00d6versikt \u00f6ver h\u00f6jdpunkterna i denna kl\u00e4dh\u00e4ngare: &#8211; Denna kl\u00e4dh\u00e4ngare st\u00f6ds av 3 ben och \u00e4r stabil och v\u00e4lter inte n\u00e4r du h\u00e4nger din jacka p\u00e5 en krok. Dessutom \u00e4r den extremt robust och h\u00e5llbar. &#8211; 11 krokar med rundade \u00e4ndar st\u00e5r till ditt f\u00f6rfogande, d\u00e4r du kan h\u00e4nga kl\u00e4der, v\u00e4skor och andra f\u00f6rem\u00e5l s\u00e5 att de \u00e4r l\u00e4ttillg\u00e4ngliga och v\u00e4lv\u00e5rdade. &#8211; Monteringen kommer inte att ge dig n\u00e5gra huvudbry: det \u00e4r barnsligt enkelt att montera denna garderob! Produktdetaljer: &#8211; F\u00e4rg: ekf\u00e4rgad &#8211; Material: gummitr\u00e4 &#8211; Storlek: 50 x 50 x 172 cm (L x B x H) &#8211; L\u00e4ngd per krok: 13 cm &#8211; Vikt: 3,4 kg &#8211; Max. statisk belastningskapacitet per krok: 5 kg &#8211; Max. statisk belastningskapacitet totalt: 15 kgLeveransomfattning: &#8211; 1 x kl\u00e4dh\u00e4ngare &#8211; 1 x instruktioner (DE, EN, FR, ES, IT)VASAGLE Anm\u00e4rkningar: &#8211; Uts\u00e4tt inte produkten f\u00f6r direkt solljus under l\u00e4ngre tid. &#8211; Den max. belastningskapaciteten i texten avser den statiska maxvikten.<\/p>\n","protected":false},"excerpt":{"rendered":"<p>VASAGLE Garderob, kl\u00e4dst\u00e4llning med 11 krokar, frist\u00e5ende garderob i tr\u00e4dform, av massivt tr\u00e4, f\u00f6r kl\u00e4der, hattar, v\u00e4skor, ekf\u00e4rgad RCR02BR<\/p>\n","protected":false},"featured_media":45668,"comment_status":"open","ping_status":"closed","template":"","meta":[],"product_brand":[],"product_cat":[33],"product_tag":[],"class_list":{"0":"post-18682","1":"product","2":"type-product","3":"status-publish","4":"has-post-thumbnail","6":"product_cat-okategoriserad","8":"first","9":"instock","10":"shipping-taxable","11":"purchasable","12":"product-type-simple"},"_links":{"self":[{"href":"https:\/\/nordicmart.andreevmaster.com\/sv\/wp-json\/wp\/v2\/product\/18682","targetHints":{"allow":["GET"]}}],"collection":[{"href":"https:\/\/nordicmart.andreevmaster.com\/sv\/wp-json\/wp\/v2\/product"}],"about":[{"href":"https:\/\/nordicmart.andreevmaster.com\/sv\/wp-json\/wp\/v2\/types\/product"}],"replies":[{"embeddable":true,"href":"https:\/\/nordicmart.andreevmaster.com\/sv\/wp-json\/wp\/v2\/comments?post=18682"}],"wp:featuredmedia":[{"embeddable":true,"href":"https:\/\/nordicmart.andreevmaster.com\/sv\/wp-json\/wp\/v2\/media\/45668"}],"wp:attachment":[{"href":"https:\/\/nordicmart.andreevmaster.com\/sv\/wp-json\/wp\/v2\/media?parent=18682"}],"wp:term":[{"taxonomy":"product_brand","embeddable":true,"href":"https:\/\/nordicmart.andreevmaster.com\/sv\/wp-json\/wp\/v2\/product_brand?post=18682"},{"taxonomy":"product_cat","embeddable":true,"href":"https:\/\/nordicmart.andreevmaster.com\/sv\/wp-json\/wp\/v2\/product_cat?post=18682"},{"taxonomy":"product_tag","embeddable":true,"href":"https:\/\/nordicmart.andreevmaster.com\/sv\/wp-json\/wp\/v2\/product_tag?post=18682"}],"curies":[{"name":"wp","href":"https:\/\/api.w.org\/{rel}","templated":true}]}}