{"id":18681,"date":"2026-02-27T00:41:03","date_gmt":"2026-02-27T00:41:03","guid":{"rendered":"https:\/\/nordicmart.andreevmaster.com\/product\/songmics-kladhangare-med-krokar\/"},"modified":"2026-02-27T08:29:21","modified_gmt":"2026-02-27T08:29:21","slug":"songmics-kladhangare-med-krokar","status":"publish","type":"product","link":"https:\/\/nordicmart.andreevmaster.com\/sv\/produkt\/songmics-kladhangare-med-krokar\/","title":{"rendered":"SONGMICS kl\u00e4dh\u00e4ngare med krokar"},"content":{"rendered":"<p>F\u00f6r mindre stress p\u00e5 morgonen: N\u00e4r du g\u00e5r till jobbet eller universitetet kan du ta dina jackor och rockar ordentligt fr\u00e5n kl\u00e4dh\u00e4ngaren. Du beh\u00f6ver inte l\u00e4ngre rota i kl\u00e4dh\u00f6gar och oroa dig f\u00f6r veck och skrynklor \u2013 l\u00e4mna huset i lugn och ro. H\u00e4ng upp kl\u00e4derna snyggt f\u00f6r en hemtrevlig atmosf\u00e4r: En platsbesparande kl\u00e4dh\u00e4ngare \u00e4r ett enkelt s\u00e4tt att skapa ordning i kl\u00e4dkaoset. Den \u00e4r tillverkad av st\u00e5l och t\u00e5l en belastning p\u00e5 upp till 30 kg \u2013 den kommer att st\u00e5 stadigt och p\u00e5litligt vid din sida i m\u00e5nga \u00e5r, h\u00e5lla dina kl\u00e4der och skapa en behaglig atmosf\u00e4r f\u00f6r dig. Produktdetaljer:- F\u00e4rg: Svart &#8211; Material: St\u00e5l &#8211; Storlek: 54 x 54 x 171,1 cm (L x B x H) &#8211; Vikt: 2,2 kg &#8211; Max. statisk belastningskapacitet per krok: 5 kg &#8211; Max. statisk belastningskapacitet totalt: 30 kg Leveransomfattning: &#8211; 1 x kl\u00e4dst\u00e4ll &#8211; 1 x instruktioner SONGICs anm\u00e4rkningar:- Av s\u00e4kerhetssk\u00e4l \u00e4r det f\u00f6rbjudet f\u00f6r barn att kl\u00e4ttra p\u00e5 eller leka med produkten. &#8211; H\u00e4ng upp f\u00f6rem\u00e5l j\u00e4mnt f\u00f6rdelat p\u00e5 stativet s\u00e5 att det inte v\u00e4lter.<\/p>\n","protected":false},"excerpt":{"rendered":"<p>SONGMICS garderob, kl\u00e4dst\u00e4ll, 6 krokar, av st\u00e5l, f\u00f6r rockar, hattar, v\u00e4skor, 54 x 54 x 171,1 cm, svart RCR029B01<\/p>\n","protected":false},"featured_media":45667,"comment_status":"open","ping_status":"closed","template":"","meta":[],"product_brand":[],"product_cat":[33],"product_tag":[],"class_list":{"0":"post-18681","1":"product","2":"type-product","3":"status-publish","4":"has-post-thumbnail","6":"product_cat-okategoriserad","8":"first","9":"instock","10":"shipping-taxable","11":"purchasable","12":"product-type-simple"},"_links":{"self":[{"href":"https:\/\/nordicmart.andreevmaster.com\/sv\/wp-json\/wp\/v2\/product\/18681","targetHints":{"allow":["GET"]}}],"collection":[{"href":"https:\/\/nordicmart.andreevmaster.com\/sv\/wp-json\/wp\/v2\/product"}],"about":[{"href":"https:\/\/nordicmart.andreevmaster.com\/sv\/wp-json\/wp\/v2\/types\/product"}],"replies":[{"embeddable":true,"href":"https:\/\/nordicmart.andreevmaster.com\/sv\/wp-json\/wp\/v2\/comments?post=18681"}],"wp:featuredmedia":[{"embeddable":true,"href":"https:\/\/nordicmart.andreevmaster.com\/sv\/wp-json\/wp\/v2\/media\/45667"}],"wp:attachment":[{"href":"https:\/\/nordicmart.andreevmaster.com\/sv\/wp-json\/wp\/v2\/media?parent=18681"}],"wp:term":[{"taxonomy":"product_brand","embeddable":true,"href":"https:\/\/nordicmart.andreevmaster.com\/sv\/wp-json\/wp\/v2\/product_brand?post=18681"},{"taxonomy":"product_cat","embeddable":true,"href":"https:\/\/nordicmart.andreevmaster.com\/sv\/wp-json\/wp\/v2\/product_cat?post=18681"},{"taxonomy":"product_tag","embeddable":true,"href":"https:\/\/nordicmart.andreevmaster.com\/sv\/wp-json\/wp\/v2\/product_tag?post=18681"}],"curies":[{"name":"wp","href":"https:\/\/api.w.org\/{rel}","templated":true}]}}