{"id":18677,"date":"2026-02-27T00:41:02","date_gmt":"2026-02-27T00:41:02","guid":{"rendered":"https:\/\/nordicmart.andreevmaster.com\/product\/vasagle-garderob-med-krokar-och-hyllor-i-massivt-tra\/"},"modified":"2026-02-27T08:29:20","modified_gmt":"2026-02-27T08:29:20","slug":"vasagle-garderob-med-krokar-och-hyllor-i-massivt-tra","status":"publish","type":"product","link":"https:\/\/nordicmart.andreevmaster.com\/sv\/produkt\/vasagle-garderob-med-krokar-och-hyllor-i-massivt-tra\/","title":{"rendered":"VASAGLE Garderob med krokar och hyllor i massivt tr\u00e4"},"content":{"rendered":"<p>VASAGLE Garderob, kl\u00e4dh\u00e4ngare med 11 krokar och 3 hyllor, 4 vridbara och avtagbara hjul, krokar och st\u00e4nger av massivt tr\u00e4, entr\u00e9, sovrum, vardagsrum, bl\u00e4ck svart RCR023B01<br \/>\nF\u00e4rg: bl\u00e4ck svart<br \/>\nMaterial: Kautschuktr\u00e4, MDF (medeldensitetsfiberplatta), st\u00e5l, plast<br \/>\nStorlek: 40 cm d, 175 cm H<br \/>\nVikt: 5,8 kg<br \/>\nMax. statisk belastningskapacitet per krok: 3 kg<br \/>\nMax. statisk belastningskapacitet per hylla: 5 kg<\/p>\n","protected":false},"excerpt":{"rendered":"<p>VASAGLE Garderob, kl\u00e4dh\u00e4ngare med 11 krokar och 3 hyllor, 4 vridbara och avtagbara hjul, krokar och st\u00e4nger av massivt tr\u00e4, entr\u00e9, sovrum, vardagsrum, bl\u00e4ck svart RCR023B01<\/p>\n","protected":false},"featured_media":45663,"comment_status":"open","ping_status":"closed","template":"","meta":[],"product_brand":[],"product_cat":[33],"product_tag":[],"class_list":{"0":"post-18677","1":"product","2":"type-product","3":"status-publish","4":"has-post-thumbnail","6":"product_cat-okategoriserad","8":"first","9":"instock","10":"shipping-taxable","11":"purchasable","12":"product-type-simple"},"_links":{"self":[{"href":"https:\/\/nordicmart.andreevmaster.com\/sv\/wp-json\/wp\/v2\/product\/18677","targetHints":{"allow":["GET"]}}],"collection":[{"href":"https:\/\/nordicmart.andreevmaster.com\/sv\/wp-json\/wp\/v2\/product"}],"about":[{"href":"https:\/\/nordicmart.andreevmaster.com\/sv\/wp-json\/wp\/v2\/types\/product"}],"replies":[{"embeddable":true,"href":"https:\/\/nordicmart.andreevmaster.com\/sv\/wp-json\/wp\/v2\/comments?post=18677"}],"wp:featuredmedia":[{"embeddable":true,"href":"https:\/\/nordicmart.andreevmaster.com\/sv\/wp-json\/wp\/v2\/media\/45663"}],"wp:attachment":[{"href":"https:\/\/nordicmart.andreevmaster.com\/sv\/wp-json\/wp\/v2\/media?parent=18677"}],"wp:term":[{"taxonomy":"product_brand","embeddable":true,"href":"https:\/\/nordicmart.andreevmaster.com\/sv\/wp-json\/wp\/v2\/product_brand?post=18677"},{"taxonomy":"product_cat","embeddable":true,"href":"https:\/\/nordicmart.andreevmaster.com\/sv\/wp-json\/wp\/v2\/product_cat?post=18677"},{"taxonomy":"product_tag","embeddable":true,"href":"https:\/\/nordicmart.andreevmaster.com\/sv\/wp-json\/wp\/v2\/product_tag?post=18677"}],"curies":[{"name":"wp","href":"https:\/\/api.w.org\/{rel}","templated":true}]}}