{"id":18676,"date":"2026-02-27T00:41:01","date_gmt":"2026-02-27T00:41:01","guid":{"rendered":"https:\/\/nordicmart.andreevmaster.com\/product\/songmics-smal-garderobstallning-vit\/"},"modified":"2026-02-27T08:29:20","modified_gmt":"2026-02-27T08:29:20","slug":"songmics-smal-garderobstallning-vit","status":"publish","type":"product","link":"https:\/\/nordicmart.andreevmaster.com\/sv\/produkt\/songmics-smal-garderobstallning-vit\/","title":{"rendered":"SONGMICS Smal garderobst\u00e4llning Vit"},"content":{"rendered":"<p>Letar du efter en kl\u00e4dh\u00e4ngare som uppfyller m\u00e5nga olika krav? Den m\u00e5ste vara l\u00e4tt att montera, platsbesparande och stabil? Denna kl\u00e4dh\u00e4ngare fr\u00e5n Songmics uppfyller alla dessa krav! Det stabila metallst\u00e4llet \u00e4r vitlackerat och har 9 krokar som ger tillr\u00e4ckligt med plats f\u00f6r dina jackor, rockar och v\u00e4skor. P\u00e5 de sm\u00e5 hyllorna i mitten kan du \u00e4ven st\u00e4lla paraplyer.\u00c4ven n\u00e4r den \u00e4r fullastad st\u00e5r stativet helt stabilt. Med Songmics garderobsstativ kommer du att ha gl\u00e4dje av ditt k\u00f6p i m\u00e5nga \u00e5r. Produktdetaljer: M\u00e5tt: 50 x 176 x 50 cm (B x H x D) Material: pulverlackerade st\u00e5lr\u00f6r + ABS-plast Nettovikt: 5,5 kg Bruttovikt: 5,9 kg F\u00f6rpackningsm\u00e5tt: 103 x 31,5 x 7 cm Leveransomfattning: 1x garderobsst\u00e4ll 1 x bruksanvisning (tyska, engelska, franska, italienska, spanska)<\/p>\n","protected":false},"excerpt":{"rendered":"<p>SONGMICS metallkl\u00e4dh\u00e4ngare 176 cm h\u00f6g vit \u2013 elegant och mycket stabil RCR01W<\/p>\n","protected":false},"featured_media":45662,"comment_status":"open","ping_status":"closed","template":"","meta":[],"product_brand":[],"product_cat":[33],"product_tag":[],"class_list":{"0":"post-18676","1":"product","2":"type-product","3":"status-publish","4":"has-post-thumbnail","6":"product_cat-okategoriserad","8":"first","9":"instock","10":"shipping-taxable","11":"purchasable","12":"product-type-simple"},"_links":{"self":[{"href":"https:\/\/nordicmart.andreevmaster.com\/sv\/wp-json\/wp\/v2\/product\/18676","targetHints":{"allow":["GET"]}}],"collection":[{"href":"https:\/\/nordicmart.andreevmaster.com\/sv\/wp-json\/wp\/v2\/product"}],"about":[{"href":"https:\/\/nordicmart.andreevmaster.com\/sv\/wp-json\/wp\/v2\/types\/product"}],"replies":[{"embeddable":true,"href":"https:\/\/nordicmart.andreevmaster.com\/sv\/wp-json\/wp\/v2\/comments?post=18676"}],"wp:featuredmedia":[{"embeddable":true,"href":"https:\/\/nordicmart.andreevmaster.com\/sv\/wp-json\/wp\/v2\/media\/45662"}],"wp:attachment":[{"href":"https:\/\/nordicmart.andreevmaster.com\/sv\/wp-json\/wp\/v2\/media?parent=18676"}],"wp:term":[{"taxonomy":"product_brand","embeddable":true,"href":"https:\/\/nordicmart.andreevmaster.com\/sv\/wp-json\/wp\/v2\/product_brand?post=18676"},{"taxonomy":"product_cat","embeddable":true,"href":"https:\/\/nordicmart.andreevmaster.com\/sv\/wp-json\/wp\/v2\/product_cat?post=18676"},{"taxonomy":"product_tag","embeddable":true,"href":"https:\/\/nordicmart.andreevmaster.com\/sv\/wp-json\/wp\/v2\/product_tag?post=18676"}],"curies":[{"name":"wp","href":"https:\/\/api.w.org\/{rel}","templated":true}]}}