{"id":18673,"date":"2026-02-27T00:41:01","date_gmt":"2026-02-27T00:41:01","guid":{"rendered":"https:\/\/nordicmart.andreevmaster.com\/product\/vasagle-kladhangare-i-tradform-med-2-hyllor-naturbeige-parlvit\/"},"modified":"2026-02-27T08:29:19","modified_gmt":"2026-02-27T08:29:19","slug":"vasagle-kladhangare-i-tradform-med-2-hyllor-naturbeige-parlvit","status":"publish","type":"product","link":"https:\/\/nordicmart.andreevmaster.com\/sv\/produkt\/vasagle-kladhangare-i-tradform-med-2-hyllor-naturbeige-parlvit\/","title":{"rendered":"VASAGLE kl\u00e4dh\u00e4ngare i tr\u00e4dform med 2 hyllor naturbeige-p\u00e4rlvit"},"content":{"rendered":"<p>VASAGLE kl\u00e4dst\u00e4llning i tr\u00e4dform, kl\u00e4dst\u00e4llning, frist\u00e5ende garderob, med 2 hyllor, f\u00f6r kl\u00e4der, hattar, v\u00e4skor, industridesign, vintagebrun-svart RCR16BX<br \/>\nF\u00e4rg: Naturbeige-p\u00e4rlvit<br \/>\nMaterial: st\u00e5l, sp\u00e5nskiva<br \/>\nStorlek: 43,5 x 50 x 181,6 cm (D x B x H)<br \/>\nVikt: 3,4 kg<br \/>\nMax. statisk belastningskapacitet per krok: 5 kg<br \/>\nMax. statisk belastningskapacitet per hylla: 10 kg<\/p>\n","protected":false},"excerpt":{"rendered":"<p>VASAGLE kl\u00e4dst\u00e4llning i tr\u00e4dform, kl\u00e4dst\u00e4llning, frist\u00e5ende garderob, med 2 hyllor, f\u00f6r kl\u00e4der, hattar, v\u00e4skor, industridesign, vintagebrun-svart RCR16BX<\/p>\n","protected":false},"featured_media":45659,"comment_status":"open","ping_status":"closed","template":"","meta":[],"product_brand":[],"product_cat":[33],"product_tag":[],"class_list":{"0":"post-18673","1":"product","2":"type-product","3":"status-publish","4":"has-post-thumbnail","6":"product_cat-okategoriserad","8":"first","9":"instock","10":"shipping-taxable","11":"purchasable","12":"product-type-simple"},"_links":{"self":[{"href":"https:\/\/nordicmart.andreevmaster.com\/sv\/wp-json\/wp\/v2\/product\/18673","targetHints":{"allow":["GET"]}}],"collection":[{"href":"https:\/\/nordicmart.andreevmaster.com\/sv\/wp-json\/wp\/v2\/product"}],"about":[{"href":"https:\/\/nordicmart.andreevmaster.com\/sv\/wp-json\/wp\/v2\/types\/product"}],"replies":[{"embeddable":true,"href":"https:\/\/nordicmart.andreevmaster.com\/sv\/wp-json\/wp\/v2\/comments?post=18673"}],"wp:featuredmedia":[{"embeddable":true,"href":"https:\/\/nordicmart.andreevmaster.com\/sv\/wp-json\/wp\/v2\/media\/45659"}],"wp:attachment":[{"href":"https:\/\/nordicmart.andreevmaster.com\/sv\/wp-json\/wp\/v2\/media?parent=18673"}],"wp:term":[{"taxonomy":"product_brand","embeddable":true,"href":"https:\/\/nordicmart.andreevmaster.com\/sv\/wp-json\/wp\/v2\/product_brand?post=18673"},{"taxonomy":"product_cat","embeddable":true,"href":"https:\/\/nordicmart.andreevmaster.com\/sv\/wp-json\/wp\/v2\/product_cat?post=18673"},{"taxonomy":"product_tag","embeddable":true,"href":"https:\/\/nordicmart.andreevmaster.com\/sv\/wp-json\/wp\/v2\/product_tag?post=18673"}],"curies":[{"name":"wp","href":"https:\/\/api.w.org\/{rel}","templated":true}]}}