{"id":18669,"date":"2026-02-27T00:40:59","date_gmt":"2026-02-27T00:40:59","guid":{"rendered":"https:\/\/nordicmart.andreevmaster.com\/product\/vasagle-garderob-med-hyllplan-i-industriell-design\/"},"modified":"2026-02-27T08:29:18","modified_gmt":"2026-02-27T08:29:18","slug":"vasagle-garderob-med-hyllplan-i-industriell-design","status":"publish","type":"product","link":"https:\/\/nordicmart.andreevmaster.com\/sv\/produkt\/vasagle-garderob-med-hyllplan-i-industriell-design\/","title":{"rendered":"VASAGLE garderob med hyllplan i industriell design"},"content":{"rendered":"<p>Produktdetaljer: &#8211; F\u00e4rg: Vintagebrun-svart &#8211; Material: Sp\u00e5nskiva, st\u00e5l &#8211; Storlek: 41 x 41 x 183,5 cm (L x B x H) &#8211; Vikt: 3,2 kg &#8211; Max. statisk belastningskapacitet per krok: 5 kg &#8211; Max. statisk belastningskapacitet f\u00f6r hyllan: 5 kg Leveransomfattning:- 1 x kl\u00e4dh\u00e4ngare &#8211; 1 x tillbeh\u00f6rspaket &#8211; 1 x bruksanvisning (DE, FR, EN, ES, IT) VASAGLE Anm\u00e4rkningar: &#8211; Av s\u00e4kerhetssk\u00e4l \u00e4r det f\u00f6rbjudet f\u00f6r barn att kl\u00e4ttra p\u00e5 eller leka med produkten. &#8211; H\u00e4ng upp f\u00f6rem\u00e5l j\u00e4mnt f\u00f6rdelat p\u00e5 stativet s\u00e5 att det inte v\u00e4lter.<\/p>\n","protected":false},"excerpt":{"rendered":"<p>VASAGLE Garderob, kl\u00e4dst\u00e4llning, med hylla och 6 krokar, f\u00f6r kl\u00e4der, v\u00e4skor, hattar, 41 x 41 x 183,5 cm, industriell design, vintagebrun-svart RCR013B01V1<\/p>\n","protected":false},"featured_media":45656,"comment_status":"open","ping_status":"closed","template":"","meta":[],"product_brand":[],"product_cat":[33],"product_tag":[],"class_list":{"0":"post-18669","1":"product","2":"type-product","3":"status-publish","4":"has-post-thumbnail","6":"product_cat-okategoriserad","8":"first","9":"instock","10":"shipping-taxable","11":"purchasable","12":"product-type-simple"},"_links":{"self":[{"href":"https:\/\/nordicmart.andreevmaster.com\/sv\/wp-json\/wp\/v2\/product\/18669","targetHints":{"allow":["GET"]}}],"collection":[{"href":"https:\/\/nordicmart.andreevmaster.com\/sv\/wp-json\/wp\/v2\/product"}],"about":[{"href":"https:\/\/nordicmart.andreevmaster.com\/sv\/wp-json\/wp\/v2\/types\/product"}],"replies":[{"embeddable":true,"href":"https:\/\/nordicmart.andreevmaster.com\/sv\/wp-json\/wp\/v2\/comments?post=18669"}],"wp:featuredmedia":[{"embeddable":true,"href":"https:\/\/nordicmart.andreevmaster.com\/sv\/wp-json\/wp\/v2\/media\/45656"}],"wp:attachment":[{"href":"https:\/\/nordicmart.andreevmaster.com\/sv\/wp-json\/wp\/v2\/media?parent=18669"}],"wp:term":[{"taxonomy":"product_brand","embeddable":true,"href":"https:\/\/nordicmart.andreevmaster.com\/sv\/wp-json\/wp\/v2\/product_brand?post=18669"},{"taxonomy":"product_cat","embeddable":true,"href":"https:\/\/nordicmart.andreevmaster.com\/sv\/wp-json\/wp\/v2\/product_cat?post=18669"},{"taxonomy":"product_tag","embeddable":true,"href":"https:\/\/nordicmart.andreevmaster.com\/sv\/wp-json\/wp\/v2\/product_tag?post=18669"}],"curies":[{"name":"wp","href":"https:\/\/api.w.org\/{rel}","templated":true}]}}