{"id":18668,"date":"2026-02-27T00:40:59","date_gmt":"2026-02-27T00:40:59","guid":{"rendered":"https:\/\/nordicmart.andreevmaster.com\/product\/kladhangare-i-industriell-design-med-hylla\/"},"modified":"2026-02-27T08:29:18","modified_gmt":"2026-02-27T08:29:18","slug":"kladhangare-i-industriell-design-med-hylla","status":"publish","type":"product","link":"https:\/\/nordicmart.andreevmaster.com\/sv\/produkt\/kladhangare-i-industriell-design-med-hylla\/","title":{"rendered":"Kl\u00e4dh\u00e4ngare i industriell design med hylla"},"content":{"rendered":"<p>Produktinformation: &#8211; F\u00e4rg: vintage brun-svart &#8211; Material: sp\u00e5nskiva, st\u00e5l &#8211; Storlek: 41 x 41 x 183,5 cm (L x B x H) &#8211; Vikt: 3,2 kg &#8211; Max. statisk belastningskapacitet per krok: 5 kg &#8211; Max. statisk belastningskapacitet p\u00e5 hylden: 5 kg Leveransomfattning:- 1 x knager\u00e6kke- 1 x tilbeh\u00f8rspakke- 1 x brugsanvisning (DE, FR, EN, ES, IT)VASAGLE Bem\u00e6rkninger:- Af sikkerhedsm\u00e6ssige \u00e5rsager m\u00e5 b\u00f8rn ikke klatre p\u00e5 eller lege med produktet. H\u00e4ng g\u00e4rna f\u00f6rem\u00e5l j\u00e4mnt f\u00f6rdelade p\u00e5 stativet f\u00f6r att f\u00f6rhindra att det v\u00e4lter.<\/p>\n","protected":false},"excerpt":{"rendered":"<p>Produktinformation: &#8211; F\u00e4rg: vintage brun-svart &#8211; Material: sp\u00e5nskiva, st\u00e5l &#8211; Storlek: 41 x 41 x 183,5 cm (L x B x H) &#8211; Vikt: 3,2 kg &#8211; Max. statisk belastningskapacitet per krok: 5 kg &#8211; Max. statisk belastningskapacitet p\u00e5 hylden: 5 kg Leveransomfattning:- 1 x knager\u00e6kke- 1 x tilbeh\u00f8rspakke- 1 x brugsanvisning (DE, FR, EN, [&hellip;]<\/p>\n","protected":false},"featured_media":0,"comment_status":"open","ping_status":"closed","template":"","meta":[],"product_brand":[],"product_cat":[33],"product_tag":[],"class_list":{"0":"post-18668","1":"product","2":"type-product","3":"status-publish","5":"product_cat-okategoriserad","7":"first","8":"instock","9":"shipping-taxable","10":"product-type-simple"},"_links":{"self":[{"href":"https:\/\/nordicmart.andreevmaster.com\/sv\/wp-json\/wp\/v2\/product\/18668","targetHints":{"allow":["GET"]}}],"collection":[{"href":"https:\/\/nordicmart.andreevmaster.com\/sv\/wp-json\/wp\/v2\/product"}],"about":[{"href":"https:\/\/nordicmart.andreevmaster.com\/sv\/wp-json\/wp\/v2\/types\/product"}],"replies":[{"embeddable":true,"href":"https:\/\/nordicmart.andreevmaster.com\/sv\/wp-json\/wp\/v2\/comments?post=18668"}],"wp:attachment":[{"href":"https:\/\/nordicmart.andreevmaster.com\/sv\/wp-json\/wp\/v2\/media?parent=18668"}],"wp:term":[{"taxonomy":"product_brand","embeddable":true,"href":"https:\/\/nordicmart.andreevmaster.com\/sv\/wp-json\/wp\/v2\/product_brand?post=18668"},{"taxonomy":"product_cat","embeddable":true,"href":"https:\/\/nordicmart.andreevmaster.com\/sv\/wp-json\/wp\/v2\/product_cat?post=18668"},{"taxonomy":"product_tag","embeddable":true,"href":"https:\/\/nordicmart.andreevmaster.com\/sv\/wp-json\/wp\/v2\/product_tag?post=18668"}],"curies":[{"name":"wp","href":"https:\/\/api.w.org\/{rel}","templated":true}]}}