{"id":18667,"date":"2026-02-27T00:40:59","date_gmt":"2026-02-27T00:40:59","guid":{"rendered":"https:\/\/nordicmart.andreevmaster.com\/product\/songmics-kladstallning-med-paraplystall-och-12-krokar-parlvit\/"},"modified":"2026-02-27T08:29:18","modified_gmt":"2026-02-27T08:29:18","slug":"songmics-kladstallning-med-paraplystall-och-12-krokar-parlvit","status":"publish","type":"product","link":"https:\/\/nordicmart.andreevmaster.com\/sv\/produkt\/songmics-kladstallning-med-paraplystall-och-12-krokar-parlvit\/","title":{"rendered":"SONGMICS kl\u00e4dst\u00e4llning med paraplyst\u00e4ll och 12 krokar p\u00e4rlvit"},"content":{"rendered":"<p>SONGMICS frist\u00e5ende kl\u00e4dst\u00e4ll, garderob med paraplyst\u00e4ll, 12 krokar, metall, 175 cm h\u00f6g, f\u00f6r hall, korridor, vardagsrum, sovrum<br \/>\nF\u00e4rg: p\u00e4rlvit<br \/>\nMaterial: metall<br \/>\nStorlek: 40 x 40 x 175 cm (D x B x H)<br \/>\nVikt: 3,7 kg<br \/>\nMax. statisk belastningskapacitet per krok: 4 kg<br \/>\nMax. statisk belastningskapacitet totalt: 15 kg<\/p>\n","protected":false},"excerpt":{"rendered":"<p>SONGMICS frist\u00e5ende kl\u00e4dst\u00e4ll, garderob med paraplyst\u00e4ll, 12 krokar, metall, 175 cm h\u00f6g, f\u00f6r hall, korridor, vardagsrum, sovrum<\/p>\n","protected":false},"featured_media":0,"comment_status":"open","ping_status":"closed","template":"","meta":[],"product_brand":[],"product_cat":[33],"product_tag":[],"class_list":{"0":"post-18667","1":"product","2":"type-product","3":"status-publish","5":"product_cat-okategoriserad","7":"first","8":"instock","9":"shipping-taxable","10":"purchasable","11":"product-type-simple"},"_links":{"self":[{"href":"https:\/\/nordicmart.andreevmaster.com\/sv\/wp-json\/wp\/v2\/product\/18667","targetHints":{"allow":["GET"]}}],"collection":[{"href":"https:\/\/nordicmart.andreevmaster.com\/sv\/wp-json\/wp\/v2\/product"}],"about":[{"href":"https:\/\/nordicmart.andreevmaster.com\/sv\/wp-json\/wp\/v2\/types\/product"}],"replies":[{"embeddable":true,"href":"https:\/\/nordicmart.andreevmaster.com\/sv\/wp-json\/wp\/v2\/comments?post=18667"}],"wp:attachment":[{"href":"https:\/\/nordicmart.andreevmaster.com\/sv\/wp-json\/wp\/v2\/media?parent=18667"}],"wp:term":[{"taxonomy":"product_brand","embeddable":true,"href":"https:\/\/nordicmart.andreevmaster.com\/sv\/wp-json\/wp\/v2\/product_brand?post=18667"},{"taxonomy":"product_cat","embeddable":true,"href":"https:\/\/nordicmart.andreevmaster.com\/sv\/wp-json\/wp\/v2\/product_cat?post=18667"},{"taxonomy":"product_tag","embeddable":true,"href":"https:\/\/nordicmart.andreevmaster.com\/sv\/wp-json\/wp\/v2\/product_tag?post=18667"}],"curies":[{"name":"wp","href":"https:\/\/api.w.org\/{rel}","templated":true}]}}