{"id":18665,"date":"2026-02-27T00:40:58","date_gmt":"2026-02-27T00:40:58","guid":{"rendered":"https:\/\/nordicmart.andreevmaster.com\/product\/vasagle-garderobstallning-vit\/"},"modified":"2026-02-27T08:29:17","modified_gmt":"2026-02-27T08:29:17","slug":"vasagle-garderobstallning-vit","status":"publish","type":"product","link":"https:\/\/nordicmart.andreevmaster.com\/sv\/produkt\/vasagle-garderobstallning-vit\/","title":{"rendered":"VASAGLE garderobst\u00e4llning vit"},"content":{"rendered":"<p>Appl\u00e5der f\u00f6r denna vardagshj\u00e4lpare Med denna garderob (30 x 30 x 175 cm) kan du f\u00f6rvara de saker du beh\u00f6ver n\u00e4r du l\u00e4mnar huset inom r\u00e4ckh\u00e5ll. Rensa bort kl\u00e4dh\u00f6gar fr\u00e5n soffan, h\u00e4ng dem snyggt p\u00e5 garderoben och f\u00f6rvandla din l\u00e4genhet till en mysig oas igen! En frisk fl\u00e4kt Med denna vita garderob ger du din hall, sovrum eller kontor en modern touch. Dina kl\u00e4der, hattar, v\u00e4skor och till och med paraplyer passar perfekt p\u00e5 krokarna. Produktdetaljer: &#8211; F\u00e4rg: Vit &#8211; Material: Kautschuktr\u00e4 (st\u00e5ng och krokar), MDF (medeldensitetsfiberplatta) (sockel) &#8211; Storlek: 30 x 30 x 175 cm (L x B x H) &#8211; Vikt: 3,9 kg &#8211; Max. total statisk belastningskapacitet: 20 kg Leveransomfattning:- 1 x garderob &#8211; 1 x instruktioner (DE, EN, FR, ES, IT) VASAGLE Anm\u00e4rkningar: &#8211; Uts\u00e4tt inte produkten f\u00f6r direkt solljus under l\u00e4ngre tid. &#8211; H\u00e4ng upp dina f\u00f6rem\u00e5l s\u00e5 att vikten f\u00f6rdelas j\u00e4mnt f\u00f6r att undvika att produkten v\u00e4lter.<\/p>\n","protected":false},"excerpt":{"rendered":"<p>VASAGLE Garderob, kl\u00e4dst\u00e4ll, massivt tr\u00e4, frist\u00e5ende, tr\u00e4dform, 8 krokar f\u00f6r jackor, hattar, v\u00e4skor, entr\u00e9, hall, krokar och st\u00e5ng av gummitr\u00e4, vit RCR010W02<\/p>\n","protected":false},"featured_media":45654,"comment_status":"open","ping_status":"closed","template":"","meta":[],"product_brand":[],"product_cat":[33],"product_tag":[],"class_list":{"0":"post-18665","1":"product","2":"type-product","3":"status-publish","4":"has-post-thumbnail","6":"product_cat-okategoriserad","8":"first","9":"instock","10":"shipping-taxable","11":"purchasable","12":"product-type-simple"},"_links":{"self":[{"href":"https:\/\/nordicmart.andreevmaster.com\/sv\/wp-json\/wp\/v2\/product\/18665","targetHints":{"allow":["GET"]}}],"collection":[{"href":"https:\/\/nordicmart.andreevmaster.com\/sv\/wp-json\/wp\/v2\/product"}],"about":[{"href":"https:\/\/nordicmart.andreevmaster.com\/sv\/wp-json\/wp\/v2\/types\/product"}],"replies":[{"embeddable":true,"href":"https:\/\/nordicmart.andreevmaster.com\/sv\/wp-json\/wp\/v2\/comments?post=18665"}],"wp:featuredmedia":[{"embeddable":true,"href":"https:\/\/nordicmart.andreevmaster.com\/sv\/wp-json\/wp\/v2\/media\/45654"}],"wp:attachment":[{"href":"https:\/\/nordicmart.andreevmaster.com\/sv\/wp-json\/wp\/v2\/media?parent=18665"}],"wp:term":[{"taxonomy":"product_brand","embeddable":true,"href":"https:\/\/nordicmart.andreevmaster.com\/sv\/wp-json\/wp\/v2\/product_brand?post=18665"},{"taxonomy":"product_cat","embeddable":true,"href":"https:\/\/nordicmart.andreevmaster.com\/sv\/wp-json\/wp\/v2\/product_cat?post=18665"},{"taxonomy":"product_tag","embeddable":true,"href":"https:\/\/nordicmart.andreevmaster.com\/sv\/wp-json\/wp\/v2\/product_tag?post=18665"}],"curies":[{"name":"wp","href":"https:\/\/api.w.org\/{rel}","templated":true}]}}