{"id":18663,"date":"2026-02-27T00:40:58","date_gmt":"2026-02-27T00:40:58","guid":{"rendered":"https:\/\/nordicmart.andreevmaster.com\/product\/vasagle-kladhangare-med-8-krokar-for-jackor-molnvit\/"},"modified":"2026-02-27T08:29:17","modified_gmt":"2026-02-27T08:29:17","slug":"vasagle-kladhangare-med-8-krokar-for-jackor-molnvit","status":"publish","type":"product","link":"https:\/\/nordicmart.andreevmaster.com\/sv\/produkt\/vasagle-kladhangare-med-8-krokar-for-jackor-molnvit\/","title":{"rendered":"VASAGLE kl\u00e4dh\u00e4ngare med 8 krokar f\u00f6r jackor, molnvit"},"content":{"rendered":"<p>VASAGLE Garderob, kl\u00e4dst\u00e4ll, massivt tr\u00e4, frist\u00e5ende, tr\u00e4dform, 8 krokar f\u00f6r jackor, hattar, v\u00e4skor, entr\u00e9, hall, krokar och st\u00e5ng av gummitr\u00e4, vit RCR010W02<br \/>\nF\u00e4rg: Naturbeige<br \/>\nMaterial: Kautschuktr\u00e4 (st\u00e5ng och krokar), MDF (medeldensitetsfiberplatta) (sockel)<br \/>\nStorlek: 30 x 30 x 175 cm (D x B x H)<br \/>\nVikt: 3,9 kg<br \/>\nMax. statisk belastningskapacitet totalt: 24 kg<\/p>\n","protected":false},"excerpt":{"rendered":"<p>VASAGLE Garderob, kl\u00e4dst\u00e4ll, massivt tr\u00e4, frist\u00e5ende, tr\u00e4dform, 8 krokar f\u00f6r jackor, hattar, v\u00e4skor, entr\u00e9, hall, krokar och st\u00e5ng av gummitr\u00e4, vit RCR010W02<\/p>\n","protected":false},"featured_media":45652,"comment_status":"open","ping_status":"closed","template":"","meta":[],"product_brand":[],"product_cat":[33],"product_tag":[],"class_list":{"0":"post-18663","1":"product","2":"type-product","3":"status-publish","4":"has-post-thumbnail","6":"product_cat-okategoriserad","8":"first","9":"instock","10":"shipping-taxable","11":"purchasable","12":"product-type-simple"},"_links":{"self":[{"href":"https:\/\/nordicmart.andreevmaster.com\/sv\/wp-json\/wp\/v2\/product\/18663","targetHints":{"allow":["GET"]}}],"collection":[{"href":"https:\/\/nordicmart.andreevmaster.com\/sv\/wp-json\/wp\/v2\/product"}],"about":[{"href":"https:\/\/nordicmart.andreevmaster.com\/sv\/wp-json\/wp\/v2\/types\/product"}],"replies":[{"embeddable":true,"href":"https:\/\/nordicmart.andreevmaster.com\/sv\/wp-json\/wp\/v2\/comments?post=18663"}],"wp:featuredmedia":[{"embeddable":true,"href":"https:\/\/nordicmart.andreevmaster.com\/sv\/wp-json\/wp\/v2\/media\/45652"}],"wp:attachment":[{"href":"https:\/\/nordicmart.andreevmaster.com\/sv\/wp-json\/wp\/v2\/media?parent=18663"}],"wp:term":[{"taxonomy":"product_brand","embeddable":true,"href":"https:\/\/nordicmart.andreevmaster.com\/sv\/wp-json\/wp\/v2\/product_brand?post=18663"},{"taxonomy":"product_cat","embeddable":true,"href":"https:\/\/nordicmart.andreevmaster.com\/sv\/wp-json\/wp\/v2\/product_cat?post=18663"},{"taxonomy":"product_tag","embeddable":true,"href":"https:\/\/nordicmart.andreevmaster.com\/sv\/wp-json\/wp\/v2\/product_tag?post=18663"}],"curies":[{"name":"wp","href":"https:\/\/api.w.org\/{rel}","templated":true}]}}