{"id":18661,"date":"2026-02-27T00:40:57","date_gmt":"2026-02-27T00:40:57","guid":{"rendered":"https:\/\/nordicmart.andreevmaster.com\/product\/vasagle-garderobstativ-i-tradform-8-krokar-molnvit\/"},"modified":"2026-02-27T08:29:16","modified_gmt":"2026-02-27T08:29:16","slug":"vasagle-garderobstativ-i-tradform-8-krokar-molnvit","status":"publish","type":"product","link":"https:\/\/nordicmart.andreevmaster.com\/sv\/produkt\/vasagle-garderobstativ-i-tradform-8-krokar-molnvit\/","title":{"rendered":"VASAGLE Garderobstativ i tr\u00e4dform 8 krokar molnvit"},"content":{"rendered":"<p>VASAGLE Garderob, kl\u00e4dst\u00e4ll, massivt tr\u00e4, frist\u00e5ende, tr\u00e4dform, 8 krokar f\u00f6r jackor, hattar, v\u00e4skor, entr\u00e9, hall, krokar och st\u00e5ng av gummitr\u00e4, vit RCR010W02<\/p>\n<p>F\u00e4rg: bl\u00e4ck svart<br \/>\nMaterial: Kautschuktr\u00e4 (st\u00e5ng och krokar), MDF (medeldensitetsfiberplatta) (sockel)<br \/>\nStorlek: 30 x 30 x 175 cm (D x B x H)<br \/>\nVikt: 3,9 kg<br \/>\nMax. total statisk belastningskapacitet: 24 kg<\/p>\n","protected":false},"excerpt":{"rendered":"<p>VASAGLE Garderob, kl\u00e4dst\u00e4ll, massivt tr\u00e4, frist\u00e5ende, tr\u00e4dform, 8 krokar f\u00f6r jackor, hattar, v\u00e4skor, entr\u00e9, hall, krokar och st\u00e5ng av gummitr\u00e4, vit RCR010W02<\/p>\n","protected":false},"featured_media":45650,"comment_status":"open","ping_status":"closed","template":"","meta":[],"product_brand":[],"product_cat":[33],"product_tag":[],"class_list":{"0":"post-18661","1":"product","2":"type-product","3":"status-publish","4":"has-post-thumbnail","6":"product_cat-okategoriserad","8":"first","9":"instock","10":"shipping-taxable","11":"purchasable","12":"product-type-simple"},"_links":{"self":[{"href":"https:\/\/nordicmart.andreevmaster.com\/sv\/wp-json\/wp\/v2\/product\/18661","targetHints":{"allow":["GET"]}}],"collection":[{"href":"https:\/\/nordicmart.andreevmaster.com\/sv\/wp-json\/wp\/v2\/product"}],"about":[{"href":"https:\/\/nordicmart.andreevmaster.com\/sv\/wp-json\/wp\/v2\/types\/product"}],"replies":[{"embeddable":true,"href":"https:\/\/nordicmart.andreevmaster.com\/sv\/wp-json\/wp\/v2\/comments?post=18661"}],"wp:featuredmedia":[{"embeddable":true,"href":"https:\/\/nordicmart.andreevmaster.com\/sv\/wp-json\/wp\/v2\/media\/45650"}],"wp:attachment":[{"href":"https:\/\/nordicmart.andreevmaster.com\/sv\/wp-json\/wp\/v2\/media?parent=18661"}],"wp:term":[{"taxonomy":"product_brand","embeddable":true,"href":"https:\/\/nordicmart.andreevmaster.com\/sv\/wp-json\/wp\/v2\/product_brand?post=18661"},{"taxonomy":"product_cat","embeddable":true,"href":"https:\/\/nordicmart.andreevmaster.com\/sv\/wp-json\/wp\/v2\/product_cat?post=18661"},{"taxonomy":"product_tag","embeddable":true,"href":"https:\/\/nordicmart.andreevmaster.com\/sv\/wp-json\/wp\/v2\/product_tag?post=18661"}],"curies":[{"name":"wp","href":"https:\/\/api.w.org\/{rel}","templated":true}]}}