{"id":18660,"date":"2026-02-27T00:40:57","date_gmt":"2026-02-27T00:40:57","guid":{"rendered":"https:\/\/nordicmart.andreevmaster.com\/product\/vasagle-kladhangare-i-tra\/"},"modified":"2026-02-27T08:29:16","modified_gmt":"2026-02-27T08:29:16","slug":"vasagle-kladhangare-i-tra","status":"publish","type":"product","link":"https:\/\/nordicmart.andreevmaster.com\/sv\/produkt\/vasagle-kladhangare-i-tra\/","title":{"rendered":"VASAGLE kl\u00e4dh\u00e4ngare i tr\u00e4"},"content":{"rendered":"<p>VASAGLE kl\u00e4dh\u00e4ngare, kl\u00e4dst\u00e4ll i massivt tr\u00e4, kl\u00e4dh\u00e4ngare i tr\u00e4dform, 7 krokar, 3 justerbara h\u00f6jder, f\u00f6r jackor, rockar, v\u00e4skor, f\u00f6r hallen, sovrummet, vit RCR07WT<br \/>\nF\u00e4rg: svart<br \/>\nMaterial: Kautschuktr\u00e4 (st\u00e5ng och krokar), MDF (medeldensitetsfiberplatta) (rund bas)<br \/>\nStorlek: 38 x 175 cm (\u00d8 x H)<br \/>\nL\u00e4ngd p\u00e5 varje krok: 12,5 cm<br \/>\nVikt: 3,3 kg<br \/>\nMax. statisk belastningskapacitet per krok: 5 kg<br \/>\nMax. statisk belastningskapacitet totalt: 20 kg<\/p>\n","protected":false},"excerpt":{"rendered":"<p>VASAGLE kl\u00e4dh\u00e4ngare, kl\u00e4dst\u00e4ll i massivt tr\u00e4, kl\u00e4dh\u00e4ngare i tr\u00e4dform, 7 krokar, 3 justerbara h\u00f6jder, f\u00f6r jackor, rockar, v\u00e4skor, f\u00f6r hallen, sovrummet, vit RCR07WT<\/p>\n","protected":false},"featured_media":0,"comment_status":"open","ping_status":"closed","template":"","meta":[],"product_brand":[],"product_cat":[33],"product_tag":[],"class_list":{"0":"post-18660","1":"product","2":"type-product","3":"status-publish","5":"product_cat-okategoriserad","7":"first","8":"instock","9":"shipping-taxable","10":"purchasable","11":"product-type-simple"},"_links":{"self":[{"href":"https:\/\/nordicmart.andreevmaster.com\/sv\/wp-json\/wp\/v2\/product\/18660","targetHints":{"allow":["GET"]}}],"collection":[{"href":"https:\/\/nordicmart.andreevmaster.com\/sv\/wp-json\/wp\/v2\/product"}],"about":[{"href":"https:\/\/nordicmart.andreevmaster.com\/sv\/wp-json\/wp\/v2\/types\/product"}],"replies":[{"embeddable":true,"href":"https:\/\/nordicmart.andreevmaster.com\/sv\/wp-json\/wp\/v2\/comments?post=18660"}],"wp:attachment":[{"href":"https:\/\/nordicmart.andreevmaster.com\/sv\/wp-json\/wp\/v2\/media?parent=18660"}],"wp:term":[{"taxonomy":"product_brand","embeddable":true,"href":"https:\/\/nordicmart.andreevmaster.com\/sv\/wp-json\/wp\/v2\/product_brand?post=18660"},{"taxonomy":"product_cat","embeddable":true,"href":"https:\/\/nordicmart.andreevmaster.com\/sv\/wp-json\/wp\/v2\/product_cat?post=18660"},{"taxonomy":"product_tag","embeddable":true,"href":"https:\/\/nordicmart.andreevmaster.com\/sv\/wp-json\/wp\/v2\/product_tag?post=18660"}],"curies":[{"name":"wp","href":"https:\/\/api.w.org\/{rel}","templated":true}]}}