{"id":18657,"date":"2026-02-27T00:40:56","date_gmt":"2026-02-27T00:40:56","guid":{"rendered":"https:\/\/nordicmart.andreevmaster.com\/product\/vasagle-kladhangare-i-tradform-av-massivt-tra\/"},"modified":"2026-02-27T08:29:16","modified_gmt":"2026-02-27T08:29:16","slug":"vasagle-kladhangare-i-tradform-av-massivt-tra","status":"publish","type":"product","link":"https:\/\/nordicmart.andreevmaster.com\/sv\/produkt\/vasagle-kladhangare-i-tradform-av-massivt-tra\/","title":{"rendered":"VASAGLE kl\u00e4dh\u00e4ngare i tr\u00e4dform av massivt tr\u00e4"},"content":{"rendered":"<p>VASAGLE kl\u00e4dst\u00e4llning, frist\u00e5ende kl\u00e4dst\u00e4llning, garderob i massivt tr\u00e4, i tr\u00e4dform, med 8 krokar, f\u00f6r kl\u00e4der, hattar, v\u00e4skor, hall, entr\u00e9, vit RCR04WT<br \/>\nF\u00e4rg: Cappuccinobeige<br \/>\nMaterial: Massivt tr\u00e4<br \/>\nStorlek: 47 x 47 x 175 cm (D x B x H)<br \/>\nL\u00e4ngd p\u00e5 enskilda krokar: 12,3 cm<br \/>\nVikt: 2,2 kg<br \/>\nMax. statisk totalbelastning: 24 kg<\/p>\n","protected":false},"excerpt":{"rendered":"<p>VASAGLE kl\u00e4dst\u00e4llning, frist\u00e5ende kl\u00e4dst\u00e4llning, garderob i massivt tr\u00e4, i tr\u00e4dform, med 8 krokar, f\u00f6r kl\u00e4der, hattar, v\u00e4skor, hall, entr\u00e9, vit RCR04WT<\/p>\n","protected":false},"featured_media":45647,"comment_status":"open","ping_status":"closed","template":"","meta":[],"product_brand":[],"product_cat":[33],"product_tag":[],"class_list":{"0":"post-18657","1":"product","2":"type-product","3":"status-publish","4":"has-post-thumbnail","6":"product_cat-okategoriserad","8":"first","9":"instock","10":"shipping-taxable","11":"purchasable","12":"product-type-simple"},"_links":{"self":[{"href":"https:\/\/nordicmart.andreevmaster.com\/sv\/wp-json\/wp\/v2\/product\/18657","targetHints":{"allow":["GET"]}}],"collection":[{"href":"https:\/\/nordicmart.andreevmaster.com\/sv\/wp-json\/wp\/v2\/product"}],"about":[{"href":"https:\/\/nordicmart.andreevmaster.com\/sv\/wp-json\/wp\/v2\/types\/product"}],"replies":[{"embeddable":true,"href":"https:\/\/nordicmart.andreevmaster.com\/sv\/wp-json\/wp\/v2\/comments?post=18657"}],"wp:featuredmedia":[{"embeddable":true,"href":"https:\/\/nordicmart.andreevmaster.com\/sv\/wp-json\/wp\/v2\/media\/45647"}],"wp:attachment":[{"href":"https:\/\/nordicmart.andreevmaster.com\/sv\/wp-json\/wp\/v2\/media?parent=18657"}],"wp:term":[{"taxonomy":"product_brand","embeddable":true,"href":"https:\/\/nordicmart.andreevmaster.com\/sv\/wp-json\/wp\/v2\/product_brand?post=18657"},{"taxonomy":"product_cat","embeddable":true,"href":"https:\/\/nordicmart.andreevmaster.com\/sv\/wp-json\/wp\/v2\/product_cat?post=18657"},{"taxonomy":"product_tag","embeddable":true,"href":"https:\/\/nordicmart.andreevmaster.com\/sv\/wp-json\/wp\/v2\/product_tag?post=18657"}],"curies":[{"name":"wp","href":"https:\/\/api.w.org\/{rel}","templated":true}]}}