{"id":18656,"date":"2026-02-27T00:40:55","date_gmt":"2026-02-27T00:40:55","guid":{"rendered":"https:\/\/nordicmart.andreevmaster.com\/product\/vasagle-kladhangare-gra\/"},"modified":"2026-02-27T08:29:15","modified_gmt":"2026-02-27T08:29:15","slug":"vasagle-kladhangare-gra","status":"publish","type":"product","link":"https:\/\/nordicmart.andreevmaster.com\/sv\/produkt\/vasagle-kladhangare-gra\/","title":{"rendered":"VASAGLE kl\u00e4dh\u00e4ngare gr\u00e5"},"content":{"rendered":"<p>Denna frist\u00e5ende kl\u00e4dh\u00e4ngare \u00e4r precis vad du beh\u00f6ver f\u00f6r att bli lycklig. Ett v\u00e4lordnat hem g\u00f6r helt enkelt lycklig. Skaffa denna garderob fr\u00e5n VASAGLE och ta det f\u00f6rsta steget mot ett lyckligare hem. Rensa bort kl\u00e4dh\u00f6garna fr\u00e5n soffan och f\u00f6rvandla din l\u00e4genhet till en plats d\u00e4r du m\u00e5r bra igen. \u00d6versikt \u00f6ver h\u00f6jdpunkterna i denna garderob: &#8211; Denna garderob st\u00f6ds av ett trebent stativ, vilket g\u00f6r den stabil och f\u00f6rhindrar att den v\u00e4lter n\u00e4r du h\u00e4nger din jacka p\u00e5 en krok. Den \u00e4r dessutom extremt robust och h\u00e5llbar. &#8211; 8 krokar med rundade \u00e4ndar d\u00e4r du kan h\u00e4nga kl\u00e4der, v\u00e4skor och andra f\u00f6rem\u00e5l s\u00e5 att de \u00e4r l\u00e4ttillg\u00e4ngliga och v\u00e4lv\u00e5rdade. &#8211; Monteringen kommer inte att ge dig n\u00e5gra huvudbry: Det \u00e4r barnsligt enkelt att montera denna garderob! Produktdetaljer: &#8211; F\u00e4rg: Gr\u00e5 &#8211; Material: Kautschuktr\u00e4 &#8211; Storlek: 47 x 47 x 175 cm (L x B x H) &#8211; L\u00e4ngd per krok: 12,3 cm &#8211; Vikt: 2,2 kg &#8211; Max. statisk belastningskapacitet per krok: 5 kg &#8211; Max. statisk belastningskapacitet totalt: 15 kg Leveransomfattning:- 1 x garderob &#8211; 1 x instruktioner (DE, EN, FR, ES, IT) VASAGLE Anm\u00e4rkningar: &#8211; Uts\u00e4tt inte produkten f\u00f6r direkt solljus under en l\u00e4ngre tid.<\/p>\n","protected":false},"excerpt":{"rendered":"<p>VASAGLE kl\u00e4dst\u00e4llning, frist\u00e5ende kl\u00e4dst\u00e4llning, garderob i massivt tr\u00e4, i tr\u00e4dform, med 8 krokar, f\u00f6r kl\u00e4der, hattar, v\u00e4skor, hall, entr\u00e9, vit RCR04WT<\/p>\n","protected":false},"featured_media":0,"comment_status":"open","ping_status":"closed","template":"","meta":[],"product_brand":[],"product_cat":[33],"product_tag":[],"class_list":{"0":"post-18656","1":"product","2":"type-product","3":"status-publish","5":"product_cat-okategoriserad","7":"first","8":"instock","9":"shipping-taxable","10":"purchasable","11":"product-type-simple"},"_links":{"self":[{"href":"https:\/\/nordicmart.andreevmaster.com\/sv\/wp-json\/wp\/v2\/product\/18656","targetHints":{"allow":["GET"]}}],"collection":[{"href":"https:\/\/nordicmart.andreevmaster.com\/sv\/wp-json\/wp\/v2\/product"}],"about":[{"href":"https:\/\/nordicmart.andreevmaster.com\/sv\/wp-json\/wp\/v2\/types\/product"}],"replies":[{"embeddable":true,"href":"https:\/\/nordicmart.andreevmaster.com\/sv\/wp-json\/wp\/v2\/comments?post=18656"}],"wp:attachment":[{"href":"https:\/\/nordicmart.andreevmaster.com\/sv\/wp-json\/wp\/v2\/media?parent=18656"}],"wp:term":[{"taxonomy":"product_brand","embeddable":true,"href":"https:\/\/nordicmart.andreevmaster.com\/sv\/wp-json\/wp\/v2\/product_brand?post=18656"},{"taxonomy":"product_cat","embeddable":true,"href":"https:\/\/nordicmart.andreevmaster.com\/sv\/wp-json\/wp\/v2\/product_cat?post=18656"},{"taxonomy":"product_tag","embeddable":true,"href":"https:\/\/nordicmart.andreevmaster.com\/sv\/wp-json\/wp\/v2\/product_tag?post=18656"}],"curies":[{"name":"wp","href":"https:\/\/api.w.org\/{rel}","templated":true}]}}